{"id":888,"date":"2020-06-17T04:47:52","date_gmt":"2020-06-17T02:47:52","guid":{"rendered":"http:\/\/www.czechcyclingfederation.com\/?page_id=888"},"modified":"2025-09-08T19:59:20","modified_gmt":"2025-09-08T17:59:20","slug":"para-cyklistika-pravidla","status":"publish","type":"page","link":"https:\/\/www.czechcyclingfederation.com\/en\/para-cyklistika-pravidla\/","title":{"rendered":"Para-cyklistika &#8211; Pravidla \/ Klasifikace"},"content":{"rendered":"\n<p>UCI Pravidla &#8211; <strong>Para-cyklistika<\/strong>: <a href=\"https:\/\/assets.ctfassets.net\/761l7gh5x5an\/2hSKKwLFWuz8ApFjJHZVWf\/7db7a81648e893e51d98351853313a41\/16-PAR-20230101-E.pdf\">ZDE<\/a><\/p>\n\n\n\n<h2 class=\"wp-block-heading\">KLASIFIKACE <\/h2>\n\n\n\n<p style=\"font-size:17px\">N\u00e1rodn\u00ed klasifikace z\u00e1vodn\u00edk\u016f bude prob\u00edhat v r\u00e1mci vybran\u00fdch kol \u010cesk\u00e9ho poh\u00e1ru v para cyklistice.<\/p>\n\n\n\n<p style=\"font-size:17px\">Pro \u00fa\u010dast na klasifikaci je pot\u0159eba nechat vyplnit l\u00e9ka\u0159em &#8220;Medical Diagnostic Form&#8221; (viz n\u00ed\u017ee ke sta\u017een\u00ed) a zajistit si l\u00e9ka\u0159skou zpr\u00e1vu aktu\u00e1ln\u00edho zdravotn\u00edho stavu z\u00e1vodn\u00edka.<\/p>\n\n\n<div class=\"wp-block-file\">\r\n                <a target=\"_blank\" rel=\"noopener\" href=\"http:\/\/www.czechcyclingfederation.com\/wp-content\/uploads\/2024\/03\/Medical-Diagnostic-Form-CZE.pdf\" class=\"wp-block-file__button wp-element-button\">\r\n                    <span class=\"wp-block-file__icon\"><\/span>\r\n                    Medical-Diagnostic-Form-CZE\r\n                <\/a>\r\n            <\/div>\n\n\n<hr class=\"wp-block-separator has-alpha-channel-opacity\"\/>\n\n\n\n<p>.<\/p>\n","protected":false},"excerpt":{"rendered":"<p>UCI Pravidla &#8211; Para-cyklistika: ZDE KLASIFIKACE N\u00e1rodn\u00ed klasifikace z\u00e1vodn\u00edk\u016f bude prob\u00edhat v r\u00e1mci vybran\u00fdch kol \u010cesk\u00e9ho poh\u00e1ru v para cyklistice. Pro \u00fa\u010dast na klasifikaci je pot\u0159eba nechat vyplnit l\u00e9ka\u0159em &#8220;Medical Diagnostic Form&#8221; (viz n\u00ed\u017ee ke sta\u017een\u00ed) a zajistit si l\u00e9ka\u0159skou zpr\u00e1vu aktu\u00e1ln\u00edho zdravotn\u00edho stavu z\u00e1vodn\u00edka. .<\/p>\n","protected":false},"author":1,"featured_media":34415,"parent":0,"menu_order":0,"comment_status":"closed","ping_status":"closed","template":"disciplina-page.php","meta":{"footnotes":""},"class_list":["post-888","page","type-page","status-publish","has-post-thumbnail","hentry"],"_links":{"self":[{"href":"https:\/\/www.czechcyclingfederation.com\/en\/wp-json\/wp\/v2\/pages\/888","targetHints":{"allow":["GET"]}}],"collection":[{"href":"https:\/\/www.czechcyclingfederation.com\/en\/wp-json\/wp\/v2\/pages"}],"about":[{"href":"https:\/\/www.czechcyclingfederation.com\/en\/wp-json\/wp\/v2\/types\/page"}],"author":[{"embeddable":true,"href":"https:\/\/www.czechcyclingfederation.com\/en\/wp-json\/wp\/v2\/users\/1"}],"replies":[{"embeddable":true,"href":"https:\/\/www.czechcyclingfederation.com\/en\/wp-json\/wp\/v2\/comments?post=888"}],"version-history":[{"count":17,"href":"https:\/\/www.czechcyclingfederation.com\/en\/wp-json\/wp\/v2\/pages\/888\/revisions"}],"predecessor-version":[{"id":37495,"href":"https:\/\/www.czechcyclingfederation.com\/en\/wp-json\/wp\/v2\/pages\/888\/revisions\/37495"}],"wp:featuredmedia":[{"embeddable":true,"href":"https:\/\/www.czechcyclingfederation.com\/en\/wp-json\/wp\/v2\/media\/34415"}],"wp:attachment":[{"href":"https:\/\/www.czechcyclingfederation.com\/en\/wp-json\/wp\/v2\/media?parent=888"}],"curies":[{"name":"wp","href":"https:\/\/api.w.org\/{rel}","templated":true}]}}