{"id":885,"date":"2020-06-17T04:42:38","date_gmt":"2020-06-17T02:42:38","guid":{"rendered":"http:\/\/www.czechcyclingfederation.com\/?page_id=885"},"modified":"2025-09-08T20:00:53","modified_gmt":"2025-09-08T18:00:53","slug":"paracyklistika-vedeni-discipliny","status":"publish","type":"page","link":"https:\/\/www.czechcyclingfederation.com\/en\/paracyklistika-vedeni-discipliny\/","title":{"rendered":"Para-cyklistika &#8211; Veden\u00ed discipl\u00edny"},"content":{"rendered":"<!-- Section: Block Content -->\r\n<div class=\"accordion\" id=\"accordionExample275\">\r\n<div class=\"card shadow-none\">\r\n\r\n<div class=\"card-header\" id=\"headingPara\">\r\n      <h5 class=\"mb-0\">\r\n         <button class=\"btn btn-link\" type=\"button\" data-toggle=\"collapse\" data-target=\"#collapsePara\"\r\n          aria-expanded=\"true\" aria-controls=\"collapsePara\">Para-cycling Commission<\/button>\r\n      <\/h5>\r\n    <\/div>\r\n\r\n <div id=\"collapsePara\" class=\"collapse\" aria-labelledby=\"headingPara\" data-parent=\"#accordionExample275\">\r\n<div class=\"card-body shadow-none\">\r\n        <div class=\"row pt-4\">\r\n                          <!-- Grid column -->\r\n\r\n <div class=\"col-lg-2 col-md-2 col-sm-2 pb-4 shadow-none\">\r\n            <div class=\"avatar text-center\"><img loading=\"lazy\" decoding=\"async\" width=\"133\" height=\"200\" src=\"https:\/\/www.czechcyclingfederation.com\/wp-content\/uploads\/2020\/06\/krakovicova-scaled.jpg\" class=\"img-max wp-post-image\" alt=\"\" title=\"Feature image\" srcset=\"https:\/\/www.czechcyclingfederation.com\/wp-content\/uploads\/2020\/06\/krakovicova-scaled.jpg 1707w, https:\/\/www.czechcyclingfederation.com\/wp-content\/uploads\/2020\/06\/krakovicova-133x200.jpg 133w, https:\/\/www.czechcyclingfederation.com\/wp-content\/uploads\/2020\/06\/krakovicova-683x1024.jpg 683w, https:\/\/www.czechcyclingfederation.com\/wp-content\/uploads\/2020\/06\/krakovicova-768x1152.jpg 768w, https:\/\/www.czechcyclingfederation.com\/wp-content\/uploads\/2020\/06\/krakovicova-1024x1536.jpg 1024w, https:\/\/www.czechcyclingfederation.com\/wp-content\/uploads\/2020\/06\/krakovicova-1365x2048.jpg 1365w, https:\/\/www.czechcyclingfederation.com\/wp-content\/uploads\/2020\/06\/krakovicova-1320x1980.jpg 1320w\" sizes=\"auto, (max-width: 133px) 100vw, 133px\" \/><\/div>\r\n            <div class=\"text-center mt-2\">\r\n              <h6 class=\"font-weight-bold pt-2 mb-0\">Jaroslava Krakovi\u010dov\u00e1<\/h6>\r\n            <p class=\"text-muted mb-0\"><small>Commission Chairman<\/small><\/p>\r\n              <p class=\"text-muted mb-0\" style=\"font-size: 10px;\">krakovicova@ceskysvazcyklistiky.cz<\/p>\r\n              <p class=\"text-muted mb-0\">+420 602 666 457<\/p>\r\n            <\/div>\r\n          <\/div>      \t\r\n\t<\/div>\r\n\r\n<div class=\"row pt-4\">\r\n                          <!-- Grid column -->\r\n\r\n <div class=\"col-lg-2 col-md-2 col-sm-2 pb-4 shadow-none\">\r\n            <div class=\"avatar text-center\"><img loading=\"lazy\" decoding=\"async\" width=\"170\" height=\"200\" src=\"https:\/\/www.czechcyclingfederation.com\/wp-content\/uploads\/2021\/09\/2-5-scaled-e1729109194473.jpg\" class=\"img-max wp-post-image\" alt=\"\" title=\"Feature image\" \/><\/div>\r\n            <div class=\"text-center mt-2\">\r\n              <h6 class=\"font-weight-bold pt-2 mb-0\">Vojt\u011bch Pavl\u00edk<\/h6>\r\n            <p class=\"text-muted mb-0\"><small>committee member<\/small><\/p>\r\n              <p class=\"text-muted mb-0\" style=\"font-size: 10px;\">vojtech.pavlik@caths.cz<\/p>\r\n              <p class=\"text-muted mb-0\"><\/p>\r\n            <\/div>\r\n          <\/div>        <!-- Grid column -->\r\n\r\n <div class=\"col-lg-2 col-md-2 col-sm-2 pb-4 shadow-none\">\r\n            <div class=\"avatar text-center\"><img loading=\"lazy\" decoding=\"async\" width=\"133\" height=\"200\" src=\"https:\/\/www.czechcyclingfederation.com\/wp-content\/uploads\/2022\/02\/BrychtaJan_CSC_Praha_vedeni_20250611_115743_D4C_0238-scaled.jpg\" class=\"img-max wp-post-image\" alt=\"\" title=\"Feature image\" srcset=\"https:\/\/www.czechcyclingfederation.com\/wp-content\/uploads\/2022\/02\/BrychtaJan_CSC_Praha_vedeni_20250611_115743_D4C_0238-scaled.jpg 1704w, https:\/\/www.czechcyclingfederation.com\/wp-content\/uploads\/2022\/02\/BrychtaJan_CSC_Praha_vedeni_20250611_115743_D4C_0238-133x200.jpg 133w, https:\/\/www.czechcyclingfederation.com\/wp-content\/uploads\/2022\/02\/BrychtaJan_CSC_Praha_vedeni_20250611_115743_D4C_0238-682x1024.jpg 682w, https:\/\/www.czechcyclingfederation.com\/wp-content\/uploads\/2022\/02\/BrychtaJan_CSC_Praha_vedeni_20250611_115743_D4C_0238-768x1154.jpg 768w, https:\/\/www.czechcyclingfederation.com\/wp-content\/uploads\/2022\/02\/BrychtaJan_CSC_Praha_vedeni_20250611_115743_D4C_0238-1022x1536.jpg 1022w, https:\/\/www.czechcyclingfederation.com\/wp-content\/uploads\/2022\/02\/BrychtaJan_CSC_Praha_vedeni_20250611_115743_D4C_0238-1363x2048.jpg 1363w, https:\/\/www.czechcyclingfederation.com\/wp-content\/uploads\/2022\/02\/BrychtaJan_CSC_Praha_vedeni_20250611_115743_D4C_0238-1320x1983.jpg 1320w\" sizes=\"auto, (max-width: 133px) 100vw, 133px\" \/><\/div>\r\n            <div class=\"text-center mt-2\">\r\n              <h6 class=\"font-weight-bold pt-2 mb-0\">Luk\u00e1\u0161 Petr<\/h6>\r\n            <p class=\"text-muted mb-0\"><small>commission member<\/small><\/p>\r\n              <p class=\"text-muted mb-0\" style=\"font-size: 10px;\"><\/p>\r\n              <p class=\"text-muted mb-0\"><\/p>\r\n            <\/div>\r\n          <\/div>        <!-- Grid column -->\r\n\r\n <div class=\"col-lg-2 col-md-2 col-sm-2 pb-4 shadow-none\">\r\n            <div class=\"avatar text-center\"><img loading=\"lazy\" decoding=\"async\" width=\"133\" height=\"200\" src=\"https:\/\/www.czechcyclingfederation.com\/wp-content\/uploads\/2020\/06\/jezek-scaled.jpg\" class=\"img-max wp-post-image\" alt=\"\" title=\"Feature image\" srcset=\"https:\/\/www.czechcyclingfederation.com\/wp-content\/uploads\/2020\/06\/jezek-scaled.jpg 1707w, https:\/\/www.czechcyclingfederation.com\/wp-content\/uploads\/2020\/06\/jezek-133x200.jpg 133w, https:\/\/www.czechcyclingfederation.com\/wp-content\/uploads\/2020\/06\/jezek-683x1024.jpg 683w, https:\/\/www.czechcyclingfederation.com\/wp-content\/uploads\/2020\/06\/jezek-768x1152.jpg 768w, https:\/\/www.czechcyclingfederation.com\/wp-content\/uploads\/2020\/06\/jezek-1024x1536.jpg 1024w, https:\/\/www.czechcyclingfederation.com\/wp-content\/uploads\/2020\/06\/jezek-1365x2048.jpg 1365w, https:\/\/www.czechcyclingfederation.com\/wp-content\/uploads\/2020\/06\/jezek-1320x1980.jpg 1320w\" sizes=\"auto, (max-width: 133px) 100vw, 133px\" \/><\/div>\r\n            <div class=\"text-center mt-2\">\r\n              <h6 class=\"font-weight-bold pt-2 mb-0\">Ji\u0159\u00ed Je\u017eek<\/h6>\r\n            <p class=\"text-muted mb-0\"><small>\u010dlen komise<\/small><\/p>\r\n              <p class=\"text-muted mb-0\" style=\"font-size: 10px;\">jirijezek74@gmail.com<\/p>\r\n              <p class=\"text-muted mb-0\"><\/p>\r\n            <\/div>\r\n          <\/div>        <!-- Grid column -->\r\n\r\n <div class=\"col-lg-2 col-md-2 col-sm-2 pb-4 shadow-none\">\r\n            <div class=\"avatar text-center\"><img loading=\"lazy\" decoding=\"async\" width=\"133\" height=\"200\" src=\"https:\/\/www.czechcyclingfederation.com\/wp-content\/uploads\/2024\/10\/blank-avatar-e1729107556692.jpg\" class=\"img-max wp-post-image\" alt=\"\" title=\"Feature image\" srcset=\"https:\/\/www.czechcyclingfederation.com\/wp-content\/uploads\/2024\/10\/blank-avatar-e1729107556692.jpg 682w, https:\/\/www.czechcyclingfederation.com\/wp-content\/uploads\/2024\/10\/blank-avatar-e1729107556692-133x200.jpg 133w\" sizes=\"auto, (max-width: 133px) 100vw, 133px\" \/><\/div>\r\n            <div class=\"text-center mt-2\">\r\n              <h6 class=\"font-weight-bold pt-2 mb-0\">Zden\u011bk Mlyn\u00e1\u0159<\/h6>\r\n            <p class=\"text-muted mb-0\"><small>\u010dlen komise<\/small><\/p>\r\n              <p class=\"text-muted mb-0\" style=\"font-size: 10px;\">mlyny76@centrum.cz<\/p>\r\n              <p class=\"text-muted mb-0\"><\/p>\r\n            <\/div>\r\n          <\/div>        <!-- Grid column -->\r\n\r\n <div class=\"col-lg-2 col-md-2 col-sm-2 pb-4 shadow-none\">\r\n            <div class=\"avatar text-center\"><img loading=\"lazy\" decoding=\"async\" width=\"133\" height=\"200\" src=\"https:\/\/www.czechcyclingfederation.com\/wp-content\/uploads\/2021\/09\/jandova-scaled.jpg\" class=\"img-max wp-post-image\" alt=\"\" title=\"Feature image\" srcset=\"https:\/\/www.czechcyclingfederation.com\/wp-content\/uploads\/2021\/09\/jandova-scaled.jpg 1707w, https:\/\/www.czechcyclingfederation.com\/wp-content\/uploads\/2021\/09\/jandova-133x200.jpg 133w, https:\/\/www.czechcyclingfederation.com\/wp-content\/uploads\/2021\/09\/jandova-683x1024.jpg 683w, https:\/\/www.czechcyclingfederation.com\/wp-content\/uploads\/2021\/09\/jandova-768x1152.jpg 768w, https:\/\/www.czechcyclingfederation.com\/wp-content\/uploads\/2021\/09\/jandova-1024x1536.jpg 1024w, https:\/\/www.czechcyclingfederation.com\/wp-content\/uploads\/2021\/09\/jandova-1365x2048.jpg 1365w, https:\/\/www.czechcyclingfederation.com\/wp-content\/uploads\/2021\/09\/jandova-1320x1980.jpg 1320w\" sizes=\"auto, (max-width: 133px) 100vw, 133px\" \/><\/div>\r\n            <div class=\"text-center mt-2\">\r\n              <h6 class=\"font-weight-bold pt-2 mb-0\">Mark\u00e9ta Jandov\u00e1<\/h6>\r\n            <p class=\"text-muted mb-0\"><small>\u010clen komise \/ STK, rozhod\u010d\u00ed<\/small><\/p>\r\n              <p class=\"text-muted mb-0\" style=\"font-size: 10px;\">marketajandovka@seznam.cz<\/p>\r\n              <p class=\"text-muted mb-0\"><\/p>\r\n            <\/div>\r\n          <\/div>      \t\r\n\t<\/div>\r\n\t<\/div>\r\n\t<\/div>\r\n\t<\/div>\r\n\t<\/div>\n","protected":false},"excerpt":{"rendered":"","protected":false},"author":1,"featured_media":34415,"parent":0,"menu_order":0,"comment_status":"closed","ping_status":"closed","template":"disciplina-page.php","meta":{"footnotes":""},"class_list":["post-885","page","type-page","status-publish","has-post-thumbnail","hentry"],"_links":{"self":[{"href":"https:\/\/www.czechcyclingfederation.com\/en\/wp-json\/wp\/v2\/pages\/885","targetHints":{"allow":["GET"]}}],"collection":[{"href":"https:\/\/www.czechcyclingfederation.com\/en\/wp-json\/wp\/v2\/pages"}],"about":[{"href":"https:\/\/www.czechcyclingfederation.com\/en\/wp-json\/wp\/v2\/types\/page"}],"author":[{"embeddable":true,"href":"https:\/\/www.czechcyclingfederation.com\/en\/wp-json\/wp\/v2\/users\/1"}],"replies":[{"embeddable":true,"href":"https:\/\/www.czechcyclingfederation.com\/en\/wp-json\/wp\/v2\/comments?post=885"}],"version-history":[{"count":1,"href":"https:\/\/www.czechcyclingfederation.com\/en\/wp-json\/wp\/v2\/pages\/885\/revisions"}],"predecessor-version":[{"id":886,"href":"https:\/\/www.czechcyclingfederation.com\/en\/wp-json\/wp\/v2\/pages\/885\/revisions\/886"}],"wp:featuredmedia":[{"embeddable":true,"href":"https:\/\/www.czechcyclingfederation.com\/en\/wp-json\/wp\/v2\/media\/34415"}],"wp:attachment":[{"href":"https:\/\/www.czechcyclingfederation.com\/en\/wp-json\/wp\/v2\/media?parent=885"}],"curies":[{"name":"wp","href":"https:\/\/api.w.org\/{rel}","templated":true}]}}