{"id":881,"date":"2020-06-17T04:34:43","date_gmt":"2020-06-17T02:34:43","guid":{"rendered":"http:\/\/www.czechcyclingfederation.com\/?page_id=881"},"modified":"2025-09-08T20:08:29","modified_gmt":"2025-09-08T18:08:29","slug":"salovka-vedeni-discipliny","status":"publish","type":"page","link":"https:\/\/www.czechcyclingfederation.com\/en\/salovka-vedeni-discipliny\/","title":{"rendered":"S\u00e1lovka &#8211; Veden\u00ed discipl\u00edny"},"content":{"rendered":"<!-- Section: Block Content -->\r\n<div class=\"accordion\" id=\"accordionExample275\">\r\n<div class=\"card shadow-none\">\r\n\r\n<div class=\"card-header\" id=\"headingSal\">\r\n      <h5 class=\"mb-0\">\r\n         <button class=\"btn btn-link\" type=\"button\" data-toggle=\"collapse\" data-target=\"#collapseSal\"\r\n          aria-expanded=\"true\" aria-controls=\"collapseSal\">Indoor cycling Commission<\/button>\r\n      <\/h5>\r\n    <\/div>\r\n\r\n <div id=\"collapseSal\" class=\"collapse\" aria-labelledby=\"headingSal\" data-parent=\"#accordionExample275\">\r\n<div class=\"card-body shadow-none\">\r\n        <div class=\"row pt-4\">\r\n                          <!-- Grid column -->\r\n\r\n <div class=\"col-lg-2 col-md-2 col-sm-2 pb-4 shadow-none\">\r\n            <div class=\"avatar text-center\"><img loading=\"lazy\" decoding=\"async\" width=\"133\" height=\"200\" src=\"https:\/\/www.czechcyclingfederation.com\/wp-content\/uploads\/2020\/06\/petrovsky-scaled.jpg\" class=\"img-max wp-post-image\" alt=\"\" title=\"Feature image\" srcset=\"https:\/\/www.czechcyclingfederation.com\/wp-content\/uploads\/2020\/06\/petrovsky-scaled.jpg 1707w, https:\/\/www.czechcyclingfederation.com\/wp-content\/uploads\/2020\/06\/petrovsky-133x200.jpg 133w, https:\/\/www.czechcyclingfederation.com\/wp-content\/uploads\/2020\/06\/petrovsky-683x1024.jpg 683w, https:\/\/www.czechcyclingfederation.com\/wp-content\/uploads\/2020\/06\/petrovsky-768x1152.jpg 768w, https:\/\/www.czechcyclingfederation.com\/wp-content\/uploads\/2020\/06\/petrovsky-1024x1536.jpg 1024w, https:\/\/www.czechcyclingfederation.com\/wp-content\/uploads\/2020\/06\/petrovsky-1365x2048.jpg 1365w, https:\/\/www.czechcyclingfederation.com\/wp-content\/uploads\/2020\/06\/petrovsky-1320x1980.jpg 1320w\" sizes=\"auto, (max-width: 133px) 100vw, 133px\" \/><\/div>\r\n            <div class=\"text-center mt-2\">\r\n              <h6 class=\"font-weight-bold pt-2 mb-0\">Pavel Petrovsk\u00fd<\/h6>\r\n            <p class=\"text-muted mb-0\"><small>Commission Chairman<\/small><\/p>\r\n              <p class=\"text-muted mb-0\" style=\"font-size: 10px;\">ppetrovsky@seznam.cz<\/p>\r\n              <p class=\"text-muted mb-0\"><\/p>\r\n            <\/div>\r\n          <\/div>      \t\r\n\t<\/div>\r\n\r\n<div class=\"row pt-4\">\r\n                          <!-- Grid column -->\r\n\r\n <div class=\"col-lg-2 col-md-2 col-sm-2 pb-4 shadow-none\">\r\n            <div class=\"avatar text-center\"><img loading=\"lazy\" decoding=\"async\" width=\"133\" height=\"200\" src=\"https:\/\/www.czechcyclingfederation.com\/wp-content\/uploads\/2025\/06\/BrychtaJan_CSC_Praha_vedeni_20250611_145335_D4C_0282-scaled.jpg\" class=\"img-max wp-post-image\" alt=\"\" title=\"Feature image\" srcset=\"https:\/\/www.czechcyclingfederation.com\/wp-content\/uploads\/2025\/06\/BrychtaJan_CSC_Praha_vedeni_20250611_145335_D4C_0282-scaled.jpg 1704w, https:\/\/www.czechcyclingfederation.com\/wp-content\/uploads\/2025\/06\/BrychtaJan_CSC_Praha_vedeni_20250611_145335_D4C_0282-133x200.jpg 133w, https:\/\/www.czechcyclingfederation.com\/wp-content\/uploads\/2025\/06\/BrychtaJan_CSC_Praha_vedeni_20250611_145335_D4C_0282-682x1024.jpg 682w, https:\/\/www.czechcyclingfederation.com\/wp-content\/uploads\/2025\/06\/BrychtaJan_CSC_Praha_vedeni_20250611_145335_D4C_0282-768x1154.jpg 768w, https:\/\/www.czechcyclingfederation.com\/wp-content\/uploads\/2025\/06\/BrychtaJan_CSC_Praha_vedeni_20250611_145335_D4C_0282-1022x1536.jpg 1022w, https:\/\/www.czechcyclingfederation.com\/wp-content\/uploads\/2025\/06\/BrychtaJan_CSC_Praha_vedeni_20250611_145335_D4C_0282-1363x2048.jpg 1363w, https:\/\/www.czechcyclingfederation.com\/wp-content\/uploads\/2025\/06\/BrychtaJan_CSC_Praha_vedeni_20250611_145335_D4C_0282-1320x1983.jpg 1320w\" sizes=\"auto, (max-width: 133px) 100vw, 133px\" \/><\/div>\r\n            <div class=\"text-center mt-2\">\r\n              <h6 class=\"font-weight-bold pt-2 mb-0\">Kl\u00e1ra Glajcov\u00e1<\/h6>\r\n            <p class=\"text-muted mb-0\"><small>\u010dlenka komise<\/small><\/p>\r\n              <p class=\"text-muted mb-0\" style=\"font-size: 10px;\">klara.glajcova@gmail.com<\/p>\r\n              <p class=\"text-muted mb-0\"><\/p>\r\n            <\/div>\r\n          <\/div>        <!-- Grid column -->\r\n\r\n <div class=\"col-lg-2 col-md-2 col-sm-2 pb-4 shadow-none\">\r\n            <div class=\"avatar text-center\"><img loading=\"lazy\" decoding=\"async\" width=\"133\" height=\"200\" src=\"https:\/\/www.czechcyclingfederation.com\/wp-content\/uploads\/2020\/06\/BrychtaJan_CSC_Praha_vedeni_20250611_144818_D4C_0268-scaled.jpg\" class=\"img-max wp-post-image\" alt=\"\" title=\"Feature image\" srcset=\"https:\/\/www.czechcyclingfederation.com\/wp-content\/uploads\/2020\/06\/BrychtaJan_CSC_Praha_vedeni_20250611_144818_D4C_0268-scaled.jpg 1704w, https:\/\/www.czechcyclingfederation.com\/wp-content\/uploads\/2020\/06\/BrychtaJan_CSC_Praha_vedeni_20250611_144818_D4C_0268-133x200.jpg 133w, https:\/\/www.czechcyclingfederation.com\/wp-content\/uploads\/2020\/06\/BrychtaJan_CSC_Praha_vedeni_20250611_144818_D4C_0268-682x1024.jpg 682w, https:\/\/www.czechcyclingfederation.com\/wp-content\/uploads\/2020\/06\/BrychtaJan_CSC_Praha_vedeni_20250611_144818_D4C_0268-768x1154.jpg 768w, https:\/\/www.czechcyclingfederation.com\/wp-content\/uploads\/2020\/06\/BrychtaJan_CSC_Praha_vedeni_20250611_144818_D4C_0268-1022x1536.jpg 1022w, https:\/\/www.czechcyclingfederation.com\/wp-content\/uploads\/2020\/06\/BrychtaJan_CSC_Praha_vedeni_20250611_144818_D4C_0268-1363x2048.jpg 1363w, https:\/\/www.czechcyclingfederation.com\/wp-content\/uploads\/2020\/06\/BrychtaJan_CSC_Praha_vedeni_20250611_144818_D4C_0268-1320x1983.jpg 1320w\" sizes=\"auto, (max-width: 133px) 100vw, 133px\" \/><\/div>\r\n            <div class=\"text-center mt-2\">\r\n              <h6 class=\"font-weight-bold pt-2 mb-0\">Jind\u0159ich Mud\u0159\u00edk<\/h6>\r\n            <p class=\"text-muted mb-0\"><small>\u010dlen komise<\/small><\/p>\r\n              <p class=\"text-muted mb-0\" style=\"font-size: 10px;\">j.mudrik@seznam.cz<\/p>\r\n              <p class=\"text-muted mb-0\"><\/p>\r\n            <\/div>\r\n          <\/div>        <!-- Grid column -->\r\n\r\n <div class=\"col-lg-2 col-md-2 col-sm-2 pb-4 shadow-none\">\r\n            <div class=\"avatar text-center\"><img loading=\"lazy\" decoding=\"async\" width=\"133\" height=\"200\" src=\"https:\/\/www.czechcyclingfederation.com\/wp-content\/uploads\/2020\/06\/rasa-scaled.jpg\" class=\"img-max wp-post-image\" alt=\"\" title=\"Feature image\" srcset=\"https:\/\/www.czechcyclingfederation.com\/wp-content\/uploads\/2020\/06\/rasa-scaled.jpg 1707w, https:\/\/www.czechcyclingfederation.com\/wp-content\/uploads\/2020\/06\/rasa-133x200.jpg 133w, https:\/\/www.czechcyclingfederation.com\/wp-content\/uploads\/2020\/06\/rasa-683x1024.jpg 683w, https:\/\/www.czechcyclingfederation.com\/wp-content\/uploads\/2020\/06\/rasa-768x1152.jpg 768w, https:\/\/www.czechcyclingfederation.com\/wp-content\/uploads\/2020\/06\/rasa-1024x1536.jpg 1024w, https:\/\/www.czechcyclingfederation.com\/wp-content\/uploads\/2020\/06\/rasa-1365x2048.jpg 1365w, https:\/\/www.czechcyclingfederation.com\/wp-content\/uploads\/2020\/06\/rasa-1320x1980.jpg 1320w\" sizes=\"auto, (max-width: 133px) 100vw, 133px\" \/><\/div>\r\n            <div class=\"text-center mt-2\">\r\n              <h6 class=\"font-weight-bold pt-2 mb-0\">Jan \u0158asa<\/h6>\r\n            <p class=\"text-muted mb-0\"><small>\u010dlen komise - STK a rozhod\u010d\u00ed<\/small><\/p>\r\n              <p class=\"text-muted mb-0\" style=\"font-size: 10px;\">jan.rasa@centrum.cz<\/p>\r\n              <p class=\"text-muted mb-0\"><\/p>\r\n            <\/div>\r\n          <\/div>        <!-- Grid column -->\r\n\r\n <div class=\"col-lg-2 col-md-2 col-sm-2 pb-4 shadow-none\">\r\n            <div class=\"avatar text-center\"><img loading=\"lazy\" decoding=\"async\" width=\"133\" height=\"200\" src=\"https:\/\/www.czechcyclingfederation.com\/wp-content\/uploads\/2020\/06\/BrychtaJan_CSC_Praha_vedeni_20250611_144905_D4C_0275-scaled.jpg\" class=\"img-max wp-post-image\" alt=\"\" title=\"Feature image\" srcset=\"https:\/\/www.czechcyclingfederation.com\/wp-content\/uploads\/2020\/06\/BrychtaJan_CSC_Praha_vedeni_20250611_144905_D4C_0275-scaled.jpg 1704w, https:\/\/www.czechcyclingfederation.com\/wp-content\/uploads\/2020\/06\/BrychtaJan_CSC_Praha_vedeni_20250611_144905_D4C_0275-133x200.jpg 133w, https:\/\/www.czechcyclingfederation.com\/wp-content\/uploads\/2020\/06\/BrychtaJan_CSC_Praha_vedeni_20250611_144905_D4C_0275-682x1024.jpg 682w, https:\/\/www.czechcyclingfederation.com\/wp-content\/uploads\/2020\/06\/BrychtaJan_CSC_Praha_vedeni_20250611_144905_D4C_0275-768x1154.jpg 768w, https:\/\/www.czechcyclingfederation.com\/wp-content\/uploads\/2020\/06\/BrychtaJan_CSC_Praha_vedeni_20250611_144905_D4C_0275-1022x1536.jpg 1022w, https:\/\/www.czechcyclingfederation.com\/wp-content\/uploads\/2020\/06\/BrychtaJan_CSC_Praha_vedeni_20250611_144905_D4C_0275-1363x2048.jpg 1363w, https:\/\/www.czechcyclingfederation.com\/wp-content\/uploads\/2020\/06\/BrychtaJan_CSC_Praha_vedeni_20250611_144905_D4C_0275-1320x1983.jpg 1320w\" sizes=\"auto, (max-width: 133px) 100vw, 133px\" \/><\/div>\r\n            <div class=\"text-center mt-2\">\r\n              <h6 class=\"font-weight-bold pt-2 mb-0\">Miloslav Urbanec<\/h6>\r\n            <p class=\"text-muted mb-0\"><small>\u010dlen komise<\/small><\/p>\r\n              <p class=\"text-muted mb-0\" style=\"font-size: 10px;\">Urbanec.Milos@seznam.cz<\/p>\r\n              <p class=\"text-muted mb-0\"><\/p>\r\n            <\/div>\r\n          <\/div>        <!-- Grid column -->\r\n\r\n <div class=\"col-lg-2 col-md-2 col-sm-2 pb-4 shadow-none\">\r\n            <div class=\"avatar text-center\"><img loading=\"lazy\" decoding=\"async\" width=\"133\" height=\"200\" src=\"https:\/\/www.czechcyclingfederation.com\/wp-content\/uploads\/2020\/06\/Vild-Josef-vild.pepino@gmail.com_-e1729109107801.jpg\" class=\"img-max wp-post-image\" alt=\"\" title=\"Feature image\" srcset=\"https:\/\/www.czechcyclingfederation.com\/wp-content\/uploads\/2020\/06\/Vild-Josef-vild.pepino@gmail.com_-e1729109107801.jpg 298w, https:\/\/www.czechcyclingfederation.com\/wp-content\/uploads\/2020\/06\/Vild-Josef-vild.pepino@gmail.com_-e1729109107801-133x200.jpg 133w\" sizes=\"auto, (max-width: 133px) 100vw, 133px\" \/><\/div>\r\n            <div class=\"text-center mt-2\">\r\n              <h6 class=\"font-weight-bold pt-2 mb-0\">Josef Vild<\/h6>\r\n            <p class=\"text-muted mb-0\"><small>\u010dlen komise - STK kolov\u00e1<\/small><\/p>\r\n              <p class=\"text-muted mb-0\" style=\"font-size: 10px;\">Vild.Pepino@gmail.com<\/p>\r\n              <p class=\"text-muted mb-0\"><\/p>\r\n            <\/div>\r\n          <\/div>      \t\r\n\t<\/div>\r\n\t<\/div>\r\n\t<\/div>\r\n\t<\/div>\r\n\t<\/div>\n\n\n\n<p><\/p>\n","protected":false},"excerpt":{"rendered":"","protected":false},"author":1,"featured_media":34417,"parent":0,"menu_order":0,"comment_status":"closed","ping_status":"closed","template":"disciplina-page.php","meta":{"footnotes":""},"class_list":["post-881","page","type-page","status-publish","has-post-thumbnail","hentry"],"_links":{"self":[{"href":"https:\/\/www.czechcyclingfederation.com\/en\/wp-json\/wp\/v2\/pages\/881","targetHints":{"allow":["GET"]}}],"collection":[{"href":"https:\/\/www.czechcyclingfederation.com\/en\/wp-json\/wp\/v2\/pages"}],"about":[{"href":"https:\/\/www.czechcyclingfederation.com\/en\/wp-json\/wp\/v2\/types\/page"}],"author":[{"embeddable":true,"href":"https:\/\/www.czechcyclingfederation.com\/en\/wp-json\/wp\/v2\/users\/1"}],"replies":[{"embeddable":true,"href":"https:\/\/www.czechcyclingfederation.com\/en\/wp-json\/wp\/v2\/comments?post=881"}],"version-history":[{"count":1,"href":"https:\/\/www.czechcyclingfederation.com\/en\/wp-json\/wp\/v2\/pages\/881\/revisions"}],"predecessor-version":[{"id":882,"href":"https:\/\/www.czechcyclingfederation.com\/en\/wp-json\/wp\/v2\/pages\/881\/revisions\/882"}],"wp:featuredmedia":[{"embeddable":true,"href":"https:\/\/www.czechcyclingfederation.com\/en\/wp-json\/wp\/v2\/media\/34417"}],"wp:attachment":[{"href":"https:\/\/www.czechcyclingfederation.com\/en\/wp-json\/wp\/v2\/media?parent=881"}],"curies":[{"name":"wp","href":"https:\/\/api.w.org\/{rel}","templated":true}]}}