{"id":875,"date":"2020-06-17T04:31:18","date_gmt":"2020-06-17T02:31:18","guid":{"rendered":"http:\/\/www.czechcyclingfederation.com\/?page_id=875"},"modified":"2026-03-31T14:03:22","modified_gmt":"2026-03-31T12:03:22","slug":"salovka-pravidla","status":"publish","type":"page","link":"https:\/\/www.czechcyclingfederation.com\/en\/salovka-pravidla\/","title":{"rendered":"S\u00e1lovka &#8211; Pravidla"},"content":{"rendered":"\n<p><strong>Pravidla ke sta\u017een\u00ed<\/strong><\/p>\n\n\n<div class=\"wp-block-file\">\r\n                <a target=\"_blank\" rel=\"noopener\" href=\"https:\/\/www.czechcyclingfederation.com\/wp-content\/uploads\/2021\/12\/Pravidla-kolove-od-1.1.2021_CZcislovani-EN.pdf\" class=\"wp-block-file__button wp-element-button\">\r\n                    <span class=\"wp-block-file__icon\"><\/span>\r\n                    Pravidla Kolov\u00e9 1.1.2021\r\n                <\/a>\r\n            <\/div>\n\n<div class=\"wp-block-file\">\r\n                <a target=\"_blank\" rel=\"noopener\" href=\"http:\/\/www.czechcyclingfederation.com\/wp-content\/uploads\/2026\/03\/pravidla-01.02.2026_bez-sledovani-zmen.doc\" class=\"wp-block-file__button wp-element-button\">\r\n                    <span class=\"wp-block-file__icon\"><\/span>\r\n                    Pravidla Krasoj\u00edzdy 1.2.2026\r\n                <\/a>\r\n            <\/div>\n\n<div class=\"wp-block-file\">\r\n                <a target=\"_blank\" rel=\"noopener\" href=\"https:\/\/www.czechcyclingfederation.com\/wp-content\/uploads\/2026\/03\/2026_Sportovne-technicke-smernice-KOLOVA_31.12.2025.docx\" class=\"wp-block-file__button wp-element-button\">\r\n                    <span class=\"wp-block-file__icon\"><\/span>\r\n                    Sportovn\u011b technick\u00e9 sm\u011brnice KOLOV\u00c1 2026\r\n                <\/a>\r\n            <\/div>\n\n<div class=\"wp-block-file\">\r\n                <a target=\"_blank\" rel=\"noopener\" href=\"https:\/\/www.czechcyclingfederation.com\/wp-content\/uploads\/2025\/10\/2025-STK_kolova-Nominacni-kriteria-a-postupove-klice-2025.pdf\" class=\"wp-block-file__button wp-element-button\">\r\n                    <span class=\"wp-block-file__icon\"><\/span>\r\n                    Kolov\u00e1 &#8211; Nomina\u010dn\u00ed krit\u00e9ria a postupov\u00e9 kl\u00ed\u010de 2025\r\n                <\/a>\r\n            <\/div>\n\n<div class=\"wp-block-file\">\r\n                <a target=\"_blank\" rel=\"noopener\" href=\"https:\/\/www.czechcyclingfederation.com\/wp-content\/uploads\/2026\/03\/STS-KRASOJIZDA-2026.pdf\" class=\"wp-block-file__button wp-element-button\">\r\n                    <span class=\"wp-block-file__icon\"><\/span>\r\n                    Sportovn\u011b technick\u00e9 sm\u011brnice KRASOJ\u00cdZDA 2026\r\n                <\/a>\r\n            <\/div>\n\n\n<figure class=\"wp-block-gallery has-nested-images columns-default is-cropped wp-block-gallery-1 is-layout-flex wp-block-gallery-is-layout-flex\"><\/figure>\n\n\n\n<p><\/p>\n\n\n\n<p>UCI Pravidla &#8211; <strong>S\u00e1lov\u00e1 cyklistika: <\/strong><a href=\"https:\/\/assets.ctfassets.net\/761l7gh5x5an\/55VFXACpW6aLaBlkubh0tw\/d512f46cd75e362d6538c90dede5a11c\/PART_8_E_-_As_of_01.01.2023.pdf\">ZDE<\/a><\/p>\n","protected":false},"excerpt":{"rendered":"<p>Pravidla ke sta\u017een\u00ed UCI Pravidla &#8211; S\u00e1lov\u00e1 cyklistika: ZDE<\/p>\n","protected":false},"author":1,"featured_media":34440,"parent":0,"menu_order":0,"comment_status":"closed","ping_status":"closed","template":"disciplina-page.php","meta":{"footnotes":""},"class_list":["post-875","page","type-page","status-publish","has-post-thumbnail","hentry"],"_links":{"self":[{"href":"https:\/\/www.czechcyclingfederation.com\/en\/wp-json\/wp\/v2\/pages\/875","targetHints":{"allow":["GET"]}}],"collection":[{"href":"https:\/\/www.czechcyclingfederation.com\/en\/wp-json\/wp\/v2\/pages"}],"about":[{"href":"https:\/\/www.czechcyclingfederation.com\/en\/wp-json\/wp\/v2\/types\/page"}],"author":[{"embeddable":true,"href":"https:\/\/www.czechcyclingfederation.com\/en\/wp-json\/wp\/v2\/users\/1"}],"replies":[{"embeddable":true,"href":"https:\/\/www.czechcyclingfederation.com\/en\/wp-json\/wp\/v2\/comments?post=875"}],"version-history":[{"count":24,"href":"https:\/\/www.czechcyclingfederation.com\/en\/wp-json\/wp\/v2\/pages\/875\/revisions"}],"predecessor-version":[{"id":40491,"href":"https:\/\/www.czechcyclingfederation.com\/en\/wp-json\/wp\/v2\/pages\/875\/revisions\/40491"}],"wp:featuredmedia":[{"embeddable":true,"href":"https:\/\/www.czechcyclingfederation.com\/en\/wp-json\/wp\/v2\/media\/34440"}],"wp:attachment":[{"href":"https:\/\/www.czechcyclingfederation.com\/en\/wp-json\/wp\/v2\/media?parent=875"}],"curies":[{"name":"wp","href":"https:\/\/api.w.org\/{rel}","templated":true}]}}