{"id":872,"date":"2020-06-17T04:29:06","date_gmt":"2020-06-17T02:29:06","guid":{"rendered":"http:\/\/www.czechcyclingfederation.com\/?page_id=872"},"modified":"2025-09-08T20:05:15","modified_gmt":"2025-09-08T18:05:15","slug":"salovka-o-discipline","status":"publish","type":"page","link":"https:\/\/www.czechcyclingfederation.com\/en\/salovka-o-discipline\/","title":{"rendered":"S\u00e1lovka &#8211; O discipl\u00edn\u011b"},"content":{"rendered":"\n<h2 class=\"wp-block-heading\"><strong>S\u00c1LOV\u00c1 CYKLISTIKA<\/strong><\/h2>\n\n\n\n<p>S\u00e1lov\u00e1 cyklistika zastupuje dv\u011b discipl\u00edny &#8211; kolovou a krasoj\u00edzdu. Kolov\u00e1 je m\u00ed\u010dov\u00e1 hra, p\u0159i n\u00ed\u017e se dvou\u010dlenn\u00e1 dru\u017estva sna\u017e\u00ed dopravit m\u00ed\u010d \u00fadery kolem do branky soupe\u0159e. Krasoj\u00edzda je j\u00edzda na kole spojen\u00e1 s prov\u00e1d\u011bn\u00edm akrobatick\u00fdch prvk\u016f. Mistrovstv\u00ed sv\u011bta prob\u00edh\u00e1 spole\u010dn\u011b pro ob\u011b discipl\u00edny a mistrovstv\u00ed sv\u011bta se v \u010ceskoslovensku a \u010cesk\u00e9 republice uskute\u010dnilo v letech 1948 a 1965 v Praze, v roce 1970 hostila mistrovstv\u00ed sv\u011bta Ostrava, d\u00e1le v&nbsp;roce 1977 Brno.&nbsp; Brno bylo d\u011bji\u0161t\u011bm mistrovstv\u00ed sv\u011bta je\u0161t\u011b dvakr\u00e1t, a to v&nbsp;letech 1991 a 2014.<\/p>\n\n\n\n<h2 class=\"wp-block-heading\"><strong>KOLOV\u00c1<\/strong><\/h2>\n\n\n\n<p>Kolov\u00e1 je sport podobn\u00fd s\u00e1lov\u00e9mu fotbalu, jen hr\u00e1\u010di po h\u0159i\u0161ti o rozm\u011brech 14 x 11 m jezd\u00ed na kolech. V ka\u017ed\u00e9mu t\u00fdmu hraj\u00ed dva hr\u00e1\u010di, kte\u0159\u00ed kontroluj\u00ed pohyb m\u00ed\u010de po h\u0159i\u0161ti na upraven\u00fdch kolech bez brzd s pevn\u00fdm p\u0159evodem (tzv. furt\u0161lap). Hr\u00e1\u010di se mohou m\u00ed\u010de p\u0159i h\u0159e dotknout mimo kola pouze hlavou, brank\u00e1\u0159 v brankovi\u0161ti m\u016f\u017ee zakro\u010dit jakkoli. Fauly jsou penalizov\u00e1ny ud\u011blov\u00e1n\u00edm voln\u00fdch \u00fader\u016f. M\u00ed\u010d na kolovou je pota\u017een l\u00e1tkou a napln\u011bn srn\u010d\u00edmi chlupy.&nbsp;Z\u00e1pas v&nbsp;kategorii dosp\u011bl\u00fdch se skl\u00e1d\u00e1 ze dvou polo\u010das\u016f 2 x 7 minut. Obvykle se hraje turnajov\u00fdm zp\u016fsobem b\u011bhem jednoho dne \u2013 7-8 z\u00e1pas\u016f. Poprv\u00e9 byla tato hra p\u0159edstavena roku 1899 p\u0159i sportovn\u00edch slavnostech v&nbsp;Hamburku. Za bezprost\u0159edn\u00ed p\u0159edch\u016fdce kolov\u00e9 je pova\u017eov\u00e1no irsk\u00e9 p\u00f3lo (inspirovan\u00e9 p\u00f3lem na koni).<\/p>\n\n\n\n<p>Pravideln\u00e9 m\u011b\u0159en\u00ed sil mezi n\u00e1rodn\u00edmi t\u00fdmy se za\u010dalo na mistrovstv\u00ed Evropy v&nbsp;kolov\u00e9. Pot\u00e9 jej nahradilo mistrovstv\u00ed sv\u011bta, kter\u00e9 se poprv\u00e9 konalo v roce 1930 a po\u0159adatelem bylo n\u011bmeck\u00e9 Lipsko.&nbsp;<\/p>\n\n\n\n<p>Kolov\u00e1 je popul\u00e1rn\u00ed v\u00a0Rakousku,\u00a0\u0160v\u00fdcarsku,\u00a0N\u011bmecku,\u00a0\u010cesku,\u00a0Francii,\u00a0Belgii. Tyto zem\u011b hraj\u00ed mistrovstv\u00ed sv\u011bta skupiny A. D\u00e1le se hraje na mezin\u00e1rodn\u00ed \u00farovni v\u00a0Japonsku,\u00a0Malajsii,\u00a0Hongkongu,\u00a0Kanad\u011b,\u00a0Arm\u00e9nii,\u00a0Lichten\u0161tejnsku\u00a0a\u00a0Ma\u010farsku. Od roku 2002 se pravideln\u011b konaj\u00ed z\u00e1vody SP v\u00a0kolov\u00e9 a v roce 2015 se uskute\u010dnilo prvn\u00ed novodob\u00e9 ME v\u00a0kolov\u00e9, kter\u00e9 nahradilo sout\u011b\u017e Evropsk\u00e9ho poh\u00e1ru.<\/p>\n\n\n\n<h2 class=\"wp-block-heading\"><strong>KRASOJ\u00cdZDA<\/strong><\/h2>\n\n\n\n<p>Krasoj\u00edzda je sportovn\u00ed discipl\u00edna srovnateln\u00e1 s krasobruslen\u00edm a s akrobatickou gymnastikou. Sout\u011b\u017e\u00edc\u00ed (jednotlivci, dvojice, \u010dtve\u0159ice) prezentuj\u00ed 5 minutovou j\u00edzdu zahrnuj\u00edc\u00ed 30 cvik\u016f s hudebn\u00edm doprovodem. Porota ud\u011bluje body za kvalitu proveden\u00ed.&nbsp;<\/p>\n\n\n\n<p>Za zakladatele krasoj\u00edzdy je pova\u017eov\u00e1n Nicolas Kaufmann, p\u016fvodem \u0160v\u00fdcar \u017eij\u00edc\u00ed v&nbsp;Americe. Ten p\u011bstoval krasoj\u00edzdu (i kolovou) na vysok\u00fdch kolech u\u017e na konci 19. stolet\u00ed. D\u00edky propaga\u010dn\u00ed cest\u011b do Evropy, kterou podnikl spole\u010dn\u011b se sv\u00fdmi krajany McAnnym a Canarym, se tato cyklistick\u00e1 discipl\u00edna roz\u0161\u00ed\u0159ila i na dal\u0161\u00ed kontinent. Zejm\u00e9na v&nbsp;N\u011bmecku, \u0160v\u00fdcarsku, ale i v&nbsp;\u010cech\u00e1ch (budouc\u00edch velmoc\u00edch v&nbsp;krasoj\u00edzd\u011b) zaznamenal nov\u00fd sport velk\u00fd z\u00e1jem.<\/p>\n\n\n\n<p>V roce 1921 se o tuto discipl\u00ednu za\u010d\u00edn\u00e1 zaj\u00edmat mezin\u00e1rodn\u00ed cyklistick\u00e1 federace a od roku 1928 dokonce toto mistrovstv\u00ed organizuje. Teprve od tohoto roku maj\u00ed krasojezdci ofici\u00e1ln\u00ed mistrovstv\u00ed Evropy. Prvn\u00ed ofici\u00e1ln\u00ed mistrovstv\u00ed sv\u011bta v krasoj\u00edzd\u011b se uskute\u010dnilo roku 1956 v Kodani. Na\u0161\u00ed nej\u00fasp\u011b\u0161n\u011bj\u0161\u00ed z\u00e1vodnic\u00ed je p\u011btin\u00e1sobn\u00e1 mistryn\u011b sv\u011bta Anna Matou\u0161kov\u00e1, kter\u00e1 dr\u017e\u00ed kuriozn\u00ed rekord, mistryn\u00ed se poprv\u00e9 stala a\u017e ve sv\u00fdch 35 letech v roce 1974.<\/p>\n","protected":false},"excerpt":{"rendered":"<p>S\u00c1LOV\u00c1 CYKLISTIKA S\u00e1lov\u00e1 cyklistika zastupuje dv\u011b discipl\u00edny &#8211; kolovou a krasoj\u00edzdu. Kolov\u00e1 je m\u00ed\u010dov\u00e1 hra, p\u0159i n\u00ed\u017e se dvou\u010dlenn\u00e1 dru\u017estva sna\u017e\u00ed dopravit m\u00ed\u010d \u00fadery kolem do branky soupe\u0159e. Krasoj\u00edzda je j\u00edzda na kole spojen\u00e1 s prov\u00e1d\u011bn\u00edm akrobatick\u00fdch prvk\u016f. Mistrovstv\u00ed sv\u011bta prob\u00edh\u00e1 spole\u010dn\u011b pro ob\u011b discipl\u00edny a mistrovstv\u00ed sv\u011bta se v \u010ceskoslovensku a \u010cesk\u00e9 republice uskute\u010dnilo [&hellip;]<\/p>\n","protected":false},"author":1,"featured_media":34417,"parent":0,"menu_order":0,"comment_status":"closed","ping_status":"closed","template":"disciplina-page.php","meta":{"footnotes":""},"class_list":["post-872","page","type-page","status-publish","has-post-thumbnail","hentry"],"_links":{"self":[{"href":"https:\/\/www.czechcyclingfederation.com\/en\/wp-json\/wp\/v2\/pages\/872","targetHints":{"allow":["GET"]}}],"collection":[{"href":"https:\/\/www.czechcyclingfederation.com\/en\/wp-json\/wp\/v2\/pages"}],"about":[{"href":"https:\/\/www.czechcyclingfederation.com\/en\/wp-json\/wp\/v2\/types\/page"}],"author":[{"embeddable":true,"href":"https:\/\/www.czechcyclingfederation.com\/en\/wp-json\/wp\/v2\/users\/1"}],"replies":[{"embeddable":true,"href":"https:\/\/www.czechcyclingfederation.com\/en\/wp-json\/wp\/v2\/comments?post=872"}],"version-history":[{"count":2,"href":"https:\/\/www.czechcyclingfederation.com\/en\/wp-json\/wp\/v2\/pages\/872\/revisions"}],"predecessor-version":[{"id":37497,"href":"https:\/\/www.czechcyclingfederation.com\/en\/wp-json\/wp\/v2\/pages\/872\/revisions\/37497"}],"wp:featuredmedia":[{"embeddable":true,"href":"https:\/\/www.czechcyclingfederation.com\/en\/wp-json\/wp\/v2\/media\/34417"}],"wp:attachment":[{"href":"https:\/\/www.czechcyclingfederation.com\/en\/wp-json\/wp\/v2\/media?parent=872"}],"curies":[{"name":"wp","href":"https:\/\/api.w.org\/{rel}","templated":true}]}}