{"id":816,"date":"2020-06-15T05:48:12","date_gmt":"2020-06-15T03:48:12","guid":{"rendered":"http:\/\/www.czechcyclingfederation.com\/?page_id=816"},"modified":"2025-09-08T19:56:07","modified_gmt":"2025-09-08T17:56:07","slug":"paracyklistika-2","status":"publish","type":"page","link":"https:\/\/www.czechcyclingfederation.com\/en\/paracyklistika-2\/","title":{"rendered":"Para-cyklistika &#8211; O discipl\u00edn\u011b"},"content":{"rendered":"\n<p>Para-cyklistika je sport p\u0159izp\u016fsoben\u00fd pro cyklisty s&nbsp;r\u016fzn\u00fdm posti\u017een\u00edm.&nbsp;<\/p>\n\n\n\n<p>Klasifikace jezdc\u016f se d\u011bl\u00ed na&nbsp;<strong>\u010dty\u0159i z\u00e1kladn\u00ed t\u0159\u00eddy handicapu<\/strong>&nbsp;\u2013 nevidom\u00ed a zrakov\u011b posti\u017een\u00ed (B), sportovci s mozkovou obrnou (T), sportovci s&nbsp;amputac\u00ed nebo jin\u00fdm pohybov\u00fdm posti\u017een\u00edm (C) a sportovci s&nbsp;posti\u017een\u00edm p\u00e1te\u0159e nebo doln\u00edch kon\u010detin (H) a tyto \u010dty\u0159i z\u00e1kladn\u00ed t\u0159\u00eddy jsou pak d\u011bleny na&nbsp;<strong>celkem 14 klasifika\u010dn\u00edch t\u0159\u00edd<\/strong>&nbsp;dle m\u00edry handicapu pro mu\u017ee a \u017eeny ve v\u0161ech v\u011bkov\u00fdch kategorii definovan\u00fdch UCI (mezin\u00e1rodn\u00ed cyklistick\u00e1 federace). Jezdci jsou za\u0159azeni do p\u0159\u00edslu\u0161n\u00e9 kategorie podle sv\u00e9 funk\u010dn\u00ed schopnosti.&nbsp;<\/p>\n\n\n\n<p><strong>Para-cyklistika je rozd\u011blena do dvou discipl\u00edn &#8211; silni\u010dn\u00ed a dr\u00e1hov\u00e1.<\/strong><strong><\/strong><\/p>\n\n\n\n<h2 class=\"wp-block-heading\">SILNICE (ROAD)<\/h2>\n\n\n\n<p>\u2022 Silni\u010dn\u00ed z\u00e1vod (mu\u017ei a \u017eeny)<\/p>\n\n\n\n<p>\u2022 Individu\u00e1ln\u00ed \u010dasovka (mu\u017ei a \u017eeny)<\/p>\n\n\n\n<p>\u2022 Handcycling \u0161tafeta t\u00fdm\u016f (mu\u017ei a \u017eeny, p\u00e1r)<\/p>\n\n\n\n<h2 class=\"wp-block-heading\">DR\u00c1HA (TRACK)<\/h2>\n\n\n\n<p>\u2022 Tandemov\u00fd sprint (mu\u017ei a \u017eeny)<\/p>\n\n\n\n<p>\u2022 T\u00fdmov\u00fd sprint (mu\u017ei a \u017eeny, p\u00e1r)<\/p>\n\n\n\n<p>\u2022 500 m \u010dasovka (mu\u017ei a \u017eeny) nebo 1km \u010dasovka (mu\u017ei a \u017eeny)<\/p>\n\n\n\n<p>\u2022 St\u00edhac\u00ed z\u00e1vod (mu\u017ei a \u017eeny)<\/p>\n\n\n\n<p>\u2022 Scratch (mu\u017ei a \u017eeny)<\/p>\n\n\n\n<p>Hlavn\u00edmi sout\u011b\u017eemi jsou mistrovstv\u00ed sv\u011bta (od roku 1994), paralympijsk\u00e9 hry a sv\u011btov\u00e9 poh\u00e1ry (od roku 2010).<\/p>\n\n\n\n<p>Sport je \u0159\u00edzen Mezin\u00e1rodn\u00ed cyklistickou uni\u00ed (UCI) od 7.\u00fanora 2007.<\/p>\n","protected":false},"excerpt":{"rendered":"<p>Para-cyklistika je sport p\u0159izp\u016fsoben\u00fd pro cyklisty s&nbsp;r\u016fzn\u00fdm posti\u017een\u00edm.&nbsp; Klasifikace jezdc\u016f se d\u011bl\u00ed na&nbsp;\u010dty\u0159i z\u00e1kladn\u00ed t\u0159\u00eddy handicapu&nbsp;\u2013 nevidom\u00ed a zrakov\u011b posti\u017een\u00ed (B), sportovci s mozkovou obrnou (T), sportovci s&nbsp;amputac\u00ed nebo jin\u00fdm pohybov\u00fdm posti\u017een\u00edm (C) a sportovci s&nbsp;posti\u017een\u00edm p\u00e1te\u0159e nebo doln\u00edch kon\u010detin (H) a tyto \u010dty\u0159i z\u00e1kladn\u00ed t\u0159\u00eddy jsou pak d\u011bleny na&nbsp;celkem 14 klasifika\u010dn\u00edch t\u0159\u00edd&nbsp;dle m\u00edry handicapu [&hellip;]<\/p>\n","protected":false},"author":1,"featured_media":34415,"parent":0,"menu_order":0,"comment_status":"closed","ping_status":"closed","template":"disciplina-page.php","meta":{"footnotes":""},"class_list":["post-816","page","type-page","status-publish","has-post-thumbnail","hentry"],"_links":{"self":[{"href":"https:\/\/www.czechcyclingfederation.com\/en\/wp-json\/wp\/v2\/pages\/816","targetHints":{"allow":["GET"]}}],"collection":[{"href":"https:\/\/www.czechcyclingfederation.com\/en\/wp-json\/wp\/v2\/pages"}],"about":[{"href":"https:\/\/www.czechcyclingfederation.com\/en\/wp-json\/wp\/v2\/types\/page"}],"author":[{"embeddable":true,"href":"https:\/\/www.czechcyclingfederation.com\/en\/wp-json\/wp\/v2\/users\/1"}],"replies":[{"embeddable":true,"href":"https:\/\/www.czechcyclingfederation.com\/en\/wp-json\/wp\/v2\/comments?post=816"}],"version-history":[{"count":2,"href":"https:\/\/www.czechcyclingfederation.com\/en\/wp-json\/wp\/v2\/pages\/816\/revisions"}],"predecessor-version":[{"id":818,"href":"https:\/\/www.czechcyclingfederation.com\/en\/wp-json\/wp\/v2\/pages\/816\/revisions\/818"}],"wp:featuredmedia":[{"embeddable":true,"href":"https:\/\/www.czechcyclingfederation.com\/en\/wp-json\/wp\/v2\/media\/34415"}],"wp:attachment":[{"href":"https:\/\/www.czechcyclingfederation.com\/en\/wp-json\/wp\/v2\/media?parent=816"}],"curies":[{"name":"wp","href":"https:\/\/api.w.org\/{rel}","templated":true}]}}