{"id":799,"date":"2020-06-15T05:20:38","date_gmt":"2020-06-15T03:20:38","guid":{"rendered":"http:\/\/www.czechcyclingfederation.com\/?page_id=799"},"modified":"2025-09-08T19:47:30","modified_gmt":"2025-09-08T17:47:30","slug":"draha-vedeni-discipliny","status":"publish","type":"page","link":"https:\/\/www.czechcyclingfederation.com\/en\/draha-vedeni-discipliny\/","title":{"rendered":"Dr\u00e1ha &#8211; Veden\u00ed discipl\u00edny"},"content":{"rendered":"<!-- Section: Block Content -->\r\n<div class=\"accordion\" id=\"accordionExample275\">\r\n<div class=\"card shadow-none\">\r\n\r\n<div class=\"card-header\" id=\"headingDraha\">\r\n      <h5 class=\"mb-0\">\r\n         <button class=\"btn btn-link\" type=\"button\" data-toggle=\"collapse\" data-target=\"#collapseDraha\"\r\n          aria-expanded=\"true\" aria-controls=\"collapseDraha\">Track Commission<\/button>\r\n      <\/h5>\r\n    <\/div>\r\n\t\r\n\t\r\n\t\r\n\r\n <div id=\"collapseDraha\" class=\"collapse\" aria-labelledby=\"headingDraha\" data-parent=\"#accordionExample275\">\r\n<div class=\"card-body shadow-none\">\r\n        <div class=\"row pt-4\">\r\n                          <!-- Grid column -->\r\n\r\n <div class=\"col-lg-2 col-md-2 col-sm-2 pb-4 shadow-none\">\r\n            <div class=\"avatar text-center\"><img loading=\"lazy\" decoding=\"async\" width=\"133\" height=\"200\" src=\"https:\/\/www.czechcyclingfederation.com\/wp-content\/uploads\/2020\/06\/BrychtaJan_CSC_Praha_vedeni_20250611_110956_D4C_0201-scaled.jpg\" class=\"img-max wp-post-image\" alt=\"\" title=\"Feature image\" srcset=\"https:\/\/www.czechcyclingfederation.com\/wp-content\/uploads\/2020\/06\/BrychtaJan_CSC_Praha_vedeni_20250611_110956_D4C_0201-scaled.jpg 1704w, https:\/\/www.czechcyclingfederation.com\/wp-content\/uploads\/2020\/06\/BrychtaJan_CSC_Praha_vedeni_20250611_110956_D4C_0201-133x200.jpg 133w, https:\/\/www.czechcyclingfederation.com\/wp-content\/uploads\/2020\/06\/BrychtaJan_CSC_Praha_vedeni_20250611_110956_D4C_0201-681x1024.jpg 681w, https:\/\/www.czechcyclingfederation.com\/wp-content\/uploads\/2020\/06\/BrychtaJan_CSC_Praha_vedeni_20250611_110956_D4C_0201-768x1154.jpg 768w, https:\/\/www.czechcyclingfederation.com\/wp-content\/uploads\/2020\/06\/BrychtaJan_CSC_Praha_vedeni_20250611_110956_D4C_0201-1022x1536.jpg 1022w, https:\/\/www.czechcyclingfederation.com\/wp-content\/uploads\/2020\/06\/BrychtaJan_CSC_Praha_vedeni_20250611_110956_D4C_0201-1363x2048.jpg 1363w, https:\/\/www.czechcyclingfederation.com\/wp-content\/uploads\/2020\/06\/BrychtaJan_CSC_Praha_vedeni_20250611_110956_D4C_0201-1320x1984.jpg 1320w\" sizes=\"auto, (max-width: 133px) 100vw, 133px\" \/><\/div>\r\n            <div class=\"text-center mt-2\">\r\n              <h6 class=\"font-weight-bold pt-2 mb-0\">Michal Mr\u00e1\u010dek<\/h6>\r\n            <p class=\"text-muted mb-0\"><small>Commission Chairman<\/small><\/p>\r\n              <p class=\"text-muted mb-0\" style=\"font-size: 10px;\">mracek@ceskysvazcyklistiky.cz<\/p>\r\n              <p class=\"text-muted mb-0\"><\/p>\r\n            <\/div>\r\n          <\/div>      \t\r\n\t<\/div>\r\n\r\n<div class=\"row pt-4\">\r\n                          <!-- Grid column -->\r\n\r\n <div class=\"col-lg-2 col-md-2 col-sm-2 pb-4 shadow-none\">\r\n            <div class=\"avatar text-center\"><img loading=\"lazy\" decoding=\"async\" width=\"133\" height=\"200\" src=\"https:\/\/www.czechcyclingfederation.com\/wp-content\/uploads\/2024\/10\/blank-avatar-e1729107556692.jpg\" class=\"img-max wp-post-image\" alt=\"\" title=\"Feature image\" srcset=\"https:\/\/www.czechcyclingfederation.com\/wp-content\/uploads\/2024\/10\/blank-avatar-e1729107556692.jpg 682w, https:\/\/www.czechcyclingfederation.com\/wp-content\/uploads\/2024\/10\/blank-avatar-e1729107556692-133x200.jpg 133w\" sizes=\"auto, (max-width: 133px) 100vw, 133px\" \/><\/div>\r\n            <div class=\"text-center mt-2\">\r\n              <h6 class=\"font-weight-bold pt-2 mb-0\">Jaroslava Mixov\u00e1<\/h6>\r\n            <p class=\"text-muted mb-0\"><small>\u010dlenka komise pro ml\u00e1de\u017e<\/small><\/p>\r\n              <p class=\"text-muted mb-0\" style=\"font-size: 10px;\">JaroslavaMixova@seznam.cz<\/p>\r\n              <p class=\"text-muted mb-0\"><\/p>\r\n            <\/div>\r\n          <\/div>        <!-- Grid column -->\r\n\r\n <div class=\"col-lg-2 col-md-2 col-sm-2 pb-4 shadow-none\">\r\n            <div class=\"avatar text-center\"><img loading=\"lazy\" decoding=\"async\" width=\"133\" height=\"200\" src=\"https:\/\/www.czechcyclingfederation.com\/wp-content\/uploads\/2024\/10\/blank-avatar-e1729107556692.jpg\" class=\"img-max wp-post-image\" alt=\"\" title=\"Feature image\" srcset=\"https:\/\/www.czechcyclingfederation.com\/wp-content\/uploads\/2024\/10\/blank-avatar-e1729107556692.jpg 682w, https:\/\/www.czechcyclingfederation.com\/wp-content\/uploads\/2024\/10\/blank-avatar-e1729107556692-133x200.jpg 133w\" sizes=\"auto, (max-width: 133px) 100vw, 133px\" \/><\/div>\r\n            <div class=\"text-center mt-2\">\r\n              <h6 class=\"font-weight-bold pt-2 mb-0\">V\u00e1clav Nov\u00e1k<\/h6>\r\n            <p class=\"text-muted mb-0\"><small>\u010dlen komise<\/small><\/p>\r\n              <p class=\"text-muted mb-0\" style=\"font-size: 10px;\">novak-vaclav@volny.cz<\/p>\r\n              <p class=\"text-muted mb-0\"><\/p>\r\n            <\/div>\r\n          <\/div>        <!-- Grid column -->\r\n\r\n <div class=\"col-lg-2 col-md-2 col-sm-2 pb-4 shadow-none\">\r\n            <div class=\"avatar text-center\"><img loading=\"lazy\" decoding=\"async\" width=\"133\" height=\"200\" src=\"https:\/\/www.czechcyclingfederation.com\/wp-content\/uploads\/2020\/06\/kadlec-scaled.jpg\" class=\"img-max wp-post-image\" alt=\"\" title=\"Feature image\" srcset=\"https:\/\/www.czechcyclingfederation.com\/wp-content\/uploads\/2020\/06\/kadlec-scaled.jpg 1707w, https:\/\/www.czechcyclingfederation.com\/wp-content\/uploads\/2020\/06\/kadlec-133x200.jpg 133w, https:\/\/www.czechcyclingfederation.com\/wp-content\/uploads\/2020\/06\/kadlec-683x1024.jpg 683w, https:\/\/www.czechcyclingfederation.com\/wp-content\/uploads\/2020\/06\/kadlec-768x1152.jpg 768w, https:\/\/www.czechcyclingfederation.com\/wp-content\/uploads\/2020\/06\/kadlec-1024x1536.jpg 1024w, https:\/\/www.czechcyclingfederation.com\/wp-content\/uploads\/2020\/06\/kadlec-1365x2048.jpg 1365w, https:\/\/www.czechcyclingfederation.com\/wp-content\/uploads\/2020\/06\/kadlec-1320x1980.jpg 1320w\" sizes=\"auto, (max-width: 133px) 100vw, 133px\" \/><\/div>\r\n            <div class=\"text-center mt-2\">\r\n              <h6 class=\"font-weight-bold pt-2 mb-0\">Milan Kadlec<\/h6>\r\n            <p class=\"text-muted mb-0\"><small>\u010dlen komise<\/small><\/p>\r\n              <p class=\"text-muted mb-0\" style=\"font-size: 10px;\">milkadlec@volny.cz<\/p>\r\n              <p class=\"text-muted mb-0\"><\/p>\r\n            <\/div>\r\n          <\/div>        <!-- Grid column -->\r\n\r\n <div class=\"col-lg-2 col-md-2 col-sm-2 pb-4 shadow-none\">\r\n            <div class=\"avatar text-center\"><img loading=\"lazy\" decoding=\"async\" width=\"133\" height=\"200\" src=\"https:\/\/www.czechcyclingfederation.com\/wp-content\/uploads\/2024\/10\/blank-avatar-e1729107556692.jpg\" class=\"img-max wp-post-image\" alt=\"\" title=\"Feature image\" srcset=\"https:\/\/www.czechcyclingfederation.com\/wp-content\/uploads\/2024\/10\/blank-avatar-e1729107556692.jpg 682w, https:\/\/www.czechcyclingfederation.com\/wp-content\/uploads\/2024\/10\/blank-avatar-e1729107556692-133x200.jpg 133w\" sizes=\"auto, (max-width: 133px) 100vw, 133px\" \/><\/div>\r\n            <div class=\"text-center mt-2\">\r\n              <h6 class=\"font-weight-bold pt-2 mb-0\">Ond\u0159ej Va\u010dk\u00e1\u0159<\/h6>\r\n            <p class=\"text-muted mb-0\"><small>\u010dlen<\/small><\/p>\r\n              <p class=\"text-muted mb-0\" style=\"font-size: 10px;\">ondra.vackar@gmail.com<\/p>\r\n              <p class=\"text-muted mb-0\"><\/p>\r\n            <\/div>\r\n          <\/div>        <!-- Grid column -->\r\n\r\n <div class=\"col-lg-2 col-md-2 col-sm-2 pb-4 shadow-none\">\r\n            <div class=\"avatar text-center\"><img loading=\"lazy\" decoding=\"async\" width=\"133\" height=\"200\" src=\"https:\/\/www.czechcyclingfederation.com\/wp-content\/uploads\/2024\/10\/blank-avatar-e1729107556692.jpg\" class=\"img-max wp-post-image\" alt=\"\" title=\"Feature image\" srcset=\"https:\/\/www.czechcyclingfederation.com\/wp-content\/uploads\/2024\/10\/blank-avatar-e1729107556692.jpg 682w, https:\/\/www.czechcyclingfederation.com\/wp-content\/uploads\/2024\/10\/blank-avatar-e1729107556692-133x200.jpg 133w\" sizes=\"auto, (max-width: 133px) 100vw, 133px\" \/><\/div>\r\n            <div class=\"text-center mt-2\">\r\n              <h6 class=\"font-weight-bold pt-2 mb-0\">Ji\u0159\u00ed Jano\u0161ek<\/h6>\r\n            <p class=\"text-muted mb-0\"><small>\u010dlen<\/small><\/p>\r\n              <p class=\"text-muted mb-0\" style=\"font-size: 10px;\">j.janosek@centrum.cz<\/p>\r\n              <p class=\"text-muted mb-0\"><\/p>\r\n            <\/div>\r\n          <\/div>      \t\r\n\t<\/div>\r\n\t<\/div>\r\n\t<\/div>\r\n\t<\/div>\r\n\t<\/div>\n","protected":false},"excerpt":{"rendered":"","protected":false},"author":1,"featured_media":34409,"parent":0,"menu_order":0,"comment_status":"closed","ping_status":"closed","template":"disciplina-page.php","meta":{"footnotes":""},"class_list":["post-799","page","type-page","status-publish","has-post-thumbnail","hentry"],"_links":{"self":[{"href":"https:\/\/www.czechcyclingfederation.com\/en\/wp-json\/wp\/v2\/pages\/799","targetHints":{"allow":["GET"]}}],"collection":[{"href":"https:\/\/www.czechcyclingfederation.com\/en\/wp-json\/wp\/v2\/pages"}],"about":[{"href":"https:\/\/www.czechcyclingfederation.com\/en\/wp-json\/wp\/v2\/types\/page"}],"author":[{"embeddable":true,"href":"https:\/\/www.czechcyclingfederation.com\/en\/wp-json\/wp\/v2\/users\/1"}],"replies":[{"embeddable":true,"href":"https:\/\/www.czechcyclingfederation.com\/en\/wp-json\/wp\/v2\/comments?post=799"}],"version-history":[{"count":2,"href":"https:\/\/www.czechcyclingfederation.com\/en\/wp-json\/wp\/v2\/pages\/799\/revisions"}],"predecessor-version":[{"id":804,"href":"https:\/\/www.czechcyclingfederation.com\/en\/wp-json\/wp\/v2\/pages\/799\/revisions\/804"}],"wp:featuredmedia":[{"embeddable":true,"href":"https:\/\/www.czechcyclingfederation.com\/en\/wp-json\/wp\/v2\/media\/34409"}],"wp:attachment":[{"href":"https:\/\/www.czechcyclingfederation.com\/en\/wp-json\/wp\/v2\/media?parent=799"}],"curies":[{"name":"wp","href":"https:\/\/api.w.org\/{rel}","templated":true}]}}