{"id":780,"date":"2020-06-15T05:08:58","date_gmt":"2020-06-15T03:08:58","guid":{"rendered":"http:\/\/www.czechcyclingfederation.com\/?page_id=780"},"modified":"2025-12-29T10:05:54","modified_gmt":"2025-12-29T09:05:54","slug":"cyklokros-pravidla","status":"publish","type":"page","link":"https:\/\/www.czechcyclingfederation.com\/en\/cyklokros-pravidla\/","title":{"rendered":"Cyklokros &#8211; Pravidla"},"content":{"rendered":"\n<p><strong>Pravidla ke sta\u017een\u00ed<\/strong><\/p>\n\n\n<div class=\"wp-block-file\">\r\n                <a target=\"_blank\" rel=\"noopener\" href=\"https:\/\/www.czechcyclingfederation.com\/wp-content\/uploads\/2025\/12\/Pravidla-cyklistiky-CSC-Cyklokros-01.01.2026.pdf\" class=\"wp-block-file__button wp-element-button\">\r\n                    <span class=\"wp-block-file__icon\"><\/span>\r\n                    Pravidla cyklistiky \u010cSC Cyklokros 01.01.2026\r\n                <\/a>\r\n            <\/div>\n\n<div class=\"wp-block-file\">\r\n                <a target=\"_blank\" rel=\"noopener\" href=\"https:\/\/www.czechcyclingfederation.com\/wp-content\/uploads\/2025\/12\/Informace-o-zmenach-pravidel-cyklokrosu-k-1.1.2026.pdf\" class=\"wp-block-file__button wp-element-button\">\r\n                    <span class=\"wp-block-file__icon\"><\/span>\r\n                    Informace o zm\u011bn\u00e1ch pravidel cyklokrosu k 1.1.2026\r\n                <\/a>\r\n            <\/div>\n\n<div class=\"wp-block-file\">\r\n                <a target=\"_blank\" rel=\"noopener\" href=\"https:\/\/www.czechcyclingfederation.com\/wp-content\/uploads\/2025\/07\/ANNEX-4-UCI-points-table-E.pdf\" class=\"wp-block-file__button wp-element-button\">\r\n                    <span class=\"wp-block-file__icon\"><\/span>\r\n                    P\u0159\u00edloha 4 &#8211;  UCI bodov\u00e1n\u00ed\r\n                <\/a>\r\n            <\/div>\n\n\n<p>UCI Pravidla &#8211; <strong>Cyklokros<\/strong>: <a href=\"https:\/\/assets.ctfassets.net\/761l7gh5x5an\/3X0PPNdbWNAhMGaZzKly8J\/b5f9f46353d4865a255d888579bf9d4c\/5-CRO-20220701-E.pdf\">ZDE<\/a><\/p>\n\n\n<div class=\"wp-block-file\">\r\n                <a target=\"_blank\" rel=\"noopener\" href=\"https:\/\/www.czechcyclingfederation.com\/wp-content\/uploads\/2025\/12\/Pravidla-cyklistiky-CSC-Gravel-01.01.2026.pdf\" class=\"wp-block-file__button wp-element-button\">\r\n                    <span class=\"wp-block-file__icon\"><\/span>\r\n                    Pravidla cyklistiky \u010cSC Gravel 01.01.2026\r\n                <\/a>\r\n            <\/div>\n\n<div class=\"wp-block-file\">\r\n                <a target=\"_blank\" rel=\"noopener\" href=\"https:\/\/www.czechcyclingfederation.com\/wp-content\/uploads\/2025\/12\/Informace-o-zmenach-pravidel-gravel-k-01.01.2026.pdf\" class=\"wp-block-file__button wp-element-button\">\r\n                    <span class=\"wp-block-file__icon\"><\/span>\r\n                    Informace o zm\u011bn\u00e1ch pravidel gravel k 01.01.2026\r\n                <\/a>\r\n            <\/div>\n\n\n<p><\/p>\n","protected":false},"excerpt":{"rendered":"<p>Pravidla ke sta\u017een\u00ed UCI Pravidla &#8211; Cyklokros: ZDE<\/p>\n","protected":false},"author":1,"featured_media":455,"parent":0,"menu_order":0,"comment_status":"closed","ping_status":"closed","template":"disciplina-page.php","meta":{"footnotes":""},"class_list":["post-780","page","type-page","status-publish","has-post-thumbnail","hentry"],"_links":{"self":[{"href":"https:\/\/www.czechcyclingfederation.com\/en\/wp-json\/wp\/v2\/pages\/780","targetHints":{"allow":["GET"]}}],"collection":[{"href":"https:\/\/www.czechcyclingfederation.com\/en\/wp-json\/wp\/v2\/pages"}],"about":[{"href":"https:\/\/www.czechcyclingfederation.com\/en\/wp-json\/wp\/v2\/types\/page"}],"author":[{"embeddable":true,"href":"https:\/\/www.czechcyclingfederation.com\/en\/wp-json\/wp\/v2\/users\/1"}],"replies":[{"embeddable":true,"href":"https:\/\/www.czechcyclingfederation.com\/en\/wp-json\/wp\/v2\/comments?post=780"}],"version-history":[{"count":21,"href":"https:\/\/www.czechcyclingfederation.com\/en\/wp-json\/wp\/v2\/pages\/780\/revisions"}],"predecessor-version":[{"id":39212,"href":"https:\/\/www.czechcyclingfederation.com\/en\/wp-json\/wp\/v2\/pages\/780\/revisions\/39212"}],"wp:featuredmedia":[{"embeddable":true,"href":"https:\/\/www.czechcyclingfederation.com\/en\/wp-json\/wp\/v2\/media\/455"}],"wp:attachment":[{"href":"https:\/\/www.czechcyclingfederation.com\/en\/wp-json\/wp\/v2\/media?parent=780"}],"curies":[{"name":"wp","href":"https:\/\/api.w.org\/{rel}","templated":true}]}}