{"id":750,"date":"2020-06-15T04:47:24","date_gmt":"2020-06-15T02:47:24","guid":{"rendered":"http:\/\/www.czechcyclingfederation.com\/?page_id=750"},"modified":"2025-09-08T19:29:14","modified_gmt":"2025-09-08T17:29:14","slug":"bmx-o-discipline","status":"publish","type":"page","link":"https:\/\/www.czechcyclingfederation.com\/en\/bmx-o-discipline\/","title":{"rendered":"BMX &#8211; O discipl\u00edn\u011b"},"content":{"rendered":"\n<h2 class=\"wp-block-heading\"><strong>BMX racing<\/strong><strong><\/strong><\/h2>\n\n\n\n<p><strong>Bikros&nbsp;<\/strong>je p\u016fvodn\u00ed z\u00e1vodn\u00ed&nbsp;discipl\u00ednou BMX. Jeho po\u010d\u00e1tky se datuj\u00ed ke konci \u0161edes\u00e1t\u00fdch let v Kalifornii, v dob\u011b, kdy se motokros stal popul\u00e1rn\u00edm sportem v USA. Motorizovan\u00e1 verze sportu byla pro bikros inspirac\u00ed. V Evrop\u011b byl tento sport p\u0159edstaven v roce 1978. V \u010cesk\u00e9 republice se bikros poprv\u00e9 uk\u00e1zal v roce 1984.<\/p>\n\n\n\n<p>Bikros se jezd\u00ed se na speci\u00e1ln\u00ed z\u00e1vodn\u00ed dr\u00e1ze pro 8 jezdc\u016f o d\u00e9lce 350 a\u017e 450m s um\u011ble vytvo\u0159en\u00fdmi vlnami, skoky&nbsp;a klopen\u00fdmi zat\u00e1\u010dkami pokryt\u00e9 asfaltem. Povrch rovinek je p\u0159ev\u00e1\u017en\u011b z hl\u00edny a pokryt v\u00e1pencovou sm\u011bs\u00ed. Z\u00e1vody jsou s hromadn\u00fdm pevn\u00fdm startem, kde jsou jezdci op\u0159eni o automatickou startovn\u00ed br\u00e1nu, kter\u00e1 je v rozmez\u00ed 1-3 sekund vpust\u00ed do z\u00e1vodn\u00ed j\u00edzdy. Startovn\u00ed v\u011b\u017e pro klasick\u00fd Bikros je vysok\u00e1 v rozmez\u00ed 2,5 a\u017e 5m. P\u0159i z\u00e1vodech Mistrovstv\u00ed Evropy, Mistrovstv\u00ed sv\u011bta, Sv\u011btov\u00fdch poh\u00e1r\u016f, Olympijsk\u00fdch her pak jezdci kategorie Junior a Elite startuj\u00ed ze startovn\u00ed v\u011b\u017ee 8m vysok\u00e9 na typu dr\u00e1hy BMX Supercross.&nbsp;<\/p>\n\n\n\n<p>Syst\u00e9m z\u00e1vod\u016f dle mezin\u00e1rodn\u00edch&nbsp;\u0159\u00e1d\u016f je jednoduch\u00fd. Ve v\u011bkov\u00e9&nbsp;kategorii, kde se na startu sejde 64 jezdc\u016f, jede 8 skupin po osmi jezdc\u00edch,&nbsp;a&nbsp;ka\u017ed\u00e1 skupina odjede t\u0159i kvalifika\u010dn\u00ed j\u00edzdy a \u010dty\u0159i nej\u00fasp\u011b\u0161n\u011bj\u0161\u00ed jezdci postupuj\u00ed d\u00e1l. Do 32 \u010dlenn\u00e9ho \u010dtvrtfin\u00e1le&nbsp;o&nbsp;4 skupin\u00e1ch&nbsp;po 8 jezdc\u00edch se jede jen jedna j\u00edzda. Z ka\u017ed\u00e9&nbsp;j\u00edzdy prvn\u00ed 4 postupuj\u00ed&nbsp;do semifin\u00e1le, kde jsou&nbsp;2&nbsp;skupiny po 8&nbsp;a op\u011bt stejn\u00fdm vy\u0159azovac\u00edm zp\u016fsobem zbyde fin\u00e1lov\u00e1 osmi\u010dka, kter\u00e1 v jedn\u00e9&nbsp;j\u00edzd\u011b z\u00e1vod\u00ed o kone\u010dn\u00e9m po\u0159ad\u00ed. Od roku 2008 je bikros sou\u010d\u00e1st\u00ed olympijsk\u00e9ho programu.&nbsp;<\/p>\n\n\n\n<h2 class=\"wp-block-heading\">Okrajov\u00e9&nbsp;bikros discipl\u00edny<\/h2>\n\n\n\n<p><strong>Sidecar BMX&nbsp;(Sidecar bikros)<\/strong>&nbsp;&#8211; kter\u00fd je odkazem na p\u016fvodn\u00ed \u00fa\u010del bikrosu, jako p\u0159\u00edpravn\u00e9ho sportu pro motocross.&nbsp;V dne\u0161n\u00ed dob\u011b se s touto discipl\u00ednou setk\u00e1v\u00e1me ji\u017e pouze p\u0159i r\u016fzn\u00fdch exhibic\u00edch.<\/p>\n\n\n\n<p><strong>BMX downhill<\/strong>&nbsp;\u2013 extr\u00e9mn\u00ed verze bikrosu. N\u00e1zev odvozen od&nbsp;velmi n\u00e1ro\u010dn\u00e9&nbsp;trat\u011b z postaven\u00e9&nbsp;z kopce, kter\u00e1 je dopln\u011bna krom\u011b ter\u00e9nn\u00edch vln tak\u00e9&nbsp;skoky, kter\u00e9&nbsp;nelze projet a jezdec je m\u016f\u017ee pouze p\u0159esko\u010dit. P\u0159edch\u016fdce dne\u0161n\u00ed zmodernizovan\u00e9 discipl\u00edny BMX Supercross, kde se tra\u0165 stav\u00ed na rovin\u011b m\u00edsto z kopce s 8m vysokou startovn\u00ed v\u011b\u017e\u00ed.<\/p>\n\n\n\n<h2 class=\"wp-block-heading\"><strong>BMX Freestyle&nbsp;<\/strong><strong><\/strong><\/h2>\n\n\n\n<p>je velkolep\u00e1&nbsp;discipl\u00edna, kde jezdci p\u0159edstavuj\u00ed sv\u00e9 \u201evystoupen\u00ed\u201c, kter\u00e9&nbsp;se skl\u00e1d\u00e1 ze sekvenc\u00ed prov\u00e1d\u011bn\u00fdch trik\u016f. V sout\u011b\u017ei jsou jezdci hodnoceni podle kvality sv\u00e9ho v\u00fdkonu (obt\u00ed\u017enost, originalita a styl).<\/p>\n\n\n\n<h4 class=\"wp-block-heading\"><strong>BMX Freestyle discipl\u00edny<\/strong><strong><\/strong><\/h4>\n\n\n\n<p><strong>Park<\/strong>&nbsp;&#8211;&nbsp;nejzn\u00e1m\u011bj\u0161\u00ed kategorie z pohledu ve\u0159ejnosti. Provozuje se ve skateparc\u00edch na ramp\u00e1ch r\u016fzn\u00e9ho typu, lavic\u00edch, plo\u0161in\u00e1ch, z\u00e1bradl\u00edch a mnoh\u00fdch dal\u0161\u00edch p\u0159ek\u00e1\u017ek\u00e1ch. Z\u00e1le\u017e\u00ed jenom na p\u0159edstavivosti jezdce, jak vyu\u017eije rozestav\u011bn\u00ed p\u0159ek\u00e1\u017eek a n\u00e1vaznost mezi nimi. Hodnot\u00ed se nejen slo\u017eitost a kvalita proveden\u00ed trik\u016f, ale tak\u00e9&nbsp;originalita vyu\u017eit\u00ed rozestav\u011bn\u00ed p\u0159ek\u00e1\u017eek za ur\u010den\u00e9ho \u010dasov\u00e9m limitu.&nbsp;BMX freestyle park je od roku 2020 za\u0159azen mezi Olympijsk\u00e9 discipl\u00edny.<\/p>\n\n\n\n<p><strong>Dirtjump<\/strong>&nbsp;(zkr\u00e1cen\u011b Dirt) &#8211; jezd\u00ed se na trati s um\u011ble vytvo\u0159en\u00fdmi skoky, postaven\u00e9&nbsp;p\u0159ev\u00e1\u017en\u011b z hl\u00edny. Odtud ozna\u010den\u00ed dirt z anglick\u00e9ho&nbsp;slova hl\u00edna. Hodnot\u00ed se slo\u017eitost, kvalita a plynulost proveden\u00fdch trik\u016f na jednotliv\u00fdch skoc\u00edch.<\/p>\n\n\n\n<p><strong>Street<\/strong>&nbsp;\u2013&nbsp;jde o vyu\u017eit\u00ed ve\u0159ejn\u00fdch objekt\u016f, jako jsou lavi\u010dky, schody, z\u00e1bradl\u00ed a mnoh\u00e9&nbsp;dal\u0161\u00ed p\u0159ek\u00e1\u017eky. Tyto p\u0159ek\u00e1\u017eky jsou \u010dasto vyu\u017e\u00edv\u00e1ny na ve\u0159ejnosti. P\u0159i z\u00e1vodech t\u00e9to discipl\u00edny je z&nbsp;t\u011bchto typ\u016f p\u0159ek\u00e1\u017eek sestaven skatepark. Z\u00e1vod je sp\u00ed\u0161e technick\u00e9ho charakteru a z\u00e1le\u017e\u00ed na jezdci, jak jednotliv\u00e9&nbsp;p\u0159ek\u00e1\u017eky vyu\u017eije. Hodnot\u00ed se p\u0159edev\u0161\u00edm technick\u00e9&nbsp;vyu\u017eit\u00ed p\u0159ek\u00e1\u017eky a proveden\u00ed triku, nej\u010dast\u011bji v ur\u010den\u00e9m \u010dasov\u00e9m limitu.<\/p>\n\n\n\n<p><strong>Vert \/ Minirampa<\/strong>&nbsp;\u2013 akrobatick\u00e1 j\u00edzda v u-ramp\u011b. Ozna\u010den\u00ed minirampa nebo vert ud\u00e1v\u00e1 pouze velikost rampy na kter\u00e9&nbsp;se jezd\u00ed. Hodnot\u00ed se slo\u017eitost a kvalita proveden\u00fdch trik\u016f jezdcem v \u010dasov\u00e9m intervalu.<\/p>\n\n\n\n<p><strong>Flatland<\/strong>&nbsp;\u2013 akrobatick\u00e1&nbsp;discipl\u00edna nejv\u00edce podobn\u00e1 s\u00e1lov\u00e9&nbsp;krasoj\u00edzd\u011b. N\u00e1zev je odvozov\u00e1n od rovn\u00e9ho povrchu, na kter\u00e9m se provozuje, odtud spojen\u00ed anglick\u00fdch slov flat a land. Tak jako discipl\u00edna Street \/ Park se hodnot\u00ed plynulost a kvalita trik\u016f, kter\u00e9&nbsp;vy\u017eaduj\u00ed velkou p\u0159esnost a stabilitu v ovl\u00e1dan\u00ed kola v dan\u00e9m \u010dasov\u00e9m limitu.<\/p>\n","protected":false},"excerpt":{"rendered":"<p>BMX racing Bikros&nbsp;je p\u016fvodn\u00ed z\u00e1vodn\u00ed&nbsp;discipl\u00ednou BMX. Jeho po\u010d\u00e1tky se datuj\u00ed ke konci \u0161edes\u00e1t\u00fdch let v Kalifornii, v dob\u011b, kdy se motokros stal popul\u00e1rn\u00edm sportem v USA. Motorizovan\u00e1 verze sportu byla pro bikros inspirac\u00ed. V Evrop\u011b byl tento sport p\u0159edstaven v roce 1978. V \u010cesk\u00e9 republice se bikros poprv\u00e9 uk\u00e1zal v roce 1984. Bikros se jezd\u00ed [&hellip;]<\/p>\n","protected":false},"author":1,"featured_media":34185,"parent":0,"menu_order":0,"comment_status":"closed","ping_status":"closed","template":"disciplina-page.php","meta":{"footnotes":""},"class_list":["post-750","page","type-page","status-publish","has-post-thumbnail","hentry"],"_links":{"self":[{"href":"https:\/\/www.czechcyclingfederation.com\/en\/wp-json\/wp\/v2\/pages\/750","targetHints":{"allow":["GET"]}}],"collection":[{"href":"https:\/\/www.czechcyclingfederation.com\/en\/wp-json\/wp\/v2\/pages"}],"about":[{"href":"https:\/\/www.czechcyclingfederation.com\/en\/wp-json\/wp\/v2\/types\/page"}],"author":[{"embeddable":true,"href":"https:\/\/www.czechcyclingfederation.com\/en\/wp-json\/wp\/v2\/users\/1"}],"replies":[{"embeddable":true,"href":"https:\/\/www.czechcyclingfederation.com\/en\/wp-json\/wp\/v2\/comments?post=750"}],"version-history":[{"count":4,"href":"https:\/\/www.czechcyclingfederation.com\/en\/wp-json\/wp\/v2\/pages\/750\/revisions"}],"predecessor-version":[{"id":37486,"href":"https:\/\/www.czechcyclingfederation.com\/en\/wp-json\/wp\/v2\/pages\/750\/revisions\/37486"}],"wp:featuredmedia":[{"embeddable":true,"href":"https:\/\/www.czechcyclingfederation.com\/en\/wp-json\/wp\/v2\/media\/34185"}],"wp:attachment":[{"href":"https:\/\/www.czechcyclingfederation.com\/en\/wp-json\/wp\/v2\/media?parent=750"}],"curies":[{"name":"wp","href":"https:\/\/api.w.org\/{rel}","templated":true}]}}