{"id":567,"date":"2020-06-08T23:33:34","date_gmt":"2020-06-08T21:33:34","guid":{"rendered":"http:\/\/www.czechcyclingfederation.com\/?page_id=567"},"modified":"2025-09-08T20:14:15","modified_gmt":"2025-09-08T18:14:15","slug":"silnice-vedeni-discipliny","status":"publish","type":"page","link":"https:\/\/www.czechcyclingfederation.com\/en\/silnice-vedeni-discipliny\/","title":{"rendered":"Silnice &#8211; Veden\u00ed discipl\u00edny"},"content":{"rendered":"<!-- Section: Block Content -->\r\n<div class=\"accordion\" id=\"accordionExample275\">\r\n<div class=\"card shadow-none\">\r\n\r\n<div class=\"card-header\" id=\"headingSilnice\">\r\n      <h5 class=\"mb-0\">\r\n         <button class=\"btn btn-link\" type=\"button\" data-toggle=\"collapse\" data-target=\"#collapseSilnice\"\r\n          aria-expanded=\"true\" aria-controls=\"collapseSilnice\">Road Commission<\/button>\r\n      <\/h5>\r\n    <\/div>\r\n\t\r\n\t\r\n\t\r\n\r\n <div id=\"collapseSilnice\" class=\"collapse\" aria-labelledby=\"headingSilnice\" data-parent=\"#accordionExample275\">\r\n<div class=\"card-body shadow-none\">\r\n        <div class=\"row pt-4\">\r\n                          <!-- Grid column -->\r\n\r\n <div class=\"col-lg-2 col-md-2 col-sm-2 pb-4 shadow-none\">\r\n            <div class=\"avatar text-center\"><img loading=\"lazy\" decoding=\"async\" width=\"133\" height=\"200\" src=\"https:\/\/www.czechcyclingfederation.com\/wp-content\/uploads\/2020\/06\/edr-scaled.jpg\" class=\"img-max wp-post-image\" alt=\"\" title=\"Feature image\" srcset=\"https:\/\/www.czechcyclingfederation.com\/wp-content\/uploads\/2020\/06\/edr-scaled.jpg 1707w, https:\/\/www.czechcyclingfederation.com\/wp-content\/uploads\/2020\/06\/edr-133x200.jpg 133w, https:\/\/www.czechcyclingfederation.com\/wp-content\/uploads\/2020\/06\/edr-683x1024.jpg 683w, https:\/\/www.czechcyclingfederation.com\/wp-content\/uploads\/2020\/06\/edr-768x1152.jpg 768w, https:\/\/www.czechcyclingfederation.com\/wp-content\/uploads\/2020\/06\/edr-1024x1536.jpg 1024w, https:\/\/www.czechcyclingfederation.com\/wp-content\/uploads\/2020\/06\/edr-1365x2048.jpg 1365w, https:\/\/www.czechcyclingfederation.com\/wp-content\/uploads\/2020\/06\/edr-1320x1980.jpg 1320w\" sizes=\"auto, (max-width: 133px) 100vw, 133px\" \/><\/div>\r\n            <div class=\"text-center mt-2\">\r\n              <h6 class=\"font-weight-bold pt-2 mb-0\">Jakub Edr<\/h6>\r\n            <p class=\"text-muted mb-0\"><small>p\u0159edseda komise<\/small><\/p>\r\n              <p class=\"text-muted mb-0\" style=\"font-size: 10px;\">edr@ceskysvazcyklistiky.cz<\/p>\r\n              <p class=\"text-muted mb-0\"><\/p>\r\n            <\/div>\r\n          <\/div>      \t\r\n\t<\/div>\r\n\r\n<div class=\"row pt-4\">\r\n                          <!-- Grid column -->\r\n\r\n <div class=\"col-lg-2 col-md-2 col-sm-2 pb-4 shadow-none\">\r\n            <div class=\"avatar text-center\"><img loading=\"lazy\" decoding=\"async\" width=\"133\" height=\"200\" src=\"https:\/\/www.czechcyclingfederation.com\/wp-content\/uploads\/2020\/06\/kadlec-scaled.jpg\" class=\"img-max wp-post-image\" alt=\"\" title=\"Feature image\" srcset=\"https:\/\/www.czechcyclingfederation.com\/wp-content\/uploads\/2020\/06\/kadlec-scaled.jpg 1707w, https:\/\/www.czechcyclingfederation.com\/wp-content\/uploads\/2020\/06\/kadlec-133x200.jpg 133w, https:\/\/www.czechcyclingfederation.com\/wp-content\/uploads\/2020\/06\/kadlec-683x1024.jpg 683w, https:\/\/www.czechcyclingfederation.com\/wp-content\/uploads\/2020\/06\/kadlec-768x1152.jpg 768w, https:\/\/www.czechcyclingfederation.com\/wp-content\/uploads\/2020\/06\/kadlec-1024x1536.jpg 1024w, https:\/\/www.czechcyclingfederation.com\/wp-content\/uploads\/2020\/06\/kadlec-1365x2048.jpg 1365w, https:\/\/www.czechcyclingfederation.com\/wp-content\/uploads\/2020\/06\/kadlec-1320x1980.jpg 1320w\" sizes=\"auto, (max-width: 133px) 100vw, 133px\" \/><\/div>\r\n            <div class=\"text-center mt-2\">\r\n              <h6 class=\"font-weight-bold pt-2 mb-0\">Milan Kadlec<\/h6>\r\n            <p class=\"text-muted mb-0\"><small>\u010dlen komise<\/small><\/p>\r\n              <p class=\"text-muted mb-0\" style=\"font-size: 10px;\">kadlec@duklacycling.cz<\/p>\r\n              <p class=\"text-muted mb-0\"><\/p>\r\n            <\/div>\r\n          <\/div>        <!-- Grid column -->\r\n\r\n <div class=\"col-lg-2 col-md-2 col-sm-2 pb-4 shadow-none\">\r\n            <div class=\"avatar text-center\"><img loading=\"lazy\" decoding=\"async\" width=\"133\" height=\"200\" src=\"https:\/\/www.czechcyclingfederation.com\/wp-content\/uploads\/2020\/06\/Konecny-Tomas-02.jpg\" class=\"img-max wp-post-image\" alt=\"\" title=\"Feature image\" srcset=\"https:\/\/www.czechcyclingfederation.com\/wp-content\/uploads\/2020\/06\/Konecny-Tomas-02.jpg 1262w, https:\/\/www.czechcyclingfederation.com\/wp-content\/uploads\/2020\/06\/Konecny-Tomas-02-133x200.jpg 133w, https:\/\/www.czechcyclingfederation.com\/wp-content\/uploads\/2020\/06\/Konecny-Tomas-02-683x1024.jpg 683w, https:\/\/www.czechcyclingfederation.com\/wp-content\/uploads\/2020\/06\/Konecny-Tomas-02-768x1151.jpg 768w, https:\/\/www.czechcyclingfederation.com\/wp-content\/uploads\/2020\/06\/Konecny-Tomas-02-1025x1536.jpg 1025w\" sizes=\"auto, (max-width: 133px) 100vw, 133px\" \/><\/div>\r\n            <div class=\"text-center mt-2\">\r\n              <h6 class=\"font-weight-bold pt-2 mb-0\">Tom\u00e1\u0161 Kone\u010dn\u00fd<\/h6>\r\n            <p class=\"text-muted mb-0\"><small>\u010dlen komise<\/small><\/p>\r\n              <p class=\"text-muted mb-0\" style=\"font-size: 10px;\">konas73@gmail.com<\/p>\r\n              <p class=\"text-muted mb-0\"><\/p>\r\n            <\/div>\r\n          <\/div>        <!-- Grid column -->\r\n\r\n <div class=\"col-lg-2 col-md-2 col-sm-2 pb-4 shadow-none\">\r\n            <div class=\"avatar text-center\"><img loading=\"lazy\" decoding=\"async\" width=\"133\" height=\"200\" src=\"https:\/\/www.czechcyclingfederation.com\/wp-content\/uploads\/2024\/10\/blank-avatar-e1729107556692.jpg\" class=\"img-max wp-post-image\" alt=\"\" title=\"Feature image\" srcset=\"https:\/\/www.czechcyclingfederation.com\/wp-content\/uploads\/2024\/10\/blank-avatar-e1729107556692.jpg 682w, https:\/\/www.czechcyclingfederation.com\/wp-content\/uploads\/2024\/10\/blank-avatar-e1729107556692-133x200.jpg 133w\" sizes=\"auto, (max-width: 133px) 100vw, 133px\" \/><\/div>\r\n            <div class=\"text-center mt-2\">\r\n              <h6 class=\"font-weight-bold pt-2 mb-0\">Petr Kaltofen<\/h6>\r\n            <p class=\"text-muted mb-0\"><small>\u010dlen komise, reprezenta\u010dn\u00ed tren\u00e9r<\/small><\/p>\r\n              <p class=\"text-muted mb-0\" style=\"font-size: 10px;\">petrkaltofen@gmail.com<\/p>\r\n              <p class=\"text-muted mb-0\"><\/p>\r\n            <\/div>\r\n          <\/div>        <!-- Grid column -->\r\n\r\n <div class=\"col-lg-2 col-md-2 col-sm-2 pb-4 shadow-none\">\r\n            <div class=\"avatar text-center\"><img loading=\"lazy\" decoding=\"async\" width=\"133\" height=\"200\" src=\"https:\/\/www.czechcyclingfederation.com\/wp-content\/uploads\/2024\/10\/blank-avatar-e1729107556692.jpg\" class=\"img-max wp-post-image\" alt=\"\" title=\"Feature image\" srcset=\"https:\/\/www.czechcyclingfederation.com\/wp-content\/uploads\/2024\/10\/blank-avatar-e1729107556692.jpg 682w, https:\/\/www.czechcyclingfederation.com\/wp-content\/uploads\/2024\/10\/blank-avatar-e1729107556692-133x200.jpg 133w\" sizes=\"auto, (max-width: 133px) 100vw, 133px\" \/><\/div>\r\n            <div class=\"text-center mt-2\">\r\n              <h6 class=\"font-weight-bold pt-2 mb-0\">Franti\u0161ek Trkal<\/h6>\r\n            <p class=\"text-muted mb-0\"><small>\u010dlen komise<\/small><\/p>\r\n              <p class=\"text-muted mb-0\" style=\"font-size: 10px;\">Frantisek.Trkal@seznam.cz<\/p>\r\n              <p class=\"text-muted mb-0\"><\/p>\r\n            <\/div>\r\n          <\/div>        <!-- Grid column -->\r\n\r\n <div class=\"col-lg-2 col-md-2 col-sm-2 pb-4 shadow-none\">\r\n            <div class=\"avatar text-center\"><img loading=\"lazy\" decoding=\"async\" width=\"133\" height=\"200\" src=\"https:\/\/www.czechcyclingfederation.com\/wp-content\/uploads\/2024\/10\/blank-avatar-e1729107556692.jpg\" class=\"img-max wp-post-image\" alt=\"\" title=\"Feature image\" srcset=\"https:\/\/www.czechcyclingfederation.com\/wp-content\/uploads\/2024\/10\/blank-avatar-e1729107556692.jpg 682w, https:\/\/www.czechcyclingfederation.com\/wp-content\/uploads\/2024\/10\/blank-avatar-e1729107556692-133x200.jpg 133w\" sizes=\"auto, (max-width: 133px) 100vw, 133px\" \/><\/div>\r\n            <div class=\"text-center mt-2\">\r\n              <h6 class=\"font-weight-bold pt-2 mb-0\">Ond\u0159ej Va\u010dk\u00e1\u0159<\/h6>\r\n            <p class=\"text-muted mb-0\"><small>\u010dlen komise - STK a rozhod\u010d\u00ed<\/small><\/p>\r\n              <p class=\"text-muted mb-0\" style=\"font-size: 10px;\">ondra.vackar@gmail.com<\/p>\r\n              <p class=\"text-muted mb-0\"><\/p>\r\n            <\/div>\r\n          <\/div>        <!-- Grid column -->\r\n\r\n <div class=\"col-lg-2 col-md-2 col-sm-2 pb-4 shadow-none\">\r\n            <div class=\"avatar text-center\"><img loading=\"lazy\" decoding=\"async\" width=\"133\" height=\"200\" src=\"https:\/\/www.czechcyclingfederation.com\/wp-content\/uploads\/2024\/10\/blank-avatar-e1729107556692.jpg\" class=\"img-max wp-post-image\" alt=\"\" title=\"Feature image\" srcset=\"https:\/\/www.czechcyclingfederation.com\/wp-content\/uploads\/2024\/10\/blank-avatar-e1729107556692.jpg 682w, https:\/\/www.czechcyclingfederation.com\/wp-content\/uploads\/2024\/10\/blank-avatar-e1729107556692-133x200.jpg 133w\" sizes=\"auto, (max-width: 133px) 100vw, 133px\" \/><\/div>\r\n            <div class=\"text-center mt-2\">\r\n              <h6 class=\"font-weight-bold pt-2 mb-0\">Jarom\u00edr Friede<\/h6>\r\n            <p class=\"text-muted mb-0\"><small>\u010dlen komise<\/small><\/p>\r\n              <p class=\"text-muted mb-0\" style=\"font-size: 10px;\">Jaromir.Friede@gmail.com<\/p>\r\n              <p class=\"text-muted mb-0\"><\/p>\r\n            <\/div>\r\n          <\/div>      \t\r\n\t\t<\/div>\r\n\t<\/div>\r\n\t <\/div>\r\n\t<\/div>\r\n\t<\/div>\n","protected":false},"excerpt":{"rendered":"","protected":false},"author":1,"featured_media":28447,"parent":0,"menu_order":0,"comment_status":"closed","ping_status":"closed","template":"disciplina-page.php","meta":{"footnotes":""},"class_list":["post-567","page","type-page","status-publish","has-post-thumbnail","hentry"],"_links":{"self":[{"href":"https:\/\/www.czechcyclingfederation.com\/en\/wp-json\/wp\/v2\/pages\/567","targetHints":{"allow":["GET"]}}],"collection":[{"href":"https:\/\/www.czechcyclingfederation.com\/en\/wp-json\/wp\/v2\/pages"}],"about":[{"href":"https:\/\/www.czechcyclingfederation.com\/en\/wp-json\/wp\/v2\/types\/page"}],"author":[{"embeddable":true,"href":"https:\/\/www.czechcyclingfederation.com\/en\/wp-json\/wp\/v2\/users\/1"}],"replies":[{"embeddable":true,"href":"https:\/\/www.czechcyclingfederation.com\/en\/wp-json\/wp\/v2\/comments?post=567"}],"version-history":[{"count":4,"href":"https:\/\/www.czechcyclingfederation.com\/en\/wp-json\/wp\/v2\/pages\/567\/revisions"}],"predecessor-version":[{"id":37500,"href":"https:\/\/www.czechcyclingfederation.com\/en\/wp-json\/wp\/v2\/pages\/567\/revisions\/37500"}],"wp:featuredmedia":[{"embeddable":true,"href":"https:\/\/www.czechcyclingfederation.com\/en\/wp-json\/wp\/v2\/media\/28447"}],"wp:attachment":[{"href":"https:\/\/www.czechcyclingfederation.com\/en\/wp-json\/wp\/v2\/media?parent=567"}],"curies":[{"name":"wp","href":"https:\/\/api.w.org\/{rel}","templated":true}]}}