{"id":563,"date":"2020-06-08T23:32:15","date_gmt":"2020-06-08T21:32:15","guid":{"rendered":"http:\/\/www.czechcyclingfederation.com\/?page_id=563"},"modified":"2026-02-26T14:51:44","modified_gmt":"2026-02-26T13:51:44","slug":"silnice-pravilda","status":"publish","type":"page","link":"https:\/\/www.czechcyclingfederation.com\/en\/silnice-pravilda\/","title":{"rendered":"Silnice &#8211; Pravidla"},"content":{"rendered":"\n<p><strong>Pravidla ke sta\u017een\u00ed:<\/strong><\/p>\n\n\n<div class=\"wp-block-file\">\r\n                <a target=\"_blank\" rel=\"noopener\" href=\"https:\/\/www.czechcyclingfederation.com\/wp-content\/uploads\/2026\/02\/Silnice-UCI-CSC-platna-od-01.01.2026.pdf\" class=\"wp-block-file__button wp-element-button\">\r\n                    <span class=\"wp-block-file__icon\"><\/span>\r\n                    Silnice UCI &#8211; \u010cSC platn\u00e1 od 01.01.2026\r\n                <\/a>\r\n            <\/div>\n\n<div class=\"wp-block-file\">\r\n                <a target=\"_blank\" rel=\"noopener\" href=\"https:\/\/www.czechcyclingfederation.com\/wp-content\/uploads\/2026\/02\/VSEOBECNA-USTANOVENI-UCI-CSC-1.1.2026.pdf\" class=\"wp-block-file__button wp-element-button\">\r\n                    <span class=\"wp-block-file__icon\"><\/span>\r\n                    V\u0160EOBECN\u00c1 USTANOVEN\u00cd &#8211; UCI-\u010cSC 1.1.2026\r\n                <\/a>\r\n            <\/div>\n\n\n<p>UCI Pravidla &#8211; <strong>Silnice: <\/strong><a href=\"https:\/\/assets.ctfassets.net\/761l7gh5x5an\/mVBFyKV66x41nS9fH3bTm\/0a644079c77b0956119f57047343a4b1\/2-ROA-20230101-E.pdf\">ZDE<\/a><\/p>\n\n\n\n<p><\/p>\n","protected":false},"excerpt":{"rendered":"<p>Pravidla ke sta\u017een\u00ed: UCI Pravidla &#8211; Silnice: ZDE<\/p>\n","protected":false},"author":1,"featured_media":28447,"parent":0,"menu_order":0,"comment_status":"closed","ping_status":"closed","template":"disciplina-page.php","meta":{"footnotes":""},"class_list":["post-563","page","type-page","status-publish","has-post-thumbnail","hentry"],"_links":{"self":[{"href":"https:\/\/www.czechcyclingfederation.com\/en\/wp-json\/wp\/v2\/pages\/563","targetHints":{"allow":["GET"]}}],"collection":[{"href":"https:\/\/www.czechcyclingfederation.com\/en\/wp-json\/wp\/v2\/pages"}],"about":[{"href":"https:\/\/www.czechcyclingfederation.com\/en\/wp-json\/wp\/v2\/types\/page"}],"author":[{"embeddable":true,"href":"https:\/\/www.czechcyclingfederation.com\/en\/wp-json\/wp\/v2\/users\/1"}],"replies":[{"embeddable":true,"href":"https:\/\/www.czechcyclingfederation.com\/en\/wp-json\/wp\/v2\/comments?post=563"}],"version-history":[{"count":26,"href":"https:\/\/www.czechcyclingfederation.com\/en\/wp-json\/wp\/v2\/pages\/563\/revisions"}],"predecessor-version":[{"id":39982,"href":"https:\/\/www.czechcyclingfederation.com\/en\/wp-json\/wp\/v2\/pages\/563\/revisions\/39982"}],"wp:featuredmedia":[{"embeddable":true,"href":"https:\/\/www.czechcyclingfederation.com\/en\/wp-json\/wp\/v2\/media\/28447"}],"wp:attachment":[{"href":"https:\/\/www.czechcyclingfederation.com\/en\/wp-json\/wp\/v2\/media?parent=563"}],"curies":[{"name":"wp","href":"https:\/\/api.w.org\/{rel}","templated":true}]}}