{"id":4887,"date":"2021-06-14T08:33:25","date_gmt":"2021-06-14T06:33:25","guid":{"rendered":"https:\/\/www.czechcyclingfederation.com\/map\/"},"modified":"2021-06-14T08:33:35","modified_gmt":"2021-06-14T06:33:35","slug":"map","status":"publish","type":"page","link":"https:\/\/www.czechcyclingfederation.com\/en\/map\/","title":{"rendered":"New Map"},"content":{"rendered":"\r\n            <style>.wpgmza_table_description { display: none; }<\/style>\r\n            \r\n            \r\n            <a name='map1'><\/a>\r\n            <div class='wpgmza-marker-listing-category-filter' data-map-id='1' id='wpgmza_filter_1' style='text-align:left; margin-bottom:0px;'><span>Filter by<\/span><div style=\"overflow:auto; display:block; width:100%; height:auto; margin-top:10px;\"><div class=\"wpgmza_cat_checkbox_holder wpgmza_cat_checkbox_1\"><ul class=\"wpgmza_cat_ul wpgmza_cat_checkbox_item_holder\"><li class=\"wpgmza_cat_checkbox_item_holder wpgmza_cat_checkbox_item_holder_9\"><input type=\"checkbox\" value=\"9\" class=\"wpgmza_checkbox\" id=\"wpgmza_cat_checkbox_9\" name=\"wpgmza_cat_checkbox\" mid=\"1\"><label for=\"wpgmza_cat_checkbox_9\">Discipl\u00edna<\/label><ul class=\"wpgmza_cat_ul wpgmza_cat_checkbox_item_holder wpgmza_cat_ul_child\"><li class=\"wpgmza_cat_checkbox_item_holder wpgmza_cat_checkbox_item_holder_5\"><input type=\"checkbox\" value=\"5\" class=\"wpgmza_checkbox\" id=\"wpgmza_cat_checkbox_5\" name=\"wpgmza_cat_checkbox\" mid=\"1\"><label for=\"wpgmza_cat_checkbox_5\">BMX<\/label><\/li><li class=\"wpgmza_cat_checkbox_item_holder wpgmza_cat_checkbox_item_holder_28\"><input type=\"checkbox\" value=\"28\" class=\"wpgmza_checkbox\" id=\"wpgmza_cat_checkbox_28\" name=\"wpgmza_cat_checkbox\" mid=\"1\"><label for=\"wpgmza_cat_checkbox_28\">Cyklistika pro d\u011bti<\/label><\/li><li class=\"wpgmza_cat_checkbox_item_holder wpgmza_cat_checkbox_item_holder_4\"><input type=\"checkbox\" value=\"4\" class=\"wpgmza_checkbox\" id=\"wpgmza_cat_checkbox_4\" name=\"wpgmza_cat_checkbox\" mid=\"1\"><label for=\"wpgmza_cat_checkbox_4\">Cyklokros<\/label><\/li><li class=\"wpgmza_cat_checkbox_item_holder wpgmza_cat_checkbox_item_holder_21\"><input type=\"checkbox\" value=\"21\" class=\"wpgmza_checkbox\" id=\"wpgmza_cat_checkbox_21\" name=\"wpgmza_cat_checkbox\" mid=\"1\"><label for=\"wpgmza_cat_checkbox_21\">Dirt<\/label><\/li><li class=\"wpgmza_cat_checkbox_item_holder wpgmza_cat_checkbox_item_holder_25\"><input type=\"checkbox\" value=\"25\" class=\"wpgmza_checkbox\" id=\"wpgmza_cat_checkbox_25\" name=\"wpgmza_cat_checkbox\" mid=\"1\"><label for=\"wpgmza_cat_checkbox_25\">Downhill<\/label><\/li><li class=\"wpgmza_cat_checkbox_item_holder wpgmza_cat_checkbox_item_holder_2\"><input type=\"checkbox\" value=\"2\" class=\"wpgmza_checkbox\" id=\"wpgmza_cat_checkbox_2\" name=\"wpgmza_cat_checkbox\" mid=\"1\"><label for=\"wpgmza_cat_checkbox_2\">Dr\u00e1ha<\/label><\/li><li class=\"wpgmza_cat_checkbox_item_holder wpgmza_cat_checkbox_item_holder_22\"><input type=\"checkbox\" value=\"22\" class=\"wpgmza_checkbox\" id=\"wpgmza_cat_checkbox_22\" name=\"wpgmza_cat_checkbox\" mid=\"1\"><label for=\"wpgmza_cat_checkbox_22\">Enduro<\/label><\/li><li class=\"wpgmza_cat_checkbox_item_holder wpgmza_cat_checkbox_item_holder_20\"><input type=\"checkbox\" value=\"20\" class=\"wpgmza_checkbox\" id=\"wpgmza_cat_checkbox_20\" name=\"wpgmza_cat_checkbox\" mid=\"1\"><label for=\"wpgmza_cat_checkbox_20\">Gravel<\/label><\/li><li class=\"wpgmza_cat_checkbox_item_holder wpgmza_cat_checkbox_item_holder_6\"><input type=\"checkbox\" value=\"6\" class=\"wpgmza_checkbox\" id=\"wpgmza_cat_checkbox_6\" name=\"wpgmza_cat_checkbox\" mid=\"1\"><label for=\"wpgmza_cat_checkbox_6\">Hendikepovan\u00ed<\/label><\/li><li class=\"wpgmza_cat_checkbox_item_holder wpgmza_cat_checkbox_item_holder_3\"><input type=\"checkbox\" value=\"3\" class=\"wpgmza_checkbox\" id=\"wpgmza_cat_checkbox_3\" name=\"wpgmza_cat_checkbox\" mid=\"1\"><label for=\"wpgmza_cat_checkbox_3\">MTB<\/label><\/li><li class=\"wpgmza_cat_checkbox_item_holder wpgmza_cat_checkbox_item_holder_24\"><input type=\"checkbox\" value=\"24\" class=\"wpgmza_checkbox\" id=\"wpgmza_cat_checkbox_24\" name=\"wpgmza_cat_checkbox\" mid=\"1\"><label for=\"wpgmza_cat_checkbox_24\">Pumptrack<\/label><\/li><li class=\"wpgmza_cat_checkbox_item_holder wpgmza_cat_checkbox_item_holder_7\"><input type=\"checkbox\" value=\"7\" class=\"wpgmza_checkbox\" id=\"wpgmza_cat_checkbox_7\" name=\"wpgmza_cat_checkbox\" mid=\"1\"><label for=\"wpgmza_cat_checkbox_7\">S\u00e1lov\u00e1<\/label><\/li><li class=\"wpgmza_cat_checkbox_item_holder wpgmza_cat_checkbox_item_holder_1\"><input type=\"checkbox\" value=\"1\" class=\"wpgmza_checkbox\" id=\"wpgmza_cat_checkbox_1\" name=\"wpgmza_cat_checkbox\" mid=\"1\"><label for=\"wpgmza_cat_checkbox_1\">Silnice<\/label><\/li><li class=\"wpgmza_cat_checkbox_item_holder wpgmza_cat_checkbox_item_holder_8\"><input type=\"checkbox\" value=\"8\" class=\"wpgmza_checkbox\" id=\"wpgmza_cat_checkbox_8\" name=\"wpgmza_cat_checkbox\" mid=\"1\"><label for=\"wpgmza_cat_checkbox_8\">Trial<\/label><\/li><li class=\"wpgmza_cat_checkbox_item_holder wpgmza_cat_checkbox_item_holder_26\"><input type=\"checkbox\" value=\"26\" class=\"wpgmza_checkbox\" id=\"wpgmza_cat_checkbox_26\" name=\"wpgmza_cat_checkbox\" mid=\"1\"><label for=\"wpgmza_cat_checkbox_26\">Ultracyklistika<\/label><\/li><li class=\"wpgmza_cat_checkbox_item_holder wpgmza_cat_checkbox_item_holder_27\"><input type=\"checkbox\" value=\"27\" class=\"wpgmza_checkbox\" id=\"wpgmza_cat_checkbox_27\" name=\"wpgmza_cat_checkbox\" mid=\"1\"><label for=\"wpgmza_cat_checkbox_27\">Urban Downhill<\/label><\/li><\/ul><\/li><li class=\"wpgmza_cat_checkbox_item_holder wpgmza_cat_checkbox_item_holder_10\"><input type=\"checkbox\" value=\"10\" class=\"wpgmza_checkbox\" id=\"wpgmza_cat_checkbox_10\" name=\"wpgmza_cat_checkbox\" mid=\"1\"><label for=\"wpgmza_cat_checkbox_10\">V\u011bkov\u00e1 kategorie<\/label><ul class=\"wpgmza_cat_ul wpgmza_cat_checkbox_item_holder wpgmza_cat_ul_child\"><li class=\"wpgmza_cat_checkbox_item_holder wpgmza_cat_checkbox_item_holder_18\"><input type=\"checkbox\" value=\"18\" class=\"wpgmza_checkbox\" id=\"wpgmza_cat_checkbox_18\" name=\"wpgmza_cat_checkbox\" mid=\"1\"><label for=\"wpgmza_cat_checkbox_18\">Elite<\/label><\/li><li class=\"wpgmza_cat_checkbox_item_holder wpgmza_cat_checkbox_item_holder_29\"><input type=\"checkbox\" value=\"29\" class=\"wpgmza_checkbox\" id=\"wpgmza_cat_checkbox_29\" name=\"wpgmza_cat_checkbox\" mid=\"1\"><label for=\"wpgmza_cat_checkbox_29\">Junio\u0159i<\/label><\/li><li class=\"wpgmza_cat_checkbox_item_holder wpgmza_cat_checkbox_item_holder_19\"><input type=\"checkbox\" value=\"19\" class=\"wpgmza_checkbox\" id=\"wpgmza_cat_checkbox_19\" name=\"wpgmza_cat_checkbox\" mid=\"1\"><label for=\"wpgmza_cat_checkbox_19\">Masters<\/label><\/li><li class=\"wpgmza_cat_checkbox_item_holder wpgmza_cat_checkbox_item_holder_14\"><input type=\"checkbox\" value=\"14\" class=\"wpgmza_checkbox\" id=\"wpgmza_cat_checkbox_14\" name=\"wpgmza_cat_checkbox\" mid=\"1\"><label for=\"wpgmza_cat_checkbox_14\">U13 (mlad\u0161\u00ed \u017eactvo)<\/label><\/li><li class=\"wpgmza_cat_checkbox_item_holder wpgmza_cat_checkbox_item_holder_15\"><input type=\"checkbox\" value=\"15\" class=\"wpgmza_checkbox\" id=\"wpgmza_cat_checkbox_15\" name=\"wpgmza_cat_checkbox\" mid=\"1\"><label for=\"wpgmza_cat_checkbox_15\">U15 (star\u0161\u00ed \u017eactvo)<\/label><\/li><li class=\"wpgmza_cat_checkbox_item_holder wpgmza_cat_checkbox_item_holder_16\"><input type=\"checkbox\" value=\"16\" class=\"wpgmza_checkbox\" id=\"wpgmza_cat_checkbox_16\" name=\"wpgmza_cat_checkbox\" mid=\"1\"><label for=\"wpgmza_cat_checkbox_16\">U16 a star\u0161\u00ed<\/label><\/li><li class=\"wpgmza_cat_checkbox_item_holder wpgmza_cat_checkbox_item_holder_17\"><input type=\"checkbox\" value=\"17\" class=\"wpgmza_checkbox\" id=\"wpgmza_cat_checkbox_17\" name=\"wpgmza_cat_checkbox\" mid=\"1\"><label for=\"wpgmza_cat_checkbox_17\">U23<\/label><\/li><li class=\"wpgmza_cat_checkbox_item_holder wpgmza_cat_checkbox_item_holder_12\"><input type=\"checkbox\" value=\"12\" class=\"wpgmza_checkbox\" id=\"wpgmza_cat_checkbox_12\" name=\"wpgmza_cat_checkbox\" mid=\"1\"><label for=\"wpgmza_cat_checkbox_12\">U7 a mlad\u0161\u00ed<\/label><\/li><li class=\"wpgmza_cat_checkbox_item_holder wpgmza_cat_checkbox_item_holder_13\"><input type=\"checkbox\" value=\"13\" class=\"wpgmza_checkbox\" id=\"wpgmza_cat_checkbox_13\" name=\"wpgmza_cat_checkbox\" mid=\"1\"><label for=\"wpgmza_cat_checkbox_13\">U8 - U11<\/label><\/li><\/ul><\/li><\/ul><\/div><\/div><\/div>\r\n            \r\n            \r\n            \r\n            <div class=\"wpgmza_map \"  id=\"wpgmza_map_1\" style=\"display:block; overflow:auto; width:100%; height:100%; float:left;\" data-settings='{\"id\":\"1\",\"map_title\":\"New Map\",\"map_width\":\"100\",\"map_height\":\"100\",\"map_start_lat\":\"50.090306599999984\",\"map_start_lng\":\"14.427079299999995\",\"map_start_location\":\"45.950464398418106,-109.81550500000003\",\"map_start_zoom\":\"7\",\"default_marker\":\"\\\/\\\/www.czechcyclingfederation.com\\\/wp-content\\\/uploads\\\/2024\\\/08\\\/location_7976479.png\",\"type\":\"1\",\"alignment\":\"4\",\"directions_enabled\":\"0\",\"styling_enabled\":\"0\",\"styling_json\":\"\",\"active\":\"0\",\"kml\":\"\",\"bicycle\":\"0\",\"traffic\":\"0\",\"dbox\":\"1\",\"dbox_width\":\"100\",\"listmarkers\":\"0\",\"listmarkers_advanced\":\"0\",\"filterbycat\":\"1\",\"ugm_enabled\":\"0\",\"ugm_category_enabled\":\"0\",\"fusion\":\"\",\"map_width_type\":\"%\",\"map_height_type\":\"%\",\"mass_marker_support\":\"0\",\"ugm_access\":\"0\",\"order_markers_by\":\"7\",\"order_markers_choice\":\"1\",\"show_user_location\":\"1\",\"default_to\":\"\",\"other_settings\":{\"map_type\":1,\"sl_stroke_color\":\"#ff0000\",\"sl_fill_color\":\"#ff0000\",\"sl_stroke_opacity\":\"1\",\"sl_fill_opacity\":\"0.5\",\"transport_layer\":false,\"action\":\"wpgmza_save_map\",\"redirect_to\":\"\\\/wp-admin\\\/admin-post.php\",\"map_id\":\"1\",\"http_referer\":\"\\\/wp-admin\\\/admin.php?page=wp-google-maps-menu&amp;amp;action=edit&amp;amp;map_id=1\",\"wpgmza_id\":\"1\",\"wpgmza_start_location\":\"50.090306599999984,14.427079299999995\",\"wpgmza_start_zoom\":\"7\",\"wpgmza_theme_data\":\"[{\\\"featureType\\\":\\\"landscape\\\",\\\"stylers\\\":[{\\\"saturation\\\":-100},{\\\"lightness\\\":65},{\\\"visibility\\\":\\\"on\\\"}]},{\\\"featureType\\\":\\\"poi\\\",\\\"stylers\\\":[{\\\"saturation\\\":-100},{\\\"lightness\\\":51},{\\\"visibility\\\":\\\"simplified\\\"}]},{\\\"featureType\\\":\\\"road.highway\\\",\\\"stylers\\\":[{\\\"saturation\\\":-100},{\\\"visibility\\\":\\\"simplified\\\"}]},{\\\"featureType\\\":\\\"road.arterial\\\",\\\"stylers\\\":[{\\\"saturation\\\":-100},{\\\"lightness\\\":30},{\\\"visibility\\\":\\\"on\\\"}]},{\\\"featureType\\\":\\\"road.local\\\",\\\"stylers\\\":[{\\\"saturation\\\":-100},{\\\"lightness\\\":40},{\\\"visibility\\\":\\\"on\\\"}]},{\\\"featureType\\\":\\\"transit\\\",\\\"stylers\\\":[{\\\"saturation\\\":-100},{\\\"visibility\\\":\\\"simplified\\\"}]},{\\\"featureType\\\":\\\"administrative.province\\\",\\\"stylers\\\":[{\\\"visibility\\\":\\\"off\\\"}]},{\\\"featureType\\\":\\\"water\\\",\\\"elementType\\\":\\\"labels\\\",\\\"stylers\\\":[{\\\"visibility\\\":\\\"on\\\"},{\\\"lightness\\\":-25},{\\\"saturation\\\":-100}]},{\\\"featureType\\\":\\\"water\\\",\\\"elementType\\\":\\\"geometry\\\",\\\"stylers\\\":[{\\\"hue\\\":\\\"#ffff00\\\"},{\\\"lightness\\\":-25},{\\\"saturation\\\":-97}]}]\",\"wpgmza_dbox_width_type\":\"%\",\"default_from\":\"\",\"directions_behaviour\":\"default\",\"force_google_directions_app\":false,\"directions_route_origin_icon\":\"\\\/\\\/www.czechcyclingfederation.com\\\/wp-content\\\/uploads\\\/2024\\\/08\\\/location_7976479.png\",\"directions_origin_retina\":false,\"directions_route_destination_icon\":\"\\\/\\\/www.czechcyclingfederation.com\\\/wp-content\\\/uploads\\\/2024\\\/08\\\/location_7976479.png\",\"directions_destination_retina\":false,\"directions_route_stroke_color\":\"#4f8df5\",\"directions_route_stroke_weight\":\"4\",\"directions_route_stroke_opacity\":\"0.8\",\"directions_fit_bounds_to_route\":false,\"store_locator_enabled\":false,\"store_locator_search_area\":\"auto\",\"wpgmza_store_locator_radius_style\":\"legacy\",\"wpgmza_store_locator_default_radius\":\"10\",\"store_locator_auto_area_max_zoom\":\"\",\"wpgmza_store_locator_restrict\":\"cz\",\"store_locator_distance\":false,\"wpgmza_store_locator_position\":true,\"store_locator_show_distance\":true,\"store_locator_category\":false,\"wpgmza_store_locator_use_their_location\":true,\"wpgmza_store_locator_bounce\":false,\"upload_default_sl_marker\":\"\",\"upload_default_sl_marker_retina\":false,\"wpgmza_sl_animation\":\"0\",\"wpgmza_store_locator_hide_before_search\":false,\"store_locator_query_string\":\"derf\",\"store_locator_default_address\":\"\",\"store_locator_name_search\":false,\"store_locator_name_string\":\"abc\",\"store_locator_not_found_message\":\"\",\"retina\":false,\"wpgmza_map_align\":\"1\",\"upload_default_ul_marker\":\"\\\/\\\/www.czechcyclingfederation.com\\\/wp-content\\\/uploads\\\/2024\\\/08\\\/location_7976479.png\",\"upload_default_ul_marker_retina\":false,\"jump_to_nearest_marker_on_initialization\":false,\"automatically_pan_to_users_location\":true,\"override_users_location_zoom_level\":true,\"override_users_location_zoom_levels\":\"11\",\"show_distance_from_location\":false,\"map_max_zoom\":\"21\",\"map_min_zoom\":\"0\",\"click_open_link\":false,\"fit_maps_bounds_to_markers\":false,\"fit_maps_bounds_to_markers_after_filtering\":true,\"hide_point_of_interest\":false,\"wpgmza_zoom_on_marker_click\":false,\"wpgmza_zoom_on_marker_click_slider\":\"\",\"close_infowindow_on_map_click\":true,\"disable_lightbox_images\":false,\"use_Raw_Jpeg_Coordinates\":false,\"polygon_labels\":false,\"disable_polygon_info_windows\":false,\"enable_advanced_custom_fields_integration\":false,\"enable_toolset_woocommerce_integration\":false,\"only_load_markers_within_viewport\":false,\"iw_primary_color\":\"#000000\",\"iw_accent_color\":\"#000000\",\"iw_text_color\":\"#000000\",\"wpgmza_listmarkers_by\":\"1\",\"wpgmza_marker_listing_position\":false,\"wpgmza_push_in_map\":false,\"wpgmza_push_in_map_placement\":\"12\",\"wpgmza_push_in_map_width\":\"20%\",\"wpgmza_push_in_map_height\":\"100vh\",\"datatable_no_result_message\":\"\",\"remove_search_box_datables\":true,\"dataTable_pagination_style\":\"prev-and-next-buttons-only\",\"datatable_search_string\":\"\",\"datatable_result_start\":\"\",\"datatable_result_of\":\"\",\"datatable_result_to\":\"\",\"datatable_result_total\":\"\",\"datatable_result_show\":\"\",\"datatable_result_entries\":\"\",\"wpgmza_savemap\":\"Ulo\\u017eit mapu \\u00bb\",\"shortcodeAttributes\":{\"id\":\"1\"},\"enable_filter_custom_field_1\":true,\"enable_filter_custom_field_2\":true,\"store_locator_location_placeholder\":\"\",\"zoom_level_on_marker_listing_override\":true,\"zoom_level_on_marker_listing_click\":\"7\",\"marker_listing_disable_zoom\":false,\"enable_marker_labels\":false,\"zoom_level_mobile_override_enabled\":false,\"zoom_level_mobile_override\":\"\",\"enable_filter_custom_field_5\":false,\"wpgmza_theme\":\"3\",\"enable_filter_custom_field_6\":false,\"wpgmza_iw_type\":\"-1\"}}' data-map-id='1' data-shortcode-attributes='{\"id\":\"1\"}'> <\/div>\r\n            \r\n            <div data-wpgmza-table data-wpgmza-php-class=\"WPGMZA\\MarkerListing\\BasicTable\" data-wpgmza-rest-api-route=\"\/marker-listing\/\" data-wpgmza-marker-listing=\"true\" class=\"wpgmza_marker_list_class\" style=\"width:100%;\" data-wpgmza-ajax-parameters='{\"map_id\":\"1\"}' id=\"wpgmza_marker_list_1\"><\/div>   \r\n        \n","protected":false},"excerpt":{"rendered":"","protected":false},"author":1,"featured_media":0,"parent":0,"menu_order":0,"comment_status":"closed","ping_status":"closed","template":"","meta":{"footnotes":""},"class_list":["post-4887","page","type-page","status-publish","hentry"],"_links":{"self":[{"href":"https:\/\/www.czechcyclingfederation.com\/en\/wp-json\/wp\/v2\/pages\/4887","targetHints":{"allow":["GET"]}}],"collection":[{"href":"https:\/\/www.czechcyclingfederation.com\/en\/wp-json\/wp\/v2\/pages"}],"about":[{"href":"https:\/\/www.czechcyclingfederation.com\/en\/wp-json\/wp\/v2\/types\/page"}],"author":[{"embeddable":true,"href":"https:\/\/www.czechcyclingfederation.com\/en\/wp-json\/wp\/v2\/users\/1"}],"replies":[{"embeddable":true,"href":"https:\/\/www.czechcyclingfederation.com\/en\/wp-json\/wp\/v2\/comments?post=4887"}],"version-history":[{"count":1,"href":"https:\/\/www.czechcyclingfederation.com\/en\/wp-json\/wp\/v2\/pages\/4887\/revisions"}],"predecessor-version":[{"id":4888,"href":"https:\/\/www.czechcyclingfederation.com\/en\/wp-json\/wp\/v2\/pages\/4887\/revisions\/4888"}],"wp:attachment":[{"href":"https:\/\/www.czechcyclingfederation.com\/en\/wp-json\/wp\/v2\/media?parent=4887"}],"curies":[{"name":"wp","href":"https:\/\/api.w.org\/{rel}","templated":true}]}}