{"id":40103,"date":"2026-03-09T15:37:44","date_gmt":"2026-03-09T14:37:44","guid":{"rendered":"https:\/\/www.czechcyclingfederation.com\/?page_id=40103"},"modified":"2026-03-09T16:35:27","modified_gmt":"2026-03-09T15:35:27","slug":"profesionalni-zavody","status":"publish","type":"page","link":"https:\/\/www.czechcyclingfederation.com\/en\/profesionalni-zavody\/","title":{"rendered":"Cyklistika pro v\u0161echny &#8211; Profesion\u00e1ln\u00ed z\u00e1vody"},"content":{"rendered":"\n<p>Profesion\u00e1ln\u00ed seri\u00e1ly a sout\u011b\u017ee v sekci Cyklistika pro v\u0161echny p\u0159edstavuj\u00ed sportovn\u00ed projekty ur\u010den\u00e9 \u0161irok\u00e9 cyklistick\u00e9 ve\u0159ejnosti, kter\u00e9 v\u0161ak z\u00e1rove\u0148 spl\u0148uj\u00ed standardy organizovan\u00e9ho z\u00e1vod\u011bn\u00ed. Na rozd\u00edl od \u010dist\u011b hobby akc\u00ed maj\u00ed tyto sout\u011b\u017ee jasn\u011b definovan\u00e1 pravidla, ofici\u00e1ln\u00ed v\u00fdsledkov\u00fd servis a sportovn\u00ed strukturu odpov\u00eddaj\u00edc\u00ed sout\u011b\u017e\u00edm po\u0159\u00e1dan\u00fdm pod hlavi\u010dkou\u00a0<strong>\u010cesk\u00e9ho svazu cyklistiky<\/strong> (\u010cSC) nebo <strong>Mezin\u00e1rodn\u00ed cyklistick\u00e9 unie<\/strong> (UCI).<\/p>\n\n\n\n<p>Do t\u00e9to kategorie pat\u0159\u00ed nap\u0159\u00edklad seri\u00e1ly jako&nbsp;<strong>\u010cesk\u00fd poh\u00e1r v maratonu<\/strong>&nbsp;nebo&nbsp;<strong>\u010cesk\u00fd poh\u00e1r gravel<\/strong>, kter\u00e9 spojuj\u00ed vysokou sportovn\u00ed \u00farove\u0148 s otev\u0159enost\u00ed pro \u0161irok\u00e9 spektrum \u00fa\u010dastn\u00edk\u016f. Z\u00e1vody jsou organizov\u00e1ny podle jednotn\u00fdch pravidel UCI nebo \u010cSC, prob\u00edhaj\u00ed za \u00fa\u010dasti rozhod\u010d\u00edch \u010cSC a vytv\u00e1\u0159ej\u00ed dlouhodobou sout\u011b\u017en\u00ed strukturu v r\u00e1mci cel\u00e9 sezony.<\/p>\n\n\n\n<p>Tyto seri\u00e1ly poskytuj\u00ed prostor jak pro v\u00fdkonnostn\u00ed amat\u00e9rsk\u00e9 jezdce a registrovan\u00e9 z\u00e1vodn\u00edky, tak pro motivovan\u00e9 hobby cyklisty, kte\u0159\u00ed cht\u011bj\u00ed pom\u011b\u0159it sv\u00e9 s\u00edly v kvalitn\u011b p\u0159ipraven\u00fdch z\u00e1vodech. Z\u00e1rove\u0148 p\u0159isp\u00edvaj\u00ed k rozvoji jednotliv\u00fdch discipl\u00edn cyklistiky a vytv\u00e1\u0159ej\u00ed p\u0159irozen\u00fd most mezi rekrea\u010dn\u00ed cyklistikou a v\u00fdkonnostn\u00edm sportem.<\/p>\n\n\n\n<p>Otev\u0159en\u00e9 seri\u00e1ly tak p\u0159edstavuj\u00ed d\u016fle\u017eitou sou\u010d\u00e1st cyklistick\u00e9ho prost\u0159ed\u00ed \u2013 podporuj\u00ed sportovn\u00ed ambice \u0161irok\u00e9 cyklistick\u00e9 komunity, posiluj\u00ed kvalitu z\u00e1vod\u016f pro ve\u0159ejnost a z\u00e1rove\u0148 p\u0159isp\u00edvaj\u00ed k celkov\u00e9mu rozvoji cyklistiky v \u010cesk\u00e9 republice.<\/p>\n\n\n\n<h2 class=\"wp-block-heading\">Reprezentace<\/h2>\n\n\n\n<p>Reprezentace v t\u011bchto discipl\u00edn\u00e1ch sdru\u017euje nejlep\u0161\u00ed \u010desk\u00e9 z\u00e1vodn\u00edky, kte\u0159\u00ed startuj\u00ed na v\u00fdznamn\u00fdch dom\u00e1c\u00edch i mezin\u00e1rodn\u00edch sout\u011b\u017e\u00edch a reprezentuj\u00ed \u010ceskou republiku na vrcholn\u00fdch akc\u00edch. Jejich \u00fa\u010dast pom\u00e1h\u00e1 zvy\u0161ovat sportovn\u00ed \u00farove\u0148 jednotliv\u00fdch z\u00e1vod\u016f a z\u00e1rove\u0148 p\u0159isp\u00edv\u00e1 k rozvoji t\u011bchto discipl\u00edn v r\u00e1mci \u010desk\u00e9 cyklistiky.<\/p>\n\n\n\n<p>Ka\u017ed\u00e1 z discipl\u00edn veden\u00fdch pod Cyklistikou pro v\u0161echny m\u00e1 sv\u00e9 vlastn\u00ed nomina\u010dn\u00ed krit\u00e9ria, kter\u00e9 podl\u00e9haj\u00ed schv\u00e1len\u00ed ze strany veden\u00ed \u010cSC. V\u00edce informac\u00ed lze nal\u00e9zt na podstr\u00e1nk\u00e1ch n\u00ed\u017ee.<\/p>\n\n\n\n<p>Reprezentace MTB XCM: <a href=\"https:\/\/www.czechcyclingfederation.com\/cyklistika-pro-vsechny-mtb-xcm\/\">ZDE<\/a><\/p>\n\n\n\n<h2 class=\"wp-block-heading\">Pravidla<\/h2>\n\n\n\n<p>Pravidla nov\u011b vznikaj\u00edc\u00edch discipl\u00edn pod souhrnn\u00fdm n\u00e1zvem \u201eCyklistika pro v\u0161echny\u201c (Cycling for all) se na na\u0161em \u00fazem\u00ed \u0159\u00edd\u00ed ofici\u00e1ln\u00edmi pravidly UCI. Pokud dojde ke zm\u011bn\u00e1m v pravidlech ze strany \u010cSC, z\u00e1vodn\u00edci\/po\u0159adatel\u00e9 na n\u011b budou s dostate\u010dn\u00fdm p\u0159edstihem od z\u00e1stupc\u016f \u010cSC upozorn\u011bni.<\/p>\n\n\n\n<p>UCI Pravidla&nbsp;<strong>Cyklistika pro v\u0161echny (Gravel, Masters, Gran Fondo)<\/strong>:&nbsp;<a rel=\"noreferrer noopener\" href=\"https:\/\/assets.ctfassets.net\/761l7gh5x5an\/4nj0eMn8dOZa37oOfbowBm\/9bdfae004b2d0a75164afe85c7a1a5e3\/15-CPT-20220101-E.pdf\" target=\"_blank\">ZDE<\/a><\/p>\n\n\n\n<p>UCI Pravidla&nbsp;<strong>Esport (Virtu\u00e1ln\u00ed cyklistika)<\/strong>:&nbsp;<a rel=\"noreferrer noopener\" href=\"https:\/\/assets.ctfassets.net\/761l7gh5x5an\/46fxAWEzYgjpQMqMe056AP\/681923869ddfda16ecab7f0852161404\/11.12-uci-cycling-esports-regulations-en-22.01.2020.pdf\" target=\"_blank\">ZDE<\/a><\/p>\n\n\n\n<p>UCI Pravidla&nbsp;<strong>MTB XCM, XCE, Beach race, Snow race, ultra XCM, MTB 24,<\/strong>&nbsp;<strong>Pumptrack<\/strong>,&nbsp;<strong>eBike XCO, XCM<\/strong>:&nbsp;<a href=\"https:\/\/assets.ctfassets.net\/761l7gh5x5an\/52jcyhbOYV5t64uHFYspXQ\/875a24b855c28e47a0da0e4b309b8ab1\/2021.11.25_-MTB_EN-left_column_final.pdf\" target=\"_blank\" rel=\"noreferrer noopener\">ZDE<\/a><\/p>\n\n\n<div class=\"wp-block-file\">\r\n                <a target=\"_blank\" rel=\"noopener\" href=\"http:\/\/www.czechcyclingfederation.com\/wp-content\/uploads\/2025\/03\/Smernice_pravidla-ucasti-na-vrcholnych-sportovnich-akcich-UCI-UEC-mimo-zabezpeceni-CSC.pdf\" class=\"wp-block-file__button wp-element-button\">\r\n                    <span class=\"wp-block-file__icon\"><\/span>\r\n                    Sme\u030crnice pravidla u\u0301c\u030casti na vrcholny\u0301ch sportovni\u0301ch akci\u0301ch UCI, UEC mimo zabezpec\u030ceni\u0301 C\u030cSC\r\n                <\/a>\r\n            <\/div>\n\n<div class=\"wp-block-file\">\r\n                <a target=\"_blank\" rel=\"noopener\" href=\"http:\/\/www.czechcyclingfederation.com\/wp-content\/uploads\/2024\/10\/STATUT-UCASTNIKA-VRCHOLNE-AKCE-UEC-UCI.docx\" class=\"wp-block-file__button wp-element-button\">\r\n                    <span class=\"wp-block-file__icon\"><\/span>\r\n                    STATUT U\u0301C\u030cASTNI\u0301KA VRCHOLNE\u0301 AKCE UEC, UCI\r\n                <\/a>\r\n            <\/div>\n\n\n<h2 class=\"wp-block-heading\"><\/h2>\n","protected":false},"excerpt":{"rendered":"<p>Profesion\u00e1ln\u00ed seri\u00e1ly a sout\u011b\u017ee v sekci Cyklistika pro v\u0161echny p\u0159edstavuj\u00ed sportovn\u00ed projekty ur\u010den\u00e9 \u0161irok\u00e9 cyklistick\u00e9 ve\u0159ejnosti, kter\u00e9 v\u0161ak z\u00e1rove\u0148 spl\u0148uj\u00ed standardy organizovan\u00e9ho z\u00e1vod\u011bn\u00ed. Na rozd\u00edl od \u010dist\u011b hobby akc\u00ed maj\u00ed tyto sout\u011b\u017ee jasn\u011b definovan\u00e1 pravidla, ofici\u00e1ln\u00ed v\u00fdsledkov\u00fd servis a sportovn\u00ed strukturu odpov\u00eddaj\u00edc\u00ed sout\u011b\u017e\u00edm po\u0159\u00e1dan\u00fdm pod hlavi\u010dkou\u00a0\u010cesk\u00e9ho svazu cyklistiky (\u010cSC) nebo Mezin\u00e1rodn\u00ed cyklistick\u00e9 unie (UCI). Do [&hellip;]<\/p>\n","protected":false},"author":14,"featured_media":40104,"parent":0,"menu_order":0,"comment_status":"closed","ping_status":"closed","template":"disciplina-page.php","meta":{"footnotes":""},"class_list":["post-40103","page","type-page","status-publish","has-post-thumbnail","hentry"],"_links":{"self":[{"href":"https:\/\/www.czechcyclingfederation.com\/en\/wp-json\/wp\/v2\/pages\/40103","targetHints":{"allow":["GET"]}}],"collection":[{"href":"https:\/\/www.czechcyclingfederation.com\/en\/wp-json\/wp\/v2\/pages"}],"about":[{"href":"https:\/\/www.czechcyclingfederation.com\/en\/wp-json\/wp\/v2\/types\/page"}],"author":[{"embeddable":true,"href":"https:\/\/www.czechcyclingfederation.com\/en\/wp-json\/wp\/v2\/users\/14"}],"replies":[{"embeddable":true,"href":"https:\/\/www.czechcyclingfederation.com\/en\/wp-json\/wp\/v2\/comments?post=40103"}],"version-history":[{"count":8,"href":"https:\/\/www.czechcyclingfederation.com\/en\/wp-json\/wp\/v2\/pages\/40103\/revisions"}],"predecessor-version":[{"id":40129,"href":"https:\/\/www.czechcyclingfederation.com\/en\/wp-json\/wp\/v2\/pages\/40103\/revisions\/40129"}],"wp:featuredmedia":[{"embeddable":true,"href":"https:\/\/www.czechcyclingfederation.com\/en\/wp-json\/wp\/v2\/media\/40104"}],"wp:attachment":[{"href":"https:\/\/www.czechcyclingfederation.com\/en\/wp-json\/wp\/v2\/media?parent=40103"}],"curies":[{"name":"wp","href":"https:\/\/api.w.org\/{rel}","templated":true}]}}