{"id":38922,"date":"2025-12-01T01:53:39","date_gmt":"2025-12-01T00:53:39","guid":{"rendered":"https:\/\/www.czechcyclingfederation.com\/?page_id=38922"},"modified":"2026-03-09T15:23:21","modified_gmt":"2026-03-09T14:23:21","slug":"kral-cyklistiky-2025","status":"publish","type":"page","link":"https:\/\/www.czechcyclingfederation.com\/en\/kral-cyklistiky-2025\/","title":{"rendered":"Kr\u00e1l cyklistiky &#8211; ukon\u010den\u00ed hlasov\u00e1n\u00ed"},"content":{"rendered":"\n<p class=\"has-text-align-center has-medium-font-size\"><strong>Hlasov\u00e1n\u00ed je u konce! D\u011bkujeme za z\u00e1jem a t\u011b\u0161\u00edme se na vyhl\u00e1\u0161en\u00ed ankety Kr\u00e1l cyklistiky 2025! <\/strong><\/p>\n\n\n\n<p class=\"has-text-align-center has-medium-font-size\"><strong>Sledovat ho m\u016f\u017eete ji\u017e 12. ledna 2026 od 20:15 na obrazovk\u00e1ch \u010cT Sport<\/strong>.<\/p>\n\n\n\n<p><\/p>\n","protected":false},"excerpt":{"rendered":"<p>Hlasov\u00e1n\u00ed je u konce! D\u011bkujeme za z\u00e1jem a t\u011b\u0161\u00edme se na vyhl\u00e1\u0161en\u00ed ankety Kr\u00e1l cyklistiky 2025! Sledovat ho m\u016f\u017eete ji\u017e 12. ledna 2026 od 20:15 na obrazovk\u00e1ch \u010cT Sport.<\/p>\n","protected":false},"author":1,"featured_media":0,"parent":0,"menu_order":0,"comment_status":"closed","ping_status":"closed","template":"","meta":{"footnotes":""},"class_list":["post-38922","page","type-page","status-publish","hentry"],"_links":{"self":[{"href":"https:\/\/www.czechcyclingfederation.com\/en\/wp-json\/wp\/v2\/pages\/38922","targetHints":{"allow":["GET"]}}],"collection":[{"href":"https:\/\/www.czechcyclingfederation.com\/en\/wp-json\/wp\/v2\/pages"}],"about":[{"href":"https:\/\/www.czechcyclingfederation.com\/en\/wp-json\/wp\/v2\/types\/page"}],"author":[{"embeddable":true,"href":"https:\/\/www.czechcyclingfederation.com\/en\/wp-json\/wp\/v2\/users\/1"}],"replies":[{"embeddable":true,"href":"https:\/\/www.czechcyclingfederation.com\/en\/wp-json\/wp\/v2\/comments?post=38922"}],"version-history":[{"count":15,"href":"https:\/\/www.czechcyclingfederation.com\/en\/wp-json\/wp\/v2\/pages\/38922\/revisions"}],"predecessor-version":[{"id":40102,"href":"https:\/\/www.czechcyclingfederation.com\/en\/wp-json\/wp\/v2\/pages\/38922\/revisions\/40102"}],"wp:attachment":[{"href":"https:\/\/www.czechcyclingfederation.com\/en\/wp-json\/wp\/v2\/media?parent=38922"}],"curies":[{"name":"wp","href":"https:\/\/api.w.org\/{rel}","templated":true}]}}