{"id":24390,"date":"2022-08-26T12:57:39","date_gmt":"2022-08-26T10:57:39","guid":{"rendered":"https:\/\/www.czechcyclingfederation.com\/para-reprezentace\/"},"modified":"2026-02-19T13:07:57","modified_gmt":"2026-02-19T12:07:57","slug":"para-reprezentace","status":"publish","type":"page","link":"https:\/\/www.czechcyclingfederation.com\/en\/para-reprezentace\/","title":{"rendered":"Para-cyklistika &#8211; Reprezentace"},"content":{"rendered":"\n<h4 class=\"wp-block-heading\">Reprezenta\u010dn\u00ed t\u00fdm A &#8211; 2026<\/h4>\n\n\n\n<figure class=\"wp-block-table\"><table><thead><tr><th><strong>Jm\u00e9no<\/strong><\/th><th><strong>P\u0159\u00edjmen\u00ed<\/strong><\/th><th><strong>Kategorie<\/strong><\/th><\/tr><\/thead><tbody><tr><td>Pavl\u00edna <\/td><td>Vejvodov\u00e1<\/td><td>T1<\/td><\/tr><tr><td>Jind\u0159ich<\/td><td>Ma\u0161\u00edn<\/td><td>T2<\/td><\/tr><tr><td>Patrik<\/td><td>Jahoda<\/td><td>H1<\/td><\/tr><tr><td>Kate\u0159ina <\/td><td>Anto\u0161ov\u00e1<\/td><td>H3<\/td><\/tr><tr><td>Ivo<\/td><td>Koblasa<\/td><td>C2<\/td><\/tr><tr><td>Jan<\/td><td>Mo\u0161t\u011bk<\/td><td>C3<\/td><\/tr><tr><td>V\u00e1clav <\/td><td>Antal<\/td><td>H3<\/td><\/tr><\/tbody><\/table><\/figure>\n\n\n\n<p><strong>Reprezenta\u010dn\u00ed t\u00fdm B &#8211; 2026<\/strong><\/p>\n\n\n\n<figure class=\"wp-block-table\"><table class=\"has-fixed-layout\"><thead><tr><th><strong>Jm\u00e9no<\/strong><\/th><th><strong>P\u0159\u00edjmen\u00ed<\/strong><\/th><th><strong>Kategorie<\/strong><\/th><\/tr><\/thead><tbody><tr><td>Tom\u00e1\u0161<\/td><td>Kajnar<\/td><td>C5<\/td><\/tr><tr><td>Petr <\/td><td>Berger<\/td><td>T1<\/td><\/tr><tr><td>Kate\u0159ina <\/td><td>Smoln\u00e1<\/td><td>T2<\/td><\/tr><\/tbody><\/table><\/figure>\n\n\n\n<p><strong>Z\u00e1vodn\u00edci s\u00a0mo\u017enost\u00ed \u00fa\u010dasti na SP 2026 se statusem individu\u00e1ln\u00ed sportovec jako samopl\u00e1tce<\/strong><\/p>\n\n\n\n<figure class=\"wp-block-table\"><table class=\"has-fixed-layout\"><thead><tr><th><strong>Jm\u00e9no<\/strong><\/th><th><strong>P\u0159\u00edjmen\u00ed<\/strong><\/th><\/tr><\/thead><tbody><tr><td>Pavel<\/td><td>D\u011bck\u00fd<\/td><\/tr><tr><td>Tom\u00e1\u0161<\/td><td>Mo\u0161ni\u010dka<\/td><\/tr><tr><td>Roman<\/td><td>\u0160ejna<\/td><\/tr><tr><td>Du\u0161an<\/td><td>Ju\u0159i\u010dka<\/td><\/tr><tr><td>Kate\u0159ina<\/td><td>Smoln\u00e1<\/td><\/tr><tr><td>Zbyn\u011bk<\/td><td>Charv\u00e1t<\/td><\/tr><tr><td>Ad\u00e9la<\/td><td>Hajzlerov\u00e1<\/td><\/tr><tr><td>Tom\u00e1\u0161<\/td><td>Kajnar<\/td><\/tr><tr><td>Michal<\/td><td>Stark<\/td><\/tr><tr><td>Tom\u00e1\u0161<\/td><td>Mast\u00edk<\/td><\/tr><tr><td>Roman<\/td><td>Lasovsk\u00fd<\/td><\/tr><\/tbody><\/table><figcaption class=\"wp-element-caption\">Seznam jmen z\u00e1vodn\u00edk\u016f m\u016f\u017ee b\u00fdt roz\u0161\u00ed\u0159en na z\u00e1klad\u011b za\u0159azen\u00ed<\/figcaption><\/figure>\n\n\n\n<p><strong>Realiza\u010dn\u00ed t\u00fdm 2026<\/strong><\/p>\n\n\n\n<figure class=\"wp-block-table\"><table><thead><tr><th><strong>Jm\u00e9no<\/strong><\/th><th><strong>P\u0159\u00edjmen\u00ed<\/strong><\/th><th><strong>Funkce<\/strong><\/th><th><strong>Kontakt<\/strong><\/th><\/tr><\/thead><tbody><tr><td>Vojt\u011bch&nbsp;<\/td><td>Pavl\u00edk<\/td><td>mana\u017eer reprezentace<\/td><td><a href=\"mailto:vojtech.pavlik@caths.cz\">vojtech.pavlik@caths.cz&nbsp;<\/a><\/td><\/tr><tr><td>Luk\u00e1\u0161<\/td><td>Petr<\/td><td>reprezenta\u010dn\u00ed tren\u00e9r<\/td><td><a href=\"mailto:lukas_petr@seznam.cz\">lukas_petr@seznam.cz<\/a><\/td><\/tr><tr><td>Jaroslava&nbsp;<\/td><td>Krakovi\u010dov\u00e1<\/td><td>mana\u017eer reprezentace<\/td><td><a href=\"mailto:krakovicova@ceskysvazcyklistiky.cz\">krakovicova@ceskysvazcyklistiky.cz&nbsp;<\/a><\/td><\/tr><tr><td>Lubo\u0161<\/td><td>Jirka<\/td><td>osobn\u00ed asistent\/mechanik<\/td><td><\/td><\/tr><tr><td>Ivo&nbsp;<\/td><td>Koblasa st.<\/td><td>osobn\u00ed asistent\/mechanik<\/td><td><\/td><\/tr><tr><td>Luk\u00e1\u0161<\/td><td>Falada<\/td><td>osobn\u00ed asistent<\/td><td><\/td><\/tr><tr><td>Zden\u011bk<\/td><td>Mlyn\u00e1\u0159<\/td><td>tren\u00e9r\/asistent<\/td><td><\/td><\/tr><tr><td>Richard<\/td><td>Jahoda<\/td><td>osobn\u00ed asistent<\/td><td><\/td><\/tr><\/tbody><\/table><\/figure>\n\n\n\n<h2 class=\"wp-block-heading\">Nomina\u010dn\u00ed krit\u00e9ria<\/h2>\n\n\n<div class=\"wp-block-file\">\n                <a target=\"_blank\" rel=\"noopener\" href=\"https:\/\/www.czechcyclingfederation.com\/wp-content\/uploads\/2026\/02\/Nominacni-kriteria-na-zavody-para-cycling-2026.pdf\" class=\"wp-block-file__button wp-element-button\">\n                    <span class=\"wp-block-file__icon\"><\/span>\n                    Nomina\u010dn\u00ed krit\u00e9ria na z\u00e1vody para-cycling 2026\n                <\/a>\n            <\/div>\n\n<div class=\"wp-block-file\">\n                <a target=\"_blank\" rel=\"noopener\" href=\"https:\/\/www.czechcyclingfederation.com\/wp-content\/uploads\/2026\/02\/Kriteria-pro-zarazeni-do-reprezentace-para-cycling-2026.pdf\" class=\"wp-block-file__button wp-element-button\">\n                    <span class=\"wp-block-file__icon\"><\/span>\n                    Krit\u00e9ria pro za\u0159azen\u00ed do reprezentace para-cycling 2026\n                <\/a>\n            <\/div>\n\n\n<p><\/p>\n","protected":false},"excerpt":{"rendered":"<p>Reprezenta\u010dn\u00ed t\u00fdm A &#8211; 2026 Jm\u00e9no P\u0159\u00edjmen\u00ed Kategorie Pavl\u00edna Vejvodov\u00e1 T1 Jind\u0159ich Ma\u0161\u00edn T2 Patrik Jahoda H1 Kate\u0159ina Anto\u0161ov\u00e1 H3 Ivo Koblasa C2 Jan Mo\u0161t\u011bk C3 V\u00e1clav Antal H3 Reprezenta\u010dn\u00ed t\u00fdm B &#8211; 2026 Jm\u00e9no P\u0159\u00edjmen\u00ed Kategorie Tom\u00e1\u0161 Kajnar C5 Petr Berger T1 Kate\u0159ina Smoln\u00e1 T2 Z\u00e1vodn\u00edci s\u00a0mo\u017enost\u00ed \u00fa\u010dasti na SP 2026 se statusem individu\u00e1ln\u00ed [&hellip;]<\/p>\n","protected":false},"author":1,"featured_media":34416,"parent":0,"menu_order":0,"comment_status":"closed","ping_status":"closed","template":"repre-page.php","meta":{"footnotes":""},"class_list":["post-24390","page","type-page","status-publish","has-post-thumbnail","hentry"],"_links":{"self":[{"href":"https:\/\/www.czechcyclingfederation.com\/en\/wp-json\/wp\/v2\/pages\/24390","targetHints":{"allow":["GET"]}}],"collection":[{"href":"https:\/\/www.czechcyclingfederation.com\/en\/wp-json\/wp\/v2\/pages"}],"about":[{"href":"https:\/\/www.czechcyclingfederation.com\/en\/wp-json\/wp\/v2\/types\/page"}],"author":[{"embeddable":true,"href":"https:\/\/www.czechcyclingfederation.com\/en\/wp-json\/wp\/v2\/users\/1"}],"replies":[{"embeddable":true,"href":"https:\/\/www.czechcyclingfederation.com\/en\/wp-json\/wp\/v2\/comments?post=24390"}],"version-history":[{"count":21,"href":"https:\/\/www.czechcyclingfederation.com\/en\/wp-json\/wp\/v2\/pages\/24390\/revisions"}],"predecessor-version":[{"id":39900,"href":"https:\/\/www.czechcyclingfederation.com\/en\/wp-json\/wp\/v2\/pages\/24390\/revisions\/39900"}],"wp:featuredmedia":[{"embeddable":true,"href":"https:\/\/www.czechcyclingfederation.com\/en\/wp-json\/wp\/v2\/media\/34416"}],"wp:attachment":[{"href":"https:\/\/www.czechcyclingfederation.com\/en\/wp-json\/wp\/v2\/media?parent=24390"}],"curies":[{"name":"wp","href":"https:\/\/api.w.org\/{rel}","templated":true}]}}