{"id":24387,"date":"2020-06-24T07:02:03","date_gmt":"2020-06-24T05:02:03","guid":{"rendered":"https:\/\/www.czechcyclingfederation.com\/draha-reprezentace\/"},"modified":"2026-03-30T12:34:00","modified_gmt":"2026-03-30T10:34:00","slug":"draha-reprezentace","status":"publish","type":"page","link":"https:\/\/www.czechcyclingfederation.com\/en\/draha-reprezentace\/","title":{"rendered":"Dr\u00e1ha reprezentace"},"content":{"rendered":"\n<h2 class=\"wp-block-heading\">Reprezenta\u010dn\u00ed t\u00fdm 2026<\/h2>\n\n\n\n<figure class=\"wp-block-table\"><table><thead><tr><th><strong>P\u0158\u00cdJMEN\u00cd<\/strong><\/th><th><strong>JM\u00c9NO<\/strong><\/th><\/tr><\/thead><tbody><tr><td>TOPINKA<\/td><td>Dominik<\/td><\/tr><tr><td>BOHUSL\u00c1VEK<\/td><td>Mat\u011bj<\/td><\/tr><tr><td>\u010cECHMAN<\/td><td>Martin<\/td><\/tr><tr><td>\u0160\u0164ASTN\u00dd&nbsp;<\/td><td>Jakub<\/td><\/tr><tr><td>JABORN\u00cdKOV\u00c1<\/td><td>Veronika<\/td><\/tr><tr><td>JABORN\u00cdKOV\u00c1<\/td><td>Anna<\/td><\/tr><tr><td>PETERKOV\u00c1<\/td><td>S\u00e1ra Kate\u0159ina<\/td><\/tr><tr><td>PO\u0158\u00cdZEK<\/td><td>Jan<\/td><\/tr><tr><td>PETERKA<\/td><td>David<\/td><\/tr><tr><td>RUGOVAC<\/td><td>Denis<\/td><\/tr><tr><td>VONE\u0160&nbsp;<\/td><td>Jan<\/td><\/tr><tr><td>\u0160EV\u010c\u00cdKOV\u00c1&nbsp;<\/td><td>Petra<\/td><\/tr><tr><td>K\u0158ENEK<\/td><td>Adam<\/td><\/tr><tr><td>BURLOV\u00c1<\/td><td>Krist\u00fdna<\/td><\/tr><tr><td>KADLEC<\/td><td>Milan<\/td><\/tr><tr><td>KOBL\u00cd\u017dEK<\/td><td>Maty\u00e1\u0161<\/td><\/tr><tr><td>KOBR<\/td><td>Richard<\/td><\/tr><tr><td>B\u00c1RTOV\u00c1<\/td><td>Gabriela<\/td><\/tr><tr><td>N\u011aMCOV\u00c1<\/td><td>Barbora<\/td><\/tr><tr><td>BITTMAN<\/td><td>Adam<\/td><\/tr><tr><td>RICHTER<\/td><td>Filip<\/td><\/tr><tr><td>VR\u00c1NA<\/td><td>Tom\u00e1\u0161<\/td><\/tr><tr><td>MAT\u011aJEK<\/td><td>\u0160imon<\/td><\/tr><tr><td>PIT\u00c1K<\/td><td>Mat\u011bj<\/td><\/tr><tr><td>RAUSCHERT<\/td><td>Albert<\/td><\/tr><tr><td>PITTNEROV\u00c1<\/td><td>Ad\u00e9la<\/td><\/tr><tr><td>STRAKAT\u00c1<\/td><td>Vendula<\/td><\/tr><tr><td>HERMANOV\u00c1<\/td><td>Be\u00e1ta<\/td><\/tr><tr><td>RAUSCHGOLD<\/td><td>Adam<\/td><\/tr><tr><td>FRAJBI\u0160<\/td><td>Adam<\/td><\/tr><tr><td>\u0160ILHAV\u00dd<\/td><td>Ond\u0159ej<\/td><\/tr><tr><td>KOBR<\/td><td>Robert<\/td><\/tr><tr><td>BRAD\u00c1\u010c<\/td><td>Adam<\/td><\/tr><tr><td>PAD\u011aLEK<\/td><td>Viktor<\/td><\/tr><tr><td>RUGOVAC<\/td><td>Hana<\/td><\/tr><tr><td>BARTON\u00cdKOV\u00c1<\/td><td>Veronika<\/td><\/tr><tr><td>HUB\u00c1\u010cEK<\/td><td>Jaroslav<\/td><\/tr><tr><td>HASAL<\/td><td>Luk\u00e1\u0161<\/td><\/tr><tr><td>BE\u010cKA<\/td><td>Vojt\u011bch<\/td><\/tr><tr><td>TESA\u0158\u00cdK<\/td><td>Jakub<\/td><\/tr><tr><td>KUB\u011aNA<\/td><td>Daniel<\/td><\/tr><tr><td>\u017dUF\u00c1NEK<\/td><td>Anton\u00edn<\/td><\/tr><tr><td>VA\u0160INA<\/td><td>Mat\u011bj<\/td><\/tr><tr><td>KR\u00c1TK\u00c1<\/td><td>Zuzka<\/td><\/tr><tr><td>N\u011aMCOV\u00c1<\/td><td>Nat\u00e1lie<\/td><\/tr><tr><td>HONZ\u00c1K<\/td><td>Jarom\u00edr<\/td><\/tr><tr><td>\u0160EV\u010c\u00cdK<\/td><td>Filip<\/td><\/tr><tr><td>KOVA\u0158\u00cdK<\/td><td>Adam<\/td><\/tr><tr><td>BENE\u0160OV\u00c1<\/td><td>Ema<\/td><\/tr><tr><td>FOJT\u016e<\/td><td>Kate\u0159ina<\/td><\/tr><tr><td>K\u0158UPALOV\u00c1<\/td><td>Krist\u00fdna<\/td><\/tr><tr><td>JARO\u0160OV\u00c1<\/td><td>Em\u00edlie<\/td><\/tr><\/tbody><\/table><\/figure>\n\n\n\n<h2 class=\"wp-block-heading\">Realiza\u010dn\u00ed t\u00fdm<\/h2>\n\n\n\n<figure class=\"wp-block-table\"><table><thead><tr><th><strong>P\u0158\u00cdJMEN\u00cd<\/strong><\/th><th><strong>JM\u00c9NO<\/strong><\/th><th><strong>FUNKCE<\/strong><\/th><th><strong>KONTAKT<\/strong><\/th><\/tr><\/thead><tbody><tr><td>Mr\u00e1\u010dek st.<\/td><td>Michal <\/td><td>mana\u017eer<\/td><td><a href=\"mailto:mracek.michal@tiscali.cz\" data-type=\"mailto\" data-id=\"mailto:mracek.michal@tiscali.cz\">mracek.michal@tiscali.cz&nbsp;<\/a><\/td><\/tr><tr><td>Klime\u0161<\/td><td>Petr<\/td><td>tren\u00e9r sprint<\/td><td><a href=\"mailto:peca.klimes@gmail.com\">peca.klimes@gmail.com<\/a><\/td><\/tr><tr><td>Buchta<\/td><td>Svatopluk<\/td><td>asistent sprint<\/td><td>&nbsp;<\/td><\/tr><tr><td>Vojta<\/td><td>&nbsp;Lubom\u00edr<\/td><td>tren\u00e9r sprint<\/td><td>&nbsp;<\/td><\/tr><tr><td>\u010cvan\u010dara<\/td><td>David<\/td><td>asistent sprint<\/td><td>&nbsp;<\/td><\/tr><tr><td>Fanta<\/td><td>Ji\u0159\u00ed<\/td><td>mas\u00e9r<\/td><td>&nbsp;<\/td><\/tr><tr><td>Bu\u010dek<\/td><td>Petr<\/td><td>mas\u00e9r<\/td><td>&nbsp;<\/td><\/tr><tr><td>Ka\u0148kovsk\u00fd<\/td><td>Martin<\/td><td>mechanik<\/td><td>&nbsp;<\/td><\/tr><tr><td>Fleischmann<\/td><td>Ond\u0159ej<\/td><td>mechanik<\/td><td>&nbsp;<\/td><\/tr><tr><td>V\u00e1lka<\/td><td>Robert<\/td><td>l\u00e9ka\u0159<\/td><td>&nbsp;<\/td><\/tr><tr><td>Dost\u00e1l<\/td><td>Ji\u0159\u00ed<\/td><td>l\u00e9ka\u0159<\/td><td>&nbsp;<\/td><\/tr><tr><td>Kimmel<\/td><td>Erik<\/td><td>fitness tren\u00e9r<\/td><td>&nbsp;<\/td><\/tr><tr><td>Ka\u0148kovsk\u00e1<\/td><td>Ema<\/td><td>asistentka sprint<\/td><td><\/td><\/tr><tr><td>Kadlec<\/td><td>Milan<\/td><td>tren\u00e9r vytrvalc\u016f<\/td><td><a href=\"mailto:milkadlec77@gmail.com\">milkadlec77@gmail.com<\/a><\/td><\/tr><tr><td>Thun<\/td><td>Luk\u00e1\u0161<\/td><td>tren\u00e9r vytrvalc\u016f<\/td><td>&nbsp;<\/td><\/tr><tr><td>Cetkovsk\u00fd<\/td><td>Martin<\/td><td>tren\u00e9r vytrvalc\u016f<\/td><td>&nbsp;<\/td><\/tr><tr><td>Mixa<\/td><td>Marek<\/td><td>tren\u00e9r vytrvalc\u016f<\/td><td>&nbsp;<\/td><\/tr><tr><td>Proch\u00e1zka&nbsp;<\/td><td>V\u00e1clav<\/td><td>mechanik<\/td><td>&nbsp;<\/td><\/tr><tr><td>Stan\u011bk<\/td><td>Vojt\u011bch<\/td><td>mas\u00e9r<\/td><td>&nbsp;<\/td><\/tr><tr><td>Mr\u00e1\u010dek ml.<\/td><td>Michal <\/td><td>mas\u00e9r<\/td><td>&nbsp;<\/td><\/tr><tr><td>Pern\u00fd&nbsp;<\/td><td>Josef<\/td><td>mas\u00e9r<\/td><td>&nbsp;<\/td><\/tr><tr><td>\u0160moranc<\/td><td>Martin<\/td><td>kucha\u0159<\/td><td>&nbsp;<\/td><\/tr><tr><td>Dohnal<\/td><td>Roman<\/td><td>mechanik<\/td><td>&nbsp;<\/td><\/tr><tr><td>Hr\u016fza&nbsp;<\/td><td>Tom\u00e1\u0161<\/td><td>mas\u00e9r<\/td><td>&nbsp;<\/td><\/tr><tr><td>Martinec<\/td><td>Ji\u0159\u00ed<\/td><td>mas\u00e9r<\/td><td>&nbsp;<\/td><\/tr><\/tbody><\/table><\/figure>\n\n\n\n<h2 class=\"wp-block-heading\">Nomina\u010dn\u00ed krit\u00e9ria<\/h2>\n\n\n<div class=\"wp-block-file\">\n                <a target=\"_blank\" rel=\"noopener\" href=\"https:\/\/www.czechcyclingfederation.com\/wp-content\/uploads\/2025\/12\/Nominacni-kriteria-RD-sprint-2026.xlsx\" class=\"wp-block-file__button wp-element-button\">\n                    <span class=\"wp-block-file__icon\"><\/span>\n                    Nomina\u010dn\u00ed krit\u00e9ria RD sprint 2026\n                <\/a>\n            <\/div>\n\n<div class=\"wp-block-file\">\n                <a target=\"_blank\" rel=\"noopener\" href=\"https:\/\/www.czechcyclingfederation.com\/wp-content\/uploads\/2025\/12\/Nominacni-kriteriea-sprint-U19-1.pdf\" class=\"wp-block-file__button wp-element-button\">\n                    <span class=\"wp-block-file__icon\"><\/span>\n                    Nomina\u010dn\u00ed krit\u00e9riea sprint U19 2026\n                <\/a>\n            <\/div>\n\n<div class=\"wp-block-file\">\n                <a target=\"_blank\" rel=\"noopener\" href=\"https:\/\/www.czechcyclingfederation.com\/wp-content\/uploads\/2025\/12\/Nominacni-kriteria-draha-elite-a-U23-2026.xlsx\" class=\"wp-block-file__button wp-element-button\">\n                    <span class=\"wp-block-file__icon\"><\/span>\n                    Nomina\u010dn\u00ed kriteria dr\u00e1ha elite a U23 vytrvalostn\u00ed discipl\u00edny 2026\n                <\/a>\n            <\/div>\n\n<div class=\"wp-block-file\">\n                <a target=\"_blank\" rel=\"noopener\" href=\"https:\/\/www.czechcyclingfederation.com\/wp-content\/uploads\/2025\/12\/nominacni-kritera-draha-vytrvalostni-discipliny.pdf\" class=\"wp-block-file__button wp-element-button\">\n                    <span class=\"wp-block-file__icon\"><\/span>\n                    nomina\u010dn\u00ed kritera dr\u00e1ha, vytrvalostn\u00ed discipl\u00edny 2026\n                <\/a>\n            <\/div>\n\n\n<h2 class=\"wp-block-heading\">Nomina\u010dn\u00ed krit\u00e9ria OH Pa\u0159\u00ed\u017e<\/h2>\n\n\n<div class=\"wp-block-file\">\n                <a target=\"_blank\" rel=\"noopener\" href=\"https:\/\/www.czechcyclingfederation.com\/wp-content\/uploads\/2024\/04\/nominacni-kriteria-OH.pdf\" class=\"wp-block-file__button wp-element-button\">\n                    <span class=\"wp-block-file__icon\"><\/span>\n                    Nomina\u010dn\u00ed krit\u00e9ria OH Pa\u0159\u00ed\u017e 2024\n                <\/a>\n            <\/div>","protected":false},"excerpt":{"rendered":"<p>Reprezenta\u010dn\u00ed t\u00fdm 2026 P\u0158\u00cdJMEN\u00cd JM\u00c9NO TOPINKA Dominik BOHUSL\u00c1VEK Mat\u011bj \u010cECHMAN Martin \u0160\u0164ASTN\u00dd&nbsp; Jakub JABORN\u00cdKOV\u00c1 Veronika JABORN\u00cdKOV\u00c1 Anna PETERKOV\u00c1 S\u00e1ra Kate\u0159ina PO\u0158\u00cdZEK Jan PETERKA David RUGOVAC Denis VONE\u0160&nbsp; Jan \u0160EV\u010c\u00cdKOV\u00c1&nbsp; Petra K\u0158ENEK Adam BURLOV\u00c1 Krist\u00fdna KADLEC Milan KOBL\u00cd\u017dEK Maty\u00e1\u0161 KOBR Richard B\u00c1RTOV\u00c1 Gabriela N\u011aMCOV\u00c1 Barbora BITTMAN Adam RICHTER Filip VR\u00c1NA Tom\u00e1\u0161 MAT\u011aJEK \u0160imon PIT\u00c1K Mat\u011bj RAUSCHERT [&hellip;]<\/p>\n","protected":false},"author":1,"featured_media":34410,"parent":0,"menu_order":0,"comment_status":"closed","ping_status":"closed","template":"repre-page.php","meta":{"footnotes":""},"class_list":["post-24387","page","type-page","status-publish","has-post-thumbnail","hentry"],"_links":{"self":[{"href":"https:\/\/www.czechcyclingfederation.com\/en\/wp-json\/wp\/v2\/pages\/24387","targetHints":{"allow":["GET"]}}],"collection":[{"href":"https:\/\/www.czechcyclingfederation.com\/en\/wp-json\/wp\/v2\/pages"}],"about":[{"href":"https:\/\/www.czechcyclingfederation.com\/en\/wp-json\/wp\/v2\/types\/page"}],"author":[{"embeddable":true,"href":"https:\/\/www.czechcyclingfederation.com\/en\/wp-json\/wp\/v2\/users\/1"}],"replies":[{"embeddable":true,"href":"https:\/\/www.czechcyclingfederation.com\/en\/wp-json\/wp\/v2\/comments?post=24387"}],"version-history":[{"count":8,"href":"https:\/\/www.czechcyclingfederation.com\/en\/wp-json\/wp\/v2\/pages\/24387\/revisions"}],"predecessor-version":[{"id":40469,"href":"https:\/\/www.czechcyclingfederation.com\/en\/wp-json\/wp\/v2\/pages\/24387\/revisions\/40469"}],"wp:featuredmedia":[{"embeddable":true,"href":"https:\/\/www.czechcyclingfederation.com\/en\/wp-json\/wp\/v2\/media\/34410"}],"wp:attachment":[{"href":"https:\/\/www.czechcyclingfederation.com\/en\/wp-json\/wp\/v2\/media?parent=24387"}],"curies":[{"name":"wp","href":"https:\/\/api.w.org\/{rel}","templated":true}]}}