{"id":24386,"date":"2020-06-24T04:16:13","date_gmt":"2020-06-24T02:16:13","guid":{"rendered":"https:\/\/www.czechcyclingfederation.com\/cyklokros-reprezentace\/"},"modified":"2026-03-03T12:08:03","modified_gmt":"2026-03-03T11:08:03","slug":"cyklokros-reprezentace","status":"publish","type":"page","link":"https:\/\/www.czechcyclingfederation.com\/en\/cyklokros-reprezentace\/","title":{"rendered":"Cyklokros Reprezentace"},"content":{"rendered":"\n<h2 class=\"wp-block-heading\">Reprezenta\u010dn\u00ed t\u00fdm<\/h2>\n\n\n\n<figure class=\"wp-block-table\"><table><thead><tr><th><strong>P\u0158\u00cdJMEN\u00cd<\/strong><\/th><th><strong>JM\u00c9NO<\/strong><\/th><th><strong>KATEGORIE<\/strong><\/th><\/tr><\/thead><tbody><tr><td>Boro\u0161<\/td><td>Michael<\/td><td>Elite mu\u017ei<\/td><\/tr><tr><td>\u0158\u00edman<\/td><td>Jakub<\/td><td>Elite mu\u017ei<\/td><\/tr><tr><td>Fiala<\/td><td>Maty\u00e1\u0161<\/td><td>Elite mu\u017ei<\/td><\/tr><tr><td>Jind\u0159ich<\/td><td>Pavel<\/td><td>Elite mu\u017ei<\/td><\/tr><tr><td>Zemanov\u00e1 <\/td><td>Krist\u00fdna<\/td><td>Elite \u017eeny<\/td><\/tr><tr><td>Ba\u017eant<\/td><td>Kry\u0161tof<\/td><td>mu\u017ei U23<\/td><\/tr><tr><td>Je\u017eek<\/td><td>V\u00e1clav<\/td><td>mu\u017ei U23<\/td><\/tr><tr><td>Kerl<\/td><td>Maximili\u00e1n<\/td><td>mu\u017ei U23<\/td><\/tr><tr><td>Hojka<\/td><td>Franti\u0161ek<\/td><td>mu\u017ei U23<\/td><\/tr><tr><td>Gottwaldov\u00e1<\/td><td>Am\u00e1lie<\/td><td>\u017eeny U23<\/td><\/tr><tr><td>Doud\u011brov\u00e1<\/td><td>Kate\u0159ina<\/td><td>\u017eeny U23<\/td><\/tr><tr><td>Je\u0159\u00e1bkov\u00e1<\/td><td>B\u00e1ra<\/td><td>\u017eeny U23<\/td><\/tr><tr><td>Sp\u011b\u0161n\u00e1<\/td><td>Simona<\/td><td>\u017eeny U23<\/td><\/tr><tr><td>John<\/td><td>Anton\u00edn<\/td><td>junio\u0159i<\/td><\/tr><tr><td>Svoboda<\/td><td>David<\/td><td>junio\u0159i<\/td><\/tr><tr><td>Kment<\/td><td>\u0160imon<\/td><td>junio\u0159i<\/td><\/tr><tr><td>Kment<\/td><td>Adam<\/td><td>junio\u0159i<\/td><\/tr><tr><td>Pazourek<\/td><td>Tade\u00e1\u0161<\/td><td>junio\u0159i<\/td><\/tr><tr><td>Bukovsk\u00e1<\/td><td>Barbora<\/td><td>juniorky<\/td><\/tr><tr><td>Cermanov\u00e1<\/td><td>Antonie<\/td><td>juniorky<\/td><\/tr><tr><td>Grohov\u00e1<\/td><td>Lucie<\/td><td>juniorky<\/td><\/tr><tr><td>Slukov\u00e1<\/td><td>Klotylda<\/td><td>juniorky<\/td><\/tr><\/tbody><\/table><\/figure>\n\n\n\n<p>Slo\u017een\u00ed jednotliv\u00fdch RD bude upraveno v pr\u016fb\u011bhu sez\u00f3ny, dle v\u00fdkonnosti jednotliv\u00fdch z\u00e1vodn\u00edk\u016f.<\/p>\n\n\n\n<h2 class=\"wp-block-heading\">Realiza\u010dn\u00ed t\u00fdm<\/h2>\n\n\n\n<figure class=\"wp-block-table\"><table><thead><tr><th><strong>P\u0158\u00cdJMEN\u00cd<\/strong><\/th><th><strong>JM\u00c9NO<\/strong><\/th><th><strong>FUNKCE<\/strong><\/th><th><strong>KONTAKT<\/strong><\/th><\/tr><\/thead><tbody><tr><td>Balogh<\/td><td>Petr<\/td><td>P\u0159edseda discipl\u00edny<\/td><td><a href=\"mailto:balogh@cyklokros.cz\">balogh@cyklokros.cz<\/a><\/td><\/tr><tr><td>Dlask<\/td><td>Petr<\/td><td>Mana\u017eer, logistika<\/td><td><a href=\"mailto:petr.dlask@centrum.cz\">petr.dlask@centrum.cz<\/a><\/td><\/tr><tr><td>Bedn\u00e1\u0159<\/td><td>Michal<\/td><td>Reprezenta\u010dn\u00ed tren\u00e9r<\/td><td><a href=\"mailto:mibednar@seznam.cz\">mibednar@seznam.cz<\/a><\/td><\/tr><tr><td>Bakus<\/td><td>Petr<\/td><td>Hlavn\u00ed mechanik<\/td><td>&nbsp;<\/td><\/tr><tr><td>\u0160afrata<\/td><td>Jan<\/td><td>Mechanik<\/td><td>&nbsp;<\/td><\/tr><tr><td>Kom\u00e1rek<\/td><td>Jind\u0159ich<\/td><td>Mechanik<\/td><td>&nbsp;<\/td><\/tr><tr><td>Doud\u011bra<\/td><td>Petr<\/td><td>Mechanik<\/td><td><\/td><\/tr><tr><td>Bakus<\/td><td>Tom\u00e1\u0161<\/td><td>Mechanik<\/td><td><\/td><\/tr><tr><td>Mal\u00e1<\/td><td>Zuzana<\/td><td>Fyzioterapeutka<\/td><td><\/td><\/tr><tr><td>Bezd\u011bk<\/td><td>Filip<\/td><td>M\u00e9dia\/Fotograf<\/td><td>&nbsp;<\/td><\/tr><tr><td>Kov\u00e1rik<\/td><td>Petr<\/td><td>Kucha\u0159<\/td><td><\/td><\/tr><\/tbody><\/table><\/figure>\n\n\n\n<h2 class=\"wp-block-heading\">Nomina\u010dn\u00ed krit\u00e9ria<\/h2>\n\n\n<div class=\"wp-block-file\">\n                <a target=\"_blank\" rel=\"noopener\" href=\"https:\/\/www.czechcyclingfederation.com\/wp-content\/uploads\/2025\/01\/nom-krit-cx-2024-2025.pdf\" class=\"wp-block-file__button wp-element-button\">\n                    <span class=\"wp-block-file__icon\"><\/span>\n                    Nomina\u010dn\u00ed krit\u00e9ria pro cyklokrosovou sez\u00f3nu 2024\/2025\n                <\/a>\n            <\/div>\n\n<div class=\"wp-block-file\">\n                <a target=\"_blank\" rel=\"noopener\" href=\"https:\/\/www.czechcyclingfederation.com\/wp-content\/uploads\/2025\/10\/nominacni-kriteria-2025_26.pdf\" class=\"wp-block-file__button wp-element-button\">\n                    <span class=\"wp-block-file__icon\"><\/span>\n                    nomina\u010dn\u00ed krit\u00e9ria pro cyklokrosovou sez\u00f3nu 2025\/2026\n                <\/a>\n            <\/div>\n\n<div class=\"wp-block-file\">\n                <a target=\"_blank\" rel=\"noopener\" href=\"https:\/\/www.czechcyclingfederation.com\/wp-content\/uploads\/2026\/03\/Nominacni-kriteria-ME-a-MS-GRVL-2026.pdf\" class=\"wp-block-file__button wp-element-button\">\n                    <span class=\"wp-block-file__icon\"><\/span>\n                    Nomina\u010dn\u00ed krit\u00e9ria ME a MS GRAVEL 2026\n                <\/a>\n            <\/div>\n\n\n<p><\/p>\n","protected":false},"excerpt":{"rendered":"<p>Reprezenta\u010dn\u00ed t\u00fdm P\u0158\u00cdJMEN\u00cd JM\u00c9NO KATEGORIE Boro\u0161 Michael Elite mu\u017ei \u0158\u00edman Jakub Elite mu\u017ei Fiala Maty\u00e1\u0161 Elite mu\u017ei Jind\u0159ich Pavel Elite mu\u017ei Zemanov\u00e1 Krist\u00fdna Elite \u017eeny Ba\u017eant Kry\u0161tof mu\u017ei U23 Je\u017eek V\u00e1clav mu\u017ei U23 Kerl Maximili\u00e1n mu\u017ei U23 Hojka Franti\u0161ek mu\u017ei U23 Gottwaldov\u00e1 Am\u00e1lie \u017eeny U23 Doud\u011brov\u00e1 Kate\u0159ina \u017eeny U23 Je\u0159\u00e1bkov\u00e1 B\u00e1ra \u017eeny U23 Sp\u011b\u0161n\u00e1 Simona [&hellip;]<\/p>\n","protected":false},"author":1,"featured_media":16107,"parent":0,"menu_order":0,"comment_status":"closed","ping_status":"closed","template":"repre-page.php","meta":{"footnotes":""},"class_list":["post-24386","page","type-page","status-publish","has-post-thumbnail","hentry"],"_links":{"self":[{"href":"https:\/\/www.czechcyclingfederation.com\/en\/wp-json\/wp\/v2\/pages\/24386","targetHints":{"allow":["GET"]}}],"collection":[{"href":"https:\/\/www.czechcyclingfederation.com\/en\/wp-json\/wp\/v2\/pages"}],"about":[{"href":"https:\/\/www.czechcyclingfederation.com\/en\/wp-json\/wp\/v2\/types\/page"}],"author":[{"embeddable":true,"href":"https:\/\/www.czechcyclingfederation.com\/en\/wp-json\/wp\/v2\/users\/1"}],"replies":[{"embeddable":true,"href":"https:\/\/www.czechcyclingfederation.com\/en\/wp-json\/wp\/v2\/comments?post=24386"}],"version-history":[{"count":16,"href":"https:\/\/www.czechcyclingfederation.com\/en\/wp-json\/wp\/v2\/pages\/24386\/revisions"}],"predecessor-version":[{"id":40017,"href":"https:\/\/www.czechcyclingfederation.com\/en\/wp-json\/wp\/v2\/pages\/24386\/revisions\/40017"}],"wp:featuredmedia":[{"embeddable":true,"href":"https:\/\/www.czechcyclingfederation.com\/en\/wp-json\/wp\/v2\/media\/16107"}],"wp:attachment":[{"href":"https:\/\/www.czechcyclingfederation.com\/en\/wp-json\/wp\/v2\/media?parent=24386"}],"curies":[{"name":"wp","href":"https:\/\/api.w.org\/{rel}","templated":true}]}}