{"id":24383,"date":"2020-06-09T10:22:33","date_gmt":"2020-06-09T08:22:33","guid":{"rendered":"https:\/\/www.czechcyclingfederation.com\/silnice-reprezentace\/"},"modified":"2026-03-30T14:57:27","modified_gmt":"2026-03-30T12:57:27","slug":"silnice-reprezentace","status":"publish","type":"page","link":"https:\/\/www.czechcyclingfederation.com\/en\/silnice-reprezentace\/","title":{"rendered":"Silni\u010dn\u00ed reprezentace"},"content":{"rendered":"\n<h2 class=\"wp-block-heading\">Reprezenta\u010dn\u00ed t\u00fdm 2026<\/h2>\n\n\n\n<figure class=\"wp-block-table\"><table><thead><tr><th><strong>P\u0158\u00cdJMEN\u00cd<\/strong><\/th><th><strong>JM\u00c9NO<\/strong><\/th><\/tr><\/thead><tbody><tr><td>Hirt<\/td><td>Jan<\/td><\/tr><tr><td>Kelemen<\/td><td>Petr<\/td><\/tr><tr><td>Kopeck\u00fd <\/td><td>Tom\u00e1\u0161<\/td><\/tr><tr><td>Bittner<\/td><td>Pavel<\/td><\/tr><tr><td>\u0164oupal\u00edk<\/td><td>Adam<\/td><\/tr><tr><td>Otruba<\/td><td>Jakub<\/td><\/tr><tr><td>\u010cern\u00fd <\/td><td>Josef<\/td><\/tr><tr><td>Kopeck\u00fd<\/td><td>Maty\u00e1\u0161<\/td><\/tr><tr><td>Vacek<\/td><td>Mathias<\/td><\/tr><tr><td>Nov\u00e1k<\/td><td>Pavel<\/td><\/tr><tr><td>Doud\u011brov\u00e1<\/td><td>Kate\u0159ina<\/td><\/tr><tr><td>Burlov\u00e1<\/td><td>Krist\u00fdna<\/td><\/tr><tr><td>Noskov\u00e1<\/td><td>Nikola<\/td><\/tr><tr><td>N\u011bmcov\u00e1<\/td><td>Barbora<\/td><\/tr><tr><td>Kopecky<\/td><td>Julie<\/td><\/tr><tr><td>Kvasni\u010dkov\u00e1<\/td><td>Eli\u0161ka<\/td><\/tr><tr><td>Jandov\u00e1<\/td><td>Veronika<\/td><\/tr><tr><td>Zemanov\u00e1<\/td><td>Krist\u00fdna<\/td><\/tr><tr><td>Hezinov\u00e1<\/td><td>Daniela<\/td><\/tr><tr><td>Han\u00e1kov\u00e1<\/td><td>Anna<\/td><\/tr><tr><td>Kysilkov\u00e1<\/td><td>Ane\u017eka<\/td><\/tr><tr><td>Pittnerov\u00e1<\/td><td>Ad\u00e9la<\/td><\/tr><tr><td>Rothbauerov\u00e1<\/td><td>Karol\u00edna<\/td><\/tr><tr><td>Svobodov\u00e1<\/td><td>Laura<\/td><\/tr><tr><td>Cermanov\u00e1<\/td><td>Antonie<\/td><\/tr><tr><td>Rumanov\u00e1<\/td><td>Tereza<\/td><\/tr><tr><td>\u0160picarov\u00e1<\/td><td>Karol\u00edna<\/td><\/tr><tr><td>Jiroutkov\u00e1<\/td><td>Michaela<\/td><\/tr><tr><td>Drhov\u00e1<\/td><td>Eva<\/td><\/tr><tr><td>N\u011bmcov\u00e1<\/td><td>Nat\u00e1lie<\/td><\/tr><tr><td>Dubcov\u00e1<\/td><td>Anna<\/td><\/tr><tr><td>Kment<\/td><td>\u0160imon<\/td><\/tr><tr><td>Be\u010dv\u00e1\u0159<\/td><td>Oliver<\/td><\/tr><tr><td>Ciboch<\/td><td>Ond\u0159ej<\/td><\/tr><tr><td>Kment<\/td><td>Adam<\/td><\/tr><tr><td>Icha<\/td><td>David<\/td><\/tr><tr><td>Tesa\u0159\u00edk<\/td><td>Jakub<\/td><\/tr><tr><td>Stibl\u00edk<\/td><td>Marek<\/td><\/tr><tr><td>Za\u0148ka<\/td><td>Jakub<\/td><\/tr><tr><td>Kub\u011bna<\/td><td>Daniel<\/td><\/tr><tr><td>Janovsk\u00fd<\/td><td>Tom\u00e1\u0161<\/td><\/tr><tr><td>Zah\u00e1lka<\/td><td>\u0160t\u011bp\u00e1n<\/td><\/tr><tr><td>Bittman<\/td><td>Adam<\/td><\/tr><tr><td>Bittner<\/td><td>Jan<\/td><\/tr><tr><td>P\u0159idal<\/td><td>Tom\u00e1\u0161<\/td><\/tr><tr><td>\u0160ump\u00edk<\/td><td>Pavel<\/td><\/tr><tr><td>Je\u017eek<\/td><td>V\u00e1clav<\/td><\/tr><tr><td>Brad\u00e1\u010d<\/td><td>Adam<\/td><\/tr><tr><td>Monti<\/td><td>Alberto Carlo<\/td><\/tr><tr><td>Mat\u011bjek<\/td><td>\u0160imon<\/td><\/tr><tr><td>Pit\u00e1k<\/td><td>Mat\u011bj<\/td><\/tr><tr><td>B\u00e1rta<\/td><td>Martin<\/td><\/tr><\/tbody><\/table><\/figure>\n\n\n\n<h2 class=\"wp-block-heading\">Realiza\u010dn\u00ed t\u00fdm 2025<\/h2>\n\n\n\n<figure class=\"wp-block-table\"><table><thead><tr><th><strong>P\u0159\u00edjmen\u00ed<\/strong><\/th><th><strong>Jm\u00e9no<\/strong><\/th><th><strong>Funkce<\/strong><\/th><th><strong>Kontakt<\/strong><\/th><\/tr><\/thead><tbody><tr><td>Kaltofen<\/td><td>Petr<\/td><td>Tren\u00e9r &#8211; Elite\/U23<\/td><td>petrkaltofen@gmail.com<\/td><\/tr><tr><td>Petru\u0161<\/td><td>Ji\u0159\u00ed<\/td><td>Tren\u00e9r &#8211; junio\u0159i<\/td><td><\/td><\/tr><tr><td>\u0158epa<\/td><td>Vojt\u011bch<\/td><td>Tren\u00e9r &#8211; juniorky<\/td><td><\/td><\/tr><tr><td>Pern\u00fd<\/td><td>Josef<\/td><td>Mas\u00e9r<\/td><td><\/td><\/tr><tr><td>Vop\u00e1lka<\/td><td>Petr<\/td><td>Mas\u00e9r<\/td><td><\/td><\/tr><\/tbody><\/table><\/figure>\n\n\n\n<h2 class=\"wp-block-heading\">Nomina\u010dn\u00ed krit\u00e9ria<\/h2>\n\n\n<div class=\"wp-block-file\">\n                <a target=\"_blank\" rel=\"noopener\" href=\"https:\/\/www.czechcyclingfederation.com\/wp-content\/uploads\/2025\/11\/Nominacni-kriteria-muzi-Elite-2026.pdf\" class=\"wp-block-file__button wp-element-button\">\n                    <span class=\"wp-block-file__icon\"><\/span>\n                    Nomina\u010dn\u00ed krit\u00e9ria mu\u017ei Elite 2026\n                <\/a>\n            <\/div>\n\n<div class=\"wp-block-file\">\n                <a target=\"_blank\" rel=\"noopener\" href=\"https:\/\/www.czechcyclingfederation.com\/wp-content\/uploads\/2025\/11\/Nominacni-kriteria-zeny-Elite-2026.pdf\" class=\"wp-block-file__button wp-element-button\">\n                    <span class=\"wp-block-file__icon\"><\/span>\n                    Nomina\u010dn\u00ed krit\u00e9ria \u017eeny Elite 2026\n                <\/a>\n            <\/div>\n\n<div class=\"wp-block-file\">\n                <a target=\"_blank\" rel=\"noopener\" href=\"https:\/\/www.czechcyclingfederation.com\/wp-content\/uploads\/2025\/11\/Nominacni-kriteria-muzi-U23-2026.pdf\" class=\"wp-block-file__button wp-element-button\">\n                    <span class=\"wp-block-file__icon\"><\/span>\n                    Nomina\u010dn\u00ed krit\u00e9ria mu\u017ei U23 2026\n                <\/a>\n            <\/div>\n\n<div class=\"wp-block-file\">\n                <a target=\"_blank\" rel=\"noopener\" href=\"https:\/\/www.czechcyclingfederation.com\/wp-content\/uploads\/2025\/11\/Nominacni-kriteria-zeny-U23-2026.pdf\" class=\"wp-block-file__button wp-element-button\">\n                    <span class=\"wp-block-file__icon\"><\/span>\n                    Nomina\u010dn\u00ed krit\u00e9ria \u017eeny U23 2026\n                <\/a>\n            <\/div>\n\n<div class=\"wp-block-file\">\n                <a target=\"_blank\" rel=\"noopener\" href=\"https:\/\/www.czechcyclingfederation.com\/wp-content\/uploads\/2025\/11\/Nominacni-kriteria-juniori-2026.pdf\" class=\"wp-block-file__button wp-element-button\">\n                    <span class=\"wp-block-file__icon\"><\/span>\n                    Nomina\u010dn\u00ed krit\u00e9ria junio\u0159i 2026\n                <\/a>\n            <\/div>\n\n<div class=\"wp-block-file\">\n                <a target=\"_blank\" rel=\"noopener\" href=\"https:\/\/www.czechcyclingfederation.com\/wp-content\/uploads\/2025\/11\/Nominacni-kriteria-juniorky-2026.pdf\" class=\"wp-block-file__button wp-element-button\">\n                    <span class=\"wp-block-file__icon\"><\/span>\n                    Nomina\u010dn\u00ed krit\u00e9ria juniorky 2026\n                <\/a>\n            <\/div>\n\n\n<h2 class=\"wp-block-heading\">Nomina\u010dn\u00ed krit\u00e9ria MASTERS<\/h2>\n\n\n<div class=\"wp-block-file\">\n                <a target=\"_blank\" rel=\"noopener\" href=\"https:\/\/www.czechcyclingfederation.com\/wp-content\/uploads\/2026\/03\/Nominacni_kriteria_Masters_2026.pdf\" class=\"wp-block-file__button wp-element-button\">\n                    <span class=\"wp-block-file__icon\"><\/span>\n                    Nomina\u010dn\u00ed krit\u00e9ria Masters 2026\n                <\/a>\n            <\/div>\n\n\n<h2 class=\"wp-block-heading\">Nomina\u010dn\u00ed krit\u00e9ria EYOF <\/h2>\n\n\n<div class=\"wp-block-file\">\n                <a target=\"_blank\" rel=\"noopener\" href=\"https:\/\/www.czechcyclingfederation.com\/wp-content\/uploads\/2025\/04\/EYOF-2025.pdf\" class=\"wp-block-file__button wp-element-button\">\n                    <span class=\"wp-block-file__icon\"><\/span>\n                    Nomina\u010dn\u00ed krit\u00e9ria EYOF 2025\n                <\/a>\n            <\/div>\n\n<div class=\"wp-block-file\">\n                <a target=\"_blank\" rel=\"noopener\" href=\"https:\/\/www.czechcyclingfederation.com\/wp-content\/uploads\/2025\/06\/EYOF-2025-nominace.pdf\" class=\"wp-block-file__button wp-element-button\">\n                    <span class=\"wp-block-file__icon\"><\/span>\n                    EYOF 2025 &#8211; nominace\n                <\/a>\n            <\/div>\n\n\n<h2 class=\"wp-block-heading\">OH Pa\u0159\u00ed\u017e 2024<\/h2>\n\n\n<div class=\"wp-block-file\">\n                <a target=\"_blank\" rel=\"noopener\" href=\"https:\/\/www.czechcyclingfederation.com\/wp-content\/uploads\/2024\/01\/OH-Pariz-nominancni-kriteria-1.pdf\" class=\"wp-block-file__button wp-element-button\">\n                    <span class=\"wp-block-file__icon\"><\/span>\n                    Nomina\u010dn\u00ed krit\u00e9ria\n                <\/a>\n            <\/div>\n\n<div class=\"wp-block-file\">\n                <a target=\"_blank\" rel=\"noopener\" href=\"https:\/\/www.czechcyclingfederation.com\/wp-content\/uploads\/2023\/11\/CZE-ROA-ME-Quotas.pdf\" class=\"wp-block-file__button wp-element-button\">\n                    <span class=\"wp-block-file__icon\"><\/span>\n                    P\u0159id\u011blen\u00e1 kv\u00f3ta &#8211; Mu\u017ei\n                <\/a>\n            <\/div>\n\n<div class=\"wp-block-file\">\n                <a target=\"_blank\" rel=\"noopener\" href=\"https:\/\/www.czechcyclingfederation.com\/wp-content\/uploads\/2023\/11\/CZE-ROA-WE-Quotas.pdf\" class=\"wp-block-file__button wp-element-button\">\n                    <span class=\"wp-block-file__icon\"><\/span>\n                    P\u0159id\u011blen\u00e1 kv\u00f3ta &#8211; \u017deny\n                <\/a>\n            <\/div>\n\n\n<h2 class=\"wp-block-heading\">Akademick\u00e9 MS<\/h2>\n\n\n<div class=\"wp-block-file\">\n                <a target=\"_blank\" rel=\"noopener\" href=\"https:\/\/www.czechcyclingfederation.com\/wp-content\/uploads\/2024\/03\/nominacni-kriteria-AMS.pdf\" class=\"wp-block-file__button wp-element-button\">\n                    <span class=\"wp-block-file__icon\"><\/span>\n                    Nomina\u010dn\u00ed krit\u00e9ria AMS\n                <\/a>\n            <\/div>","protected":false},"excerpt":{"rendered":"<p>Reprezenta\u010dn\u00ed t\u00fdm 2026 P\u0158\u00cdJMEN\u00cd JM\u00c9NO Hirt Jan Kelemen Petr Kopeck\u00fd Tom\u00e1\u0161 Bittner Pavel \u0164oupal\u00edk Adam Otruba Jakub \u010cern\u00fd Josef Kopeck\u00fd Maty\u00e1\u0161 Vacek Mathias Nov\u00e1k Pavel Doud\u011brov\u00e1 Kate\u0159ina Burlov\u00e1 Krist\u00fdna Noskov\u00e1 Nikola N\u011bmcov\u00e1 Barbora Kopecky Julie Kvasni\u010dkov\u00e1 Eli\u0161ka Jandov\u00e1 Veronika Zemanov\u00e1 Krist\u00fdna Hezinov\u00e1 Daniela Han\u00e1kov\u00e1 Anna Kysilkov\u00e1 Ane\u017eka Pittnerov\u00e1 Ad\u00e9la Rothbauerov\u00e1 Karol\u00edna Svobodov\u00e1 Laura Cermanov\u00e1 Antonie [&hellip;]<\/p>\n","protected":false},"author":1,"featured_media":34421,"parent":0,"menu_order":0,"comment_status":"closed","ping_status":"closed","template":"repre-page.php","meta":{"footnotes":""},"class_list":["post-24383","page","type-page","status-publish","has-post-thumbnail","hentry"],"_links":{"self":[{"href":"https:\/\/www.czechcyclingfederation.com\/en\/wp-json\/wp\/v2\/pages\/24383","targetHints":{"allow":["GET"]}}],"collection":[{"href":"https:\/\/www.czechcyclingfederation.com\/en\/wp-json\/wp\/v2\/pages"}],"about":[{"href":"https:\/\/www.czechcyclingfederation.com\/en\/wp-json\/wp\/v2\/types\/page"}],"author":[{"embeddable":true,"href":"https:\/\/www.czechcyclingfederation.com\/en\/wp-json\/wp\/v2\/users\/1"}],"replies":[{"embeddable":true,"href":"https:\/\/www.czechcyclingfederation.com\/en\/wp-json\/wp\/v2\/comments?post=24383"}],"version-history":[{"count":21,"href":"https:\/\/www.czechcyclingfederation.com\/en\/wp-json\/wp\/v2\/pages\/24383\/revisions"}],"predecessor-version":[{"id":40482,"href":"https:\/\/www.czechcyclingfederation.com\/en\/wp-json\/wp\/v2\/pages\/24383\/revisions\/40482"}],"wp:featuredmedia":[{"embeddable":true,"href":"https:\/\/www.czechcyclingfederation.com\/en\/wp-json\/wp\/v2\/media\/34421"}],"wp:attachment":[{"href":"https:\/\/www.czechcyclingfederation.com\/en\/wp-json\/wp\/v2\/media?parent=24383"}],"curies":[{"name":"wp","href":"https:\/\/api.w.org\/{rel}","templated":true}]}}