{"id":14345,"date":"2022-11-11T11:12:34","date_gmt":"2022-11-11T10:12:34","guid":{"rendered":"https:\/\/www.czechcyclingfederation.com\/?page_id=14345"},"modified":"2026-03-09T15:19:05","modified_gmt":"2026-03-09T14:19:05","slug":"cyklistika-pro-vsechny-o-discipline","status":"publish","type":"page","link":"https:\/\/www.czechcyclingfederation.com\/en\/cyklistika-pro-vsechny-o-discipline\/","title":{"rendered":"Cyklistika pro v\u0161echny &#8211; o discipl\u00edn\u011b"},"content":{"rendered":"\n<p>Cyklistika pat\u0159\u00ed mezi nejroz\u0161\u00ed\u0159en\u011bj\u0161\u00ed sportovn\u00ed a volno\u010dasov\u00e9 aktivity v \u010cesk\u00e9 republice. Vedle vrcholov\u00e9ho a v\u00fdkonnostn\u00edho sportu p\u0159edstavuje tak\u00e9 p\u0159irozenou sou\u010d\u00e1st ka\u017edodenn\u00edho \u017eivota tis\u00edc\u016f lid\u00ed \u2013 od hobby jezdc\u016f p\u0159es rodiny s d\u011btmi a\u017e po \u00fa\u010dastn\u00edky amat\u00e9rsk\u00fdch z\u00e1vod\u016f a komunitn\u00edch akc\u00ed.<\/p>\n\n\n\n<p><strong>\u010cesk\u00fd svaz cyklistiky<\/strong>&nbsp;proto vn\u00edm\u00e1 svou roli nejen jako organiz\u00e1tora a garanta v\u00fdkonnostn\u00ed cyklistiky, ale tak\u00e9 jako partnera pro rozvoj cyklistiky pro \u0161irokou ve\u0159ejnost. Sekce&nbsp;<strong>Cyklistika pro v\u0161echny<\/strong>&nbsp;vytv\u00e1\u0159\u00ed prostor pro prezentaci a podporu aktivit, kter\u00e9 propojuj\u00ed sport, komunitu a radost z j\u00edzdy na kole nap\u0159\u00ed\u010d v\u0161emi v\u011bkov\u00fdmi kategoriemi i v\u00fdkonnostn\u00edmi \u00farovn\u011bmi.<\/p>\n\n\n\n<p>Tato iniciativa vych\u00e1z\u00ed z princip\u016f, kter\u00e9 dlouhodob\u011b prosazuje tak\u00e9\u00a0<strong>UCI <\/strong>(Union Cycliste Internationale)\u00a0prost\u0159ednictv\u00edm programu\u00a0<strong>Cycling for All<\/strong>, jeho\u017e c\u00edlem je zp\u0159\u00edstupnit cyklistiku co nej\u0161ir\u0161\u00ed ve\u0159ejnosti a podporovat jej\u00ed rozvoj ve v\u0161ech podob\u00e1ch.<\/p>\n\n\n\n<h2 class=\"wp-block-heading\">Prostor pro hobby cyklistiku a ve\u0159ejn\u00e9 akce<\/h2>\n\n\n\n<p>Sekce sdru\u017euje v\u00fdznamn\u00e9 projekty, seri\u00e1ly a ud\u00e1losti, kter\u00e9 oslovuj\u00ed \u0161irokou cyklistickou komunitu a p\u0159isp\u00edvaj\u00ed k popularizaci cyklistiky v \u010cesk\u00e9 republice. Pat\u0159\u00ed mezi n\u011b zejm\u00e9na:<\/p>\n\n\n\n<ul class=\"wp-block-list\">\n<li>seri\u00e1ly a sout\u011b\u017ee otev\u0159en\u00e9 \u0161irok\u00e9 ve\u0159ejnosti, nap\u0159\u00edklad\u00a0<strong>\u010cesk\u00fd poh\u00e1r v maratonu<\/strong>\u00a0nebo\u00a0<strong>\u010cesk\u00fd poh\u00e1r gravel<\/strong><\/li>\n\n\n\n<li>v\u00fdznamn\u00e9 hobby z\u00e1vody na silnici, v ter\u00e9nu i v gravel discipl\u00edn\u00e1ch<\/li>\n\n\n\n<li>d\u011btsk\u00e9 z\u00e1vody, \u0161koln\u00ed sout\u011b\u017ee a n\u00e1borov\u00e9 projekty zam\u011b\u0159en\u00e9 na za\u010d\u00ednaj\u00edc\u00ed cyklisty, jako nap\u0159. <strong>Czech cycling academy<\/strong><\/li>\n\n\n\n<li>cyklistick\u00e9 festivaly, v\u00fdstavy a veletrhy, nap\u0159\u00edklad\u00a0<strong>Prague Bike Fest<\/strong><\/li>\n\n\n\n<li>komunitn\u00ed cyklistick\u00e9 projekty a ve\u0159ejn\u00e9 akce podporuj\u00edc\u00ed aktivn\u00ed \u017eivotn\u00ed styl<\/li>\n<\/ul>\n\n\n\n<p>C\u00edlem je tyto aktivity p\u0159ehledn\u011b propojit, prezentovat je na jednom m\u00edst\u011b a pos\u00edlit jejich viditelnost v r\u00e1mci cyklistick\u00e9ho prost\u0159ed\u00ed i sm\u011brem k \u0161irok\u00e9 ve\u0159ejnosti.<\/p>\n\n\n\n<h2 class=\"wp-block-heading\">Podpora po\u0159adatel\u016f a spole\u010dn\u00e1 komunikace<\/h2>\n\n\n\n<p>Propojen\u00ed t\u011bchto aktivit s&nbsp;<strong>\u010cesk\u00fdm svazem cyklistiky<\/strong>&nbsp;z\u00e1rove\u0148 vytv\u00e1\u0159\u00ed prostor pro systemati\u010dt\u011bj\u0161\u00ed podporu po\u0159adatel\u016f. Platforma umo\u017e\u0148uje sd\u00edlen\u00ed informac\u00ed, zku\u0161enost\u00ed a dobr\u00e9 praxe mezi organiz\u00e1tory jednotliv\u00fdch akc\u00ed, p\u0159isp\u00edv\u00e1 k jejich medi\u00e1ln\u00ed prezentaci a pom\u00e1h\u00e1 posilovat spole\u010dnou komunikaci cyklistiky v \u010cesk\u00e9 republice.<\/p>\n\n\n\n<p>Jedn\u00edm z dlouhodob\u00fdch c\u00edl\u016f je tak\u00e9 vytv\u00e1\u0159en\u00ed stabiln\u00edho prost\u0159ed\u00ed pro rozvoj kvalitn\u00edch amat\u00e9rsk\u00fdch z\u00e1vod\u016f a ve\u0159ejn\u00fdch cyklistick\u00fdch projekt\u016f, kter\u00e9 maj\u00ed v\u00fdznamn\u00fd vliv na popularitu cyklistiky i na zapojen\u00ed nov\u00fdch \u00fa\u010dastn\u00edk\u016f.<\/p>\n\n\n\n<h2 class=\"wp-block-heading\">P\u0159irozen\u00e9 propojen\u00ed s ml\u00e1de\u017e\u00ed a n\u00e1borem<\/h2>\n\n\n\n<p>Komunita hobby cyklist\u016f a ve\u0159ejn\u00fdch akc\u00ed z\u00e1rove\u0148 p\u0159edstavuje d\u016fle\u017eit\u00fd prostor pro objevov\u00e1n\u00ed nov\u00fdch cyklistick\u00fdch talent\u016f. Pr\u00e1v\u011b prost\u0159ednictv\u00edm d\u011btsk\u00fdch z\u00e1vod\u016f, \u0161koln\u00edch sout\u011b\u017e\u00ed nebo n\u00e1borov\u00fdch projekt\u016f z\u00edsk\u00e1vaj\u00ed d\u011bti a mlad\u00ed sportovci prvn\u00ed zku\u0161enosti s cyklistikou a mohou se n\u00e1sledn\u011b zapojit do klubov\u00e9 struktury a ml\u00e1de\u017enick\u00fdch kategori\u00ed.<\/p>\n\n\n\n<p>Sekce\u00a0<strong>Cyklistika pro v\u0161echny<\/strong>\u00a0proto p\u0159irozen\u011b navazuje na n\u00e1borov\u00e9 aktivity svazu (jako nap\u0159. <a href=\"https:\/\/www.jizdazacina.cz\">J\u00edzda za\u010d\u00edn\u00e1<\/a>) a pom\u00e1h\u00e1 vytv\u00e1\u0159et prost\u0159ed\u00ed, ve kter\u00e9m m\u016f\u017ee cyklistika dlouhodob\u011b r\u016fst \u2013 od prvn\u00edch sportovn\u00edch zku\u0161enost\u00ed a\u017e po v\u00fdkonnostn\u00ed a vrcholovou \u00farove\u0148.<\/p>\n\n\n\n<h2 class=\"wp-block-heading\">Cyklistika jako spole\u010dn\u00fd prostor<\/h2>\n\n\n\n<p>C\u00edlem t\u00e9to iniciativy je p\u0159edev\u0161\u00edm posilovat cyklistiku jako otev\u0159en\u00fd a dostupn\u00fd sport pro v\u0161echny generace. Spojen\u00edm hobby z\u00e1vod\u016f, ve\u0159ejn\u00fdch akc\u00ed, festival\u016f i n\u00e1borov\u00fdch projekt\u016f vznik\u00e1 platforma, kter\u00e1 propojuje \u0161irokou cyklistickou komunitu s \u010dinnost\u00ed svazu a podporuje dal\u0161\u00ed rozvoj cyklistiky v \u010cesk\u00e9 republice.<\/p>\n","protected":false},"excerpt":{"rendered":"<p>Cyklistika pat\u0159\u00ed mezi nejroz\u0161\u00ed\u0159en\u011bj\u0161\u00ed sportovn\u00ed a volno\u010dasov\u00e9 aktivity v \u010cesk\u00e9 republice. Vedle vrcholov\u00e9ho a v\u00fdkonnostn\u00edho sportu p\u0159edstavuje tak\u00e9 p\u0159irozenou sou\u010d\u00e1st ka\u017edodenn\u00edho \u017eivota tis\u00edc\u016f lid\u00ed \u2013 od hobby jezdc\u016f p\u0159es rodiny s d\u011btmi a\u017e po \u00fa\u010dastn\u00edky amat\u00e9rsk\u00fdch z\u00e1vod\u016f a komunitn\u00edch akc\u00ed. \u010cesk\u00fd svaz cyklistiky&nbsp;proto vn\u00edm\u00e1 svou roli nejen jako organiz\u00e1tora a garanta v\u00fdkonnostn\u00ed cyklistiky, ale tak\u00e9 [&hellip;]<\/p>\n","protected":false},"author":14,"featured_media":14342,"parent":0,"menu_order":0,"comment_status":"closed","ping_status":"closed","template":"disciplina-page.php","meta":{"footnotes":""},"class_list":["post-14345","page","type-page","status-publish","has-post-thumbnail","hentry"],"_links":{"self":[{"href":"https:\/\/www.czechcyclingfederation.com\/en\/wp-json\/wp\/v2\/pages\/14345","targetHints":{"allow":["GET"]}}],"collection":[{"href":"https:\/\/www.czechcyclingfederation.com\/en\/wp-json\/wp\/v2\/pages"}],"about":[{"href":"https:\/\/www.czechcyclingfederation.com\/en\/wp-json\/wp\/v2\/types\/page"}],"author":[{"embeddable":true,"href":"https:\/\/www.czechcyclingfederation.com\/en\/wp-json\/wp\/v2\/users\/14"}],"replies":[{"embeddable":true,"href":"https:\/\/www.czechcyclingfederation.com\/en\/wp-json\/wp\/v2\/comments?post=14345"}],"version-history":[{"count":8,"href":"https:\/\/www.czechcyclingfederation.com\/en\/wp-json\/wp\/v2\/pages\/14345\/revisions"}],"predecessor-version":[{"id":40100,"href":"https:\/\/www.czechcyclingfederation.com\/en\/wp-json\/wp\/v2\/pages\/14345\/revisions\/40100"}],"wp:featuredmedia":[{"embeddable":true,"href":"https:\/\/www.czechcyclingfederation.com\/en\/wp-json\/wp\/v2\/media\/14342"}],"wp:attachment":[{"href":"https:\/\/www.czechcyclingfederation.com\/en\/wp-json\/wp\/v2\/media?parent=14345"}],"curies":[{"name":"wp","href":"https:\/\/api.w.org\/{rel}","templated":true}]}}