{"id":1084,"date":"2020-06-30T04:42:23","date_gmt":"2020-06-30T02:42:23","guid":{"rendered":"http:\/\/www.czechcyclingfederation.com\/?page_id=1084"},"modified":"2026-03-30T12:41:57","modified_gmt":"2026-03-30T10:41:57","slug":"kolova","status":"publish","type":"page","link":"https:\/\/www.czechcyclingfederation.com\/en\/salovka-reprezentace\/kolova\/","title":{"rendered":"Kolov\u00e1"},"content":{"rendered":"\n<h2 class=\"wp-block-heading\">Reprezenta\u010dn\u00ed t\u00fdm 2026<\/h2>\n\n\n\n<figure class=\"wp-block-table\"><table><thead><tr><th><strong>P\u0158\u00cdJMEN\u00cd<\/strong><\/th><th><strong>JM\u00c9NO<\/strong><\/th><\/tr><\/thead><tbody><tr><td>Baxa<\/td><td>Richard<\/td><\/tr><tr><td>Baxa<\/td><td>Vojt\u011bch<\/td><\/tr><tr><td>Baxa<\/td><td>J\u00e1chym<\/td><\/tr><tr><td>Musil<\/td><td>Michal<\/td><\/tr><tr><td>Petr<\/td><td>David<\/td><\/tr><tr><td>Hor\u00e1k<\/td><td>Tom\u00e1\u0161<\/td><\/tr><tr><td>Adam<\/td><td>Radek<\/td><\/tr><tr><td>Hrdli\u010dka ml.<\/td><td>Ji\u0159\u00ed<\/td><\/tr><tr><td>\u0160abata<\/td><td>Dominik<\/td><\/tr><tr><td>P\u00edsek<\/td><td>Ludv\u00edk<\/td><\/tr><tr><td>Stan\u011bk<\/td><td>Roman<\/td><\/tr><tr><td>Zvol\u00e1nek<\/td><td>Robert<\/td><\/tr><tr><td>Havl\u00ed\u010dek<\/td><td>Jan<\/td><\/tr><tr><td>Hrdli\u010dka<\/td><td>Ji\u0159\u00ed<\/td><\/tr><tr><td>Kripnerov\u00e1<\/td><td>Veronika<\/td><\/tr><tr><td>Adamov\u00e1<\/td><td>Blanka<\/td><\/tr><\/tbody><\/table><\/figure>\n\n\n\n<h2 class=\"wp-block-heading\">Realiza\u010dn\u00ed t\u00fdm<\/h2>\n\n\n\n<figure class=\"wp-block-table\"><table><thead><tr><th><strong>P\u0158\u00cdJMEN\u00cd<\/strong><\/th><th><strong>JM\u00c9NO<\/strong><\/th><th><strong>FUNKCE<\/strong><\/th><th><strong>KONTAKT<\/strong><\/th><\/tr><\/thead><tbody><tr><td>Petrovsk\u00fd<\/td><td>Pavel<\/td><td>mana\u017eer\/tren\u00e9r<\/td><td><a href=\"mailto:ppetrovsky@seznam.cz\">ppetrovsky@seznam.cz<\/a><\/td><\/tr><tr><td>Urbanec<\/td><td>Miloslav<\/td><td>mana\u017eer\/tren\u00e9r<\/td><td>&nbsp;<\/td><\/tr><tr><td>Bart\u016fn\u011bk<\/td><td>Petr<\/td><td>tren\u00e9r KR\/Elite<\/td><td>&nbsp;<\/td><\/tr><tr><td>Chovan\u010d\u00edk<\/td><td>Milan<\/td><td>tren\u00e9r KO\/Jun<\/td><td>&nbsp;<\/td><\/tr><tr><td>\u0158asa<\/td><td>Jan<\/td><td>tren\u00e9r KR\/asistent<\/td><td>&nbsp;<\/td><\/tr><tr><td>Berger<\/td><td>Miroslav<\/td><td>tren\u00e9r KO\/asistent<\/td><td>&nbsp;<\/td><\/tr><tr><td>Mejsnarov\u00e1<\/td><td>Dana<\/td><td>mas\u00e9r<\/td><td>&nbsp;<\/td><\/tr><tr><td>B\u0159\u00ednkov\u00e1<\/td><td>V\u011bra<\/td><td>tren\u00e9r KR\/asistent<\/td><td>&nbsp;<\/td><\/tr><tr><td>Struha\u0159<\/td><td>Martin<\/td><td>rozhod\u010d\u00ed<\/td><td><\/td><\/tr><tr><td>\u0160m\u00edd<\/td><td>Pavel<\/td><td>tren\u00e9r KO\/Jun<\/td><td><\/td><\/tr><tr><td>Kripner<\/td><td>Jan<\/td><td>mechanik<\/td><td><\/td><\/tr><\/tbody><\/table><\/figure>\n\n\n\n<h2 class=\"wp-block-heading\">Nomina\u010dn\u00ed krit\u00e9ria<\/h2>\n\n\n<div class=\"wp-block-file\">\r\n                <a target=\"_blank\" rel=\"noopener\" href=\"https:\/\/www.czechcyclingfederation.com\/wp-content\/uploads\/2026\/01\/2026_01_01-STK_kolova-Nominacni-kriteria-a-postupove-klice-2026.pdf\" class=\"wp-block-file__button wp-element-button\">\r\n                    <span class=\"wp-block-file__icon\"><\/span>\r\n                    Nomina\u010dn\u00ed krit\u00e9ria a postupov\u00e9 kl\u00ed\u010de 2026\r\n                <\/a>\r\n            <\/div>\n\n\n<p><\/p>\n","protected":false},"excerpt":{"rendered":"<p>Reprezenta\u010dn\u00ed t\u00fdm 2026 P\u0158\u00cdJMEN\u00cd JM\u00c9NO Baxa Richard Baxa Vojt\u011bch Baxa J\u00e1chym Musil Michal Petr David Hor\u00e1k Tom\u00e1\u0161 Adam Radek Hrdli\u010dka ml. Ji\u0159\u00ed \u0160abata Dominik P\u00edsek Ludv\u00edk Stan\u011bk Roman Zvol\u00e1nek Robert Havl\u00ed\u010dek Jan Hrdli\u010dka Ji\u0159\u00ed Kripnerov\u00e1 Veronika Adamov\u00e1 Blanka Realiza\u010dn\u00ed t\u00fdm P\u0158\u00cdJMEN\u00cd JM\u00c9NO FUNKCE KONTAKT Petrovsk\u00fd Pavel mana\u017eer\/tren\u00e9r ppetrovsky@seznam.cz Urbanec Miloslav mana\u017eer\/tren\u00e9r &nbsp; Bart\u016fn\u011bk Petr tren\u00e9r [&hellip;]<\/p>\n","protected":false},"author":1,"featured_media":34440,"parent":957,"menu_order":0,"comment_status":"closed","ping_status":"closed","template":"repre-page.php","meta":{"footnotes":""},"class_list":["post-1084","page","type-page","status-publish","has-post-thumbnail","hentry"],"_links":{"self":[{"href":"https:\/\/www.czechcyclingfederation.com\/en\/wp-json\/wp\/v2\/pages\/1084","targetHints":{"allow":["GET"]}}],"collection":[{"href":"https:\/\/www.czechcyclingfederation.com\/en\/wp-json\/wp\/v2\/pages"}],"about":[{"href":"https:\/\/www.czechcyclingfederation.com\/en\/wp-json\/wp\/v2\/types\/page"}],"author":[{"embeddable":true,"href":"https:\/\/www.czechcyclingfederation.com\/en\/wp-json\/wp\/v2\/users\/1"}],"replies":[{"embeddable":true,"href":"https:\/\/www.czechcyclingfederation.com\/en\/wp-json\/wp\/v2\/comments?post=1084"}],"version-history":[{"count":21,"href":"https:\/\/www.czechcyclingfederation.com\/en\/wp-json\/wp\/v2\/pages\/1084\/revisions"}],"predecessor-version":[{"id":40471,"href":"https:\/\/www.czechcyclingfederation.com\/en\/wp-json\/wp\/v2\/pages\/1084\/revisions\/40471"}],"up":[{"embeddable":true,"href":"https:\/\/www.czechcyclingfederation.com\/en\/wp-json\/wp\/v2\/pages\/957"}],"wp:featuredmedia":[{"embeddable":true,"href":"https:\/\/www.czechcyclingfederation.com\/en\/wp-json\/wp\/v2\/media\/34440"}],"wp:attachment":[{"href":"https:\/\/www.czechcyclingfederation.com\/en\/wp-json\/wp\/v2\/media?parent=1084"}],"curies":[{"name":"wp","href":"https:\/\/api.w.org\/{rel}","templated":true}]}}