{"id":1063,"date":"2020-06-30T04:20:07","date_gmt":"2020-06-30T02:20:07","guid":{"rendered":"http:\/\/www.czechcyclingfederation.com\/?page_id=1063"},"modified":"2026-02-19T12:51:55","modified_gmt":"2026-02-19T11:51:55","slug":"freestyle","status":"publish","type":"page","link":"https:\/\/www.czechcyclingfederation.com\/en\/bmx-reprezentace\/freestyle\/","title":{"rendered":"Freestyle"},"content":{"rendered":"\n<h2 class=\"wp-block-heading\">Reprezenta\u010dn\u00ed t\u00fdm 2025<\/h2>\n\n\n\n<figure class=\"wp-block-table\"><table><thead><tr><th><strong>P\u0158\u00cdJMEN\u00cd<\/strong><\/th><th><strong>JM\u00c9NO<\/strong><\/th><th><strong>KATEGORIE<\/strong><\/th><\/tr><\/thead><tbody><tr><td>Habada<\/td><td>Martin<\/td><td>Elite mu\u017ei<\/td><\/tr><tr><td>Beran<\/td><td>Tom\u00e1\u0161<\/td><td>Elite mu\u017ei<\/td><\/tr><tr><td>Bro\u017ea<\/td><td>Jan<\/td><td>Elite mu\u017ei<\/td><\/tr><tr><td>\u0158eho\u0159\u00edk<\/td><td>Mikul\u00e1\u0161<\/td><td>Elite mu\u017ei<\/td><\/tr><tr><td>Miculy\u010dov\u00e1<\/td><td>Iveta<\/td><td>Elite \u017eeny<\/td><\/tr><tr><td>Dra\u017eil<\/td><td>Martin<\/td><td>Elite mu\u017ei<\/td><\/tr><\/tbody><\/table><\/figure>\n\n\n\n<h2 class=\"wp-block-heading\">Realiza\u010dn\u00ed t\u00fdm<\/h2>\n\n\n\n<figure class=\"wp-block-table\"><table><tbody><tr><td>Figar<\/td><td>Erik<\/td><td>\u0161\u00e9ftren\u00e9r, p\u0159edseda asociace Freestyle<\/td><td><a href=\"mailto:erik.figar@gmail.com\">erik.figar@gmail.com<\/a><\/td><\/tr><tr><td>Tamme<\/td><td>Luk\u00e1\u0161<\/td><td>tren\u00e9r, p\u0159edseda komise BMX<\/td><td><\/td><\/tr><tr><td>Fr\u00fddek<\/td><td>Tom\u00e1\u0161<\/td><td>asistent reprezentace BMX Freestyle<\/td><td><\/td><\/tr><\/tbody><\/table><\/figure>\n\n\n\n<h2 class=\"wp-block-heading\">Nomina\u010dn\u00ed krit\u00e9ria<\/h2>\n\n\n<div class=\"wp-block-file\">\r\n                <a target=\"_blank\" rel=\"noopener\" href=\"https:\/\/www.czechcyclingfederation.com\/wp-content\/uploads\/2026\/02\/FBMX-Nominacni-kriteria-2026.pdf\" class=\"wp-block-file__button wp-element-button\">\r\n                    <span class=\"wp-block-file__icon\"><\/span>\r\n                    Nomina\u010dn\u00ed krit\u00e9ria BMX Freestyle 2026\r\n                <\/a>\r\n            <\/div>\n\n\n<p><\/p>\n","protected":false},"excerpt":{"rendered":"<p>Reprezenta\u010dn\u00ed t\u00fdm 2025 P\u0158\u00cdJMEN\u00cd JM\u00c9NO KATEGORIE Habada Martin Elite mu\u017ei Beran Tom\u00e1\u0161 Elite mu\u017ei Bro\u017ea Jan Elite mu\u017ei \u0158eho\u0159\u00edk Mikul\u00e1\u0161 Elite mu\u017ei Miculy\u010dov\u00e1 Iveta Elite \u017eeny Dra\u017eil Martin Elite mu\u017ei Realiza\u010dn\u00ed t\u00fdm Figar Erik \u0161\u00e9ftren\u00e9r, p\u0159edseda asociace Freestyle erik.figar@gmail.com Tamme Luk\u00e1\u0161 tren\u00e9r, p\u0159edseda komise BMX Fr\u00fddek Tom\u00e1\u0161 asistent reprezentace BMX Freestyle Nomina\u010dn\u00ed krit\u00e9ria<\/p>\n","protected":false},"author":1,"featured_media":34427,"parent":932,"menu_order":0,"comment_status":"closed","ping_status":"closed","template":"repre-page.php","meta":{"footnotes":""},"class_list":["post-1063","page","type-page","status-publish","has-post-thumbnail","hentry"],"_links":{"self":[{"href":"https:\/\/www.czechcyclingfederation.com\/en\/wp-json\/wp\/v2\/pages\/1063","targetHints":{"allow":["GET"]}}],"collection":[{"href":"https:\/\/www.czechcyclingfederation.com\/en\/wp-json\/wp\/v2\/pages"}],"about":[{"href":"https:\/\/www.czechcyclingfederation.com\/en\/wp-json\/wp\/v2\/types\/page"}],"author":[{"embeddable":true,"href":"https:\/\/www.czechcyclingfederation.com\/en\/wp-json\/wp\/v2\/users\/1"}],"replies":[{"embeddable":true,"href":"https:\/\/www.czechcyclingfederation.com\/en\/wp-json\/wp\/v2\/comments?post=1063"}],"version-history":[{"count":28,"href":"https:\/\/www.czechcyclingfederation.com\/en\/wp-json\/wp\/v2\/pages\/1063\/revisions"}],"predecessor-version":[{"id":39888,"href":"https:\/\/www.czechcyclingfederation.com\/en\/wp-json\/wp\/v2\/pages\/1063\/revisions\/39888"}],"up":[{"embeddable":true,"href":"https:\/\/www.czechcyclingfederation.com\/en\/wp-json\/wp\/v2\/pages\/932"}],"wp:featuredmedia":[{"embeddable":true,"href":"https:\/\/www.czechcyclingfederation.com\/en\/wp-json\/wp\/v2\/media\/34427"}],"wp:attachment":[{"href":"https:\/\/www.czechcyclingfederation.com\/en\/wp-json\/wp\/v2\/media?parent=1063"}],"curies":[{"name":"wp","href":"https:\/\/api.w.org\/{rel}","templated":true}]}}