{"id":1061,"date":"2020-06-30T04:18:08","date_gmt":"2020-06-30T02:18:08","guid":{"rendered":"http:\/\/www.czechcyclingfederation.com\/?page_id=1061"},"modified":"2026-05-05T07:48:47","modified_gmt":"2026-05-05T05:48:47","slug":"racing","status":"publish","type":"page","link":"https:\/\/www.czechcyclingfederation.com\/en\/bmx-reprezentace\/racing\/","title":{"rendered":"Racing"},"content":{"rendered":"\n<h2 class=\"wp-block-heading\">Reprezenta\u010dn\u00ed t\u00fdm 2026<\/h2>\n\n\n\n<figure class=\"wp-block-table\"><table><thead><tr><th><strong>P\u0158\u00cdJMEN\u00cd<\/strong><\/th><th>JM\u00c9NO<\/th><\/tr><\/thead><tbody><tr><td>Bartu\u0148kov\u00e1<\/td><td>Eli\u0161ka<\/td><\/tr><tr><td>Ko\u0161\u00e1rkov\u00e1<\/td><td>Sabina<\/td><\/tr><tr><td>Klement<\/td><td>Jakub<\/td><\/tr><tr><td>Cidlinsk\u00fd<\/td><td>Jakub<\/td><\/tr><tr><td>Neu\u017eil<\/td><td>Marek<\/td><\/tr><tr><td>Veseck\u00fd<\/td><td>Jakub<\/td><\/tr><tr><td>Lapkov\u00e1<\/td><td>Elen<\/td><\/tr><tr><td>Novotn\u00fd<\/td><td>V\u00edt<\/td><\/tr><tr><td>Miltner<\/td><td>Oliver<\/td><\/tr><tr><td>Gruntor\u00e1d<\/td><td>V\u00edt<\/td><\/tr><tr><td>Chudoba<\/td><td>Viktor Old\u0159ich<\/td><\/tr><tr><td>Hanus <\/td><td>Jan<\/td><\/tr><\/tbody><\/table><\/figure>\n\n\n\n<h2 class=\"wp-block-heading\">Realiza\u010dn\u00ed t\u00fdm<\/h2>\n\n\n\n<figure class=\"wp-block-table\"><table><thead><tr><th><strong>P\u0158\u00cdJMEN\u00cd<\/strong><\/th><th><strong>JM\u00c9NO<\/strong><\/th><th><strong>FUNKCE<\/strong><\/th><th><strong>KONTAKT<\/strong><\/th><\/tr><\/thead><tbody><tr><td>Tamme<\/td><td>Luk\u00e1\u0161<\/td><td>\u0161\u00e9ftren\u00e9r, p\u0159edseda komise BMX<\/td><td><a href=\"mailto:tamme@bikrosclubrepy.cz\">tamme@bikrosclubrepy.cz<\/a><\/td><\/tr><tr><td>Veseck\u00e1<\/td><td>Andrea<\/td><td>mana\u017eerka<\/td><td><\/td><\/tr><tr><td>Chalupn\u00fd<\/td><td>Mat\u011bj<\/td><td>asistent reprezentace BMX Racing<\/td><td>&nbsp;<\/td><\/tr><tr><td>Holubov\u00e1<\/td><td>Hana<\/td><td>administrativa BMX Racing<\/td><td>&nbsp;<\/td><\/tr><\/tbody><\/table><\/figure>\n\n\n\n<h2 class=\"wp-block-heading\">Nomina\u010dn\u00ed krit\u00e9ria<\/h2>\n\n\n<div class=\"wp-block-file\">\r\n                <a target=\"_blank\" rel=\"noopener\" href=\"https:\/\/www.czechcyclingfederation.com\/wp-content\/uploads\/2026\/05\/Nominacni-kriteria-MS-a-ME-BMX-racing-2026.pdf\" class=\"wp-block-file__button wp-element-button\">\r\n                    <span class=\"wp-block-file__icon\"><\/span>\r\n                    Nomina\u010dn\u00ed kriteria MS a ME BMX Racing 2026\r\n                <\/a>\r\n            <\/div>\n\n<div class=\"wp-block-file\">\r\n                <a target=\"_blank\" rel=\"noopener\" href=\"https:\/\/www.czechcyclingfederation.com\/wp-content\/uploads\/2026\/05\/Nominacni-kriteria-MS-a-ME-BMX-racing-2026-dodatek.pdf\" class=\"wp-block-file__button wp-element-button\">\r\n                    <span class=\"wp-block-file__icon\"><\/span>\r\n                    Nomina\u010dn\u00ed kriteria MS a ME BMX Racing 2026 &#8211; dodatek\r\n                <\/a>\r\n            <\/div>","protected":false},"excerpt":{"rendered":"<p>Reprezenta\u010dn\u00ed t\u00fdm 2026 P\u0158\u00cdJMEN\u00cd JM\u00c9NO Bartu\u0148kov\u00e1 Eli\u0161ka Ko\u0161\u00e1rkov\u00e1 Sabina Klement Jakub Cidlinsk\u00fd Jakub Neu\u017eil Marek Veseck\u00fd Jakub Lapkov\u00e1 Elen Novotn\u00fd V\u00edt Miltner Oliver Gruntor\u00e1d V\u00edt Chudoba Viktor Old\u0159ich Hanus Jan Realiza\u010dn\u00ed t\u00fdm P\u0158\u00cdJMEN\u00cd JM\u00c9NO FUNKCE KONTAKT Tamme Luk\u00e1\u0161 \u0161\u00e9ftren\u00e9r, p\u0159edseda komise BMX tamme@bikrosclubrepy.cz Veseck\u00e1 Andrea mana\u017eerka Chalupn\u00fd Mat\u011bj asistent reprezentace BMX Racing &nbsp; Holubov\u00e1 Hana [&hellip;]<\/p>\n","protected":false},"author":1,"featured_media":34423,"parent":932,"menu_order":0,"comment_status":"closed","ping_status":"closed","template":"repre-page.php","meta":{"footnotes":""},"class_list":["post-1061","page","type-page","status-publish","has-post-thumbnail","hentry"],"_links":{"self":[{"href":"https:\/\/www.czechcyclingfederation.com\/en\/wp-json\/wp\/v2\/pages\/1061","targetHints":{"allow":["GET"]}}],"collection":[{"href":"https:\/\/www.czechcyclingfederation.com\/en\/wp-json\/wp\/v2\/pages"}],"about":[{"href":"https:\/\/www.czechcyclingfederation.com\/en\/wp-json\/wp\/v2\/types\/page"}],"author":[{"embeddable":true,"href":"https:\/\/www.czechcyclingfederation.com\/en\/wp-json\/wp\/v2\/users\/1"}],"replies":[{"embeddable":true,"href":"https:\/\/www.czechcyclingfederation.com\/en\/wp-json\/wp\/v2\/comments?post=1061"}],"version-history":[{"count":29,"href":"https:\/\/www.czechcyclingfederation.com\/en\/wp-json\/wp\/v2\/pages\/1061\/revisions"}],"predecessor-version":[{"id":41048,"href":"https:\/\/www.czechcyclingfederation.com\/en\/wp-json\/wp\/v2\/pages\/1061\/revisions\/41048"}],"up":[{"embeddable":true,"href":"https:\/\/www.czechcyclingfederation.com\/en\/wp-json\/wp\/v2\/pages\/932"}],"wp:featuredmedia":[{"embeddable":true,"href":"https:\/\/www.czechcyclingfederation.com\/en\/wp-json\/wp\/v2\/media\/34423"}],"wp:attachment":[{"href":"https:\/\/www.czechcyclingfederation.com\/en\/wp-json\/wp\/v2\/media?parent=1061"}],"curies":[{"name":"wp","href":"https:\/\/api.w.org\/{rel}","templated":true}]}}